{"id":4607,"date":"2025-02-05T10:32:40","date_gmt":"2025-02-05T09:32:40","guid":{"rendered":"https:\/\/latelier-mouche.fr\/?post_type=product&#038;p=4607"},"modified":"2025-02-05T10:40:00","modified_gmt":"2025-02-05T09:40:00","slug":"first","status":"publish","type":"product","link":"https:\/\/latelier-mouche.fr\/?product=first","title":{"rendered":"Ensembles First"},"content":{"rendered":"<div class=\"row bg-gris_light mb-5\">\n<div id=\"variations\" class=\"row my-6\">\n<table>\n<thead>\n<tr>\n<th>Libell\u00e9<\/th>\n<th>R\u00e9f\u00e9rence<\/th>\n<th>Tarif<\/th>\n<th>Poign\u00e9e<\/th>\n<\/tr>\n<\/thead>\n<tbody>\n<tr>\n<td>First 8&prime; #4\/5 &#8211; 4 Brins<\/td>\n<td>JMGCN8100080-4S5<\/td>\n<td>139\u00a0\u20ac<\/td>\n<td>Cigare<\/td>\n<\/tr>\n<tr>\n<td>FIrst 9&prime; #4\/5 &#8211; 4 Brins<\/td>\n<td>JMGCN8100090-4S5<\/td>\n<td>139\u00a0\u20ac<\/td>\n<td>Cigare<\/td>\n<\/tr>\n<\/tbody>\n<\/table>\n<\/div>\n<div class=\"row bg-gris_light mb-5\"><\/div>\n<\/div>\n<div class=\"row bg-gris_light mb-5\"><\/div>\n","protected":false},"excerpt":{"rendered":"<div id=\"text_content\" class=\"content my-3\">\n<p>Les kits JMC Fly fishing First ont \u00e9t\u00e9s con\u00e7u pour vous faciliter la d\u00e9couverte de la p\u00eache \u00e0 la mouche. L\u2019action douce de ces cannes les rend faciles \u00e0 comprendre et \u00e0 ressentir pour vos premiers lancers. Ces blanks prennent facilement la charge de soie afin que vous sentiez la canne fonctionner pour comprendre intuitivement la m\u00e9canique de lancer et vous adapter naturellement ces mouvements nouveaux pour le d\u00e9butant. La soie parfaitement adapt\u00e9e, livr\u00e9e sur le moulinet avec backing et bas de ligne compl\u00e8te parfaitement la canne. Vous n\u2019avez qu\u2019\u00e0 trouver quelques mouches et vous rendre au bord de l\u2019eau.<\/p>\n<p>&nbsp;<\/p>\n<\/div>\n<div id=\"text_presentation\" class=\"content my-3\">\n<p>Id\u00e9al pourd\u00e9buter et progresser<\/p>\n<ul>\n<li>Action douce<\/li>\n<li>4 brins<\/li>\n<li>Poign\u00e9e li\u00e8ge pleine fleur<\/li>\n<li>Blank bleu<\/li>\n<li>Porte-moulinet aluminium usin\u00e9 et carbone tress\u00e9<\/li>\n<li>Anneau de d\u00e9part Sic puis monopattes<\/li>\n<li>Accroche mouche<\/li>\n<li>Etui canne+moulinet compartiment\u00e9<\/li>\n<li>Moulinet large arbor First \u00e9quip\u00e9 de backing et d\u2019une soie WF flottante adapt\u00e9e et d\u2019un bas de ligne<\/li>\n<\/ul>\n<\/div>\n","protected":false},"featured_media":4618,"comment_status":"closed","ping_status":"closed","template":"","meta":{"_monsterinsights_skip_tracking":false,"_monsterinsights_sitenote_active":false,"_monsterinsights_sitenote_note":"","_monsterinsights_sitenote_category":0,"site-sidebar-layout":"default","site-content-layout":"content-boxed-container","ast-global-header-display":"","ast-banner-title-visibility":"","ast-main-header-display":"","ast-hfb-above-header-display":"","ast-hfb-below-header-display":"","ast-hfb-mobile-header-display":"","site-post-title":"","ast-breadcrumbs-content":"","ast-featured-img":"","footer-sml-layout":"","theme-transparent-header-meta":"default","adv-header-id-meta":"","stick-header-meta":"","header-above-stick-meta":"","header-main-stick-meta":"","header-below-stick-meta":""},"product_cat":[60],"product_tag":[],"aioseo_notices":[],"_links":{"self":[{"href":"https:\/\/latelier-mouche.fr\/index.php?rest_route=\/wp\/v2\/product\/4607"}],"collection":[{"href":"https:\/\/latelier-mouche.fr\/index.php?rest_route=\/wp\/v2\/product"}],"about":[{"href":"https:\/\/latelier-mouche.fr\/index.php?rest_route=\/wp\/v2\/types\/product"}],"replies":[{"embeddable":true,"href":"https:\/\/latelier-mouche.fr\/index.php?rest_route=%2Fwp%2Fv2%2Fcomments&post=4607"}],"version-history":[{"count":3,"href":"https:\/\/latelier-mouche.fr\/index.php?rest_route=\/wp\/v2\/product\/4607\/revisions"}],"predecessor-version":[{"id":4621,"href":"https:\/\/latelier-mouche.fr\/index.php?rest_route=\/wp\/v2\/product\/4607\/revisions\/4621"}],"wp:featuredmedia":[{"embeddable":true,"href":"https:\/\/latelier-mouche.fr\/index.php?rest_route=\/wp\/v2\/media\/4618"}],"wp:attachment":[{"href":"https:\/\/latelier-mouche.fr\/index.php?rest_route=%2Fwp%2Fv2%2Fmedia&parent=4607"}],"wp:term":[{"taxonomy":"product_cat","embeddable":true,"href":"https:\/\/latelier-mouche.fr\/index.php?rest_route=%2Fwp%2Fv2%2Fproduct_cat&post=4607"},{"taxonomy":"product_tag","embeddable":true,"href":"https:\/\/latelier-mouche.fr\/index.php?rest_route=%2Fwp%2Fv2%2Fproduct_tag&post=4607"}],"curies":[{"name":"wp","href":"https:\/\/api.w.org\/{rel}","templated":true}]}}