{"id":4577,"date":"2025-02-04T16:43:38","date_gmt":"2025-02-04T15:43:38","guid":{"rendered":"https:\/\/latelier-mouche.fr\/?post_type=product&#038;p=4577"},"modified":"2025-02-04T17:37:46","modified_gmt":"2025-02-04T16:37:46","slug":"soon","status":"publish","type":"product","link":"https:\/\/latelier-mouche.fr\/?product=soon","title":{"rendered":"Soon"},"content":{"rendered":"<table>\n<tbody>\n<tr>\n<td>SOON 24 Brass<\/td>\n<td>JMGRN7090-24<\/td>\n<td>109.00\u00a0\u20ac<\/td>\n<td>Brass<\/td>\n<td>24<\/td>\n<td>WF3 + 50m de 20lbs<\/td>\n<td>Aluminium<\/td>\n<\/tr>\n<tr>\n<td>SOON 35 Brass<\/td>\n<td>JMGRL7100-35<\/td>\n<td>119\u00a0\u20ac<\/td>\n<td>Brass<\/td>\n<td>35<\/td>\n<td>WF5 + 100m de 20 lbs<\/td>\n<td>Aluminium<\/td>\n<\/tr>\n<tr>\n<td>SOON 35 Lagoon<\/td>\n<td>JMGRL7105-35<\/td>\n<td>119\u00a0\u20ac<\/td>\n<td>Lagoon<\/td>\n<td>35<\/td>\n<td>WF5 + 100m de 20 lbs<\/td>\n<td>Aluminium<\/td>\n<\/tr>\n<tr>\n<td>SOON 68 Brass<\/td>\n<td>JMGRL7100-68<\/td>\n<td>129\u00a0\u20ac<\/td>\n<td>Brass<\/td>\n<td>68<\/td>\n<td>WF7 + 100m de 20 lbs<\/td>\n<td>Aluminium<\/td>\n<\/tr>\n<tr>\n<td>SOON 68 Lagoon<\/td>\n<td>JMGRL7105-68<\/td>\n<td>129\u00a0\u20ac<\/td>\n<td>Lagoon<\/td>\n<td>68<\/td>\n<td>WF7 + 100m de 20 lbs<\/td>\n<td>Aluminium<\/td>\n<\/tr>\n<tr>\n<td>SOON 810 Brass<\/td>\n<td>JMGRL7100-810<\/td>\n<td>139\u00a0\u20ac<\/td>\n<td>Brass<\/td>\n<td>810<\/td>\n<td>WF9 + 100m de 20 lbs<\/td>\n<td>Aluminium<\/td>\n<\/tr>\n<tr>\n<td>SOON 810 Lagoon<\/td>\n<td>JMGRL7105-810<\/td>\n<td>139\u00a0\u20ac<\/td>\n<td>Lagoon<\/td>\n<td>810<\/td>\n<td>WF9 + 100m de 20 lbs<\/td>\n<td>Aluminium<\/td>\n<\/tr>\n<tr>\n<td>Bobine JMC SOON 24 Brass<\/td>\n<td>JMGRN7096-24<\/td>\n<td>55.00\u00a0\u20ac<\/td>\n<td>Brass<\/td>\n<td>24<\/td>\n<td>WF3 + 50m de 20lbs<\/td>\n<td>Aluminium<\/td>\n<\/tr>\n<tr>\n<td>Bobine JMC SOON 35 Brass<\/td>\n<td>JMGRL7110-35<\/td>\n<td>59\u00a0\u20ac<\/td>\n<td>Brass<\/td>\n<td>35<\/td>\n<td>WF5 + 100m de 20 lbs<\/td>\n<td>Aluminium<\/td>\n<\/tr>\n<tr>\n<td>Bobine JMC SOON 35 Lagoon<\/td>\n<td>JMGRL7151-35<\/td>\n<td>59\u00a0\u20ac<\/td>\n<td>Lagoon<\/td>\n<td>35<\/td>\n<td>WF5 + 100m de 20 lbs<\/td>\n<td>Aluminium<\/td>\n<\/tr>\n<tr>\n<td>Bobine JMC SOON 65 Brass<\/td>\n<td>JMGRL7110-68<\/td>\n<td>64,50\u00a0\u20ac<\/td>\n<td>Brass<\/td>\n<td>68<\/td>\n<td>WF7 + 100m de 20 lbs<\/td>\n<td>Aluminium<\/td>\n<\/tr>\n<tr>\n<td>Bobine JMC SOON 68 Lagoon<\/td>\n<td>JMGRL7115-68<\/td>\n<td>64,50\u00a0\u20ac<\/td>\n<td>Lagoon<\/td>\n<td>68<\/td>\n<td>WF7 + 100m de 20 lbs<\/td>\n<td>Aluminium<\/td>\n<\/tr>\n<tr>\n<td>Bobine JMC SOON 810 Brass<\/td>\n<td>JMGRL7110-810<\/td>\n<td>69\u00a0\u20ac<\/td>\n<td>Brass<\/td>\n<td>810<\/td>\n<td>WF9 + 100m de 20 lbs<\/td>\n<td>Aluminium<\/td>\n<\/tr>\n<tr>\n<td>Bobine JMC SOON 810 Lagoon<\/td>\n<td>JMGRL7115-810<\/td>\n<td>69\u00a0\u20ac<\/td>\n<td>Lagoon<\/td>\n<td>810<\/td>\n<td>WF9 + 100m de 20 lbs<\/td>\n<td>Aluminium<\/td>\n<\/tr>\n<\/tbody>\n<\/table>\n<div class=\"row bg-gris_light mb-5\"><\/div>\n<div class=\"row bg-gris_light mb-5\"><\/div>\n","protected":false},"excerpt":{"rendered":"<div id=\"text_content\" class=\"content my-3\">\n<p>Issu d\u2019une construction hybride \u00e0 partir d\u2019aluminium moul\u00e9 sous haute pression d\u00e9coup\u00e9 sur commande num\u00e9rique, le nouveau moulinet JMC SOON pr\u00e9sente des caract\u00e9ristiques inattendues \u00e0 ce niveau de prix. Avec son design ultra a\u00e9r\u00e9 large arbor, son moyeu central surdimensionn\u00e9 et son syst\u00e8me de frein \u00e9tanche \u00e0 disques acier\/carbone \u00e0 r\u00e9glage microm\u00e9trique, le moulinet Soon marque par sa fiabilit\u00e9, quelles que soient les techniques utilis\u00e9es, les poissons cibl\u00e9s ou les conditons de p\u00eache retrouv\u00e9es.<\/p>\n<\/div>\n<div id=\"text_presentation\" class=\"content my-3\">\n<p>Aluminium inject\u00e9 haute pression gris anthracite<br \/>\n\u2022 Bouton et carter de frein en aluminium usin\u00e9 anodis\u00e9<br \/>\n\u2022 Frein \u00e9tanche microm\u00e9trique<br \/>\n\u2022 Bobine large arbor<br \/>\n\u2022 R\u00e9versible droitier gaucher<br \/>\n\u2022 Etui n\u00e9opr\u00e8ne<\/p>\n<\/div>\n","protected":false},"featured_media":4591,"comment_status":"closed","ping_status":"closed","template":"","meta":{"_monsterinsights_skip_tracking":false,"_monsterinsights_sitenote_active":false,"_monsterinsights_sitenote_note":"","_monsterinsights_sitenote_category":0,"site-sidebar-layout":"default","site-content-layout":"content-boxed-container","ast-global-header-display":"","ast-banner-title-visibility":"","ast-main-header-display":"","ast-hfb-above-header-display":"","ast-hfb-below-header-display":"","ast-hfb-mobile-header-display":"","site-post-title":"","ast-breadcrumbs-content":"","ast-featured-img":"","footer-sml-layout":"","theme-transparent-header-meta":"default","adv-header-id-meta":"","stick-header-meta":"","header-above-stick-meta":"","header-main-stick-meta":"","header-below-stick-meta":""},"product_cat":[62],"product_tag":[],"aioseo_notices":[],"_links":{"self":[{"href":"https:\/\/latelier-mouche.fr\/index.php?rest_route=\/wp\/v2\/product\/4577"}],"collection":[{"href":"https:\/\/latelier-mouche.fr\/index.php?rest_route=\/wp\/v2\/product"}],"about":[{"href":"https:\/\/latelier-mouche.fr\/index.php?rest_route=\/wp\/v2\/types\/product"}],"replies":[{"embeddable":true,"href":"https:\/\/latelier-mouche.fr\/index.php?rest_route=%2Fwp%2Fv2%2Fcomments&post=4577"}],"version-history":[{"count":2,"href":"https:\/\/latelier-mouche.fr\/index.php?rest_route=\/wp\/v2\/product\/4577\/revisions"}],"predecessor-version":[{"id":4600,"href":"https:\/\/latelier-mouche.fr\/index.php?rest_route=\/wp\/v2\/product\/4577\/revisions\/4600"}],"wp:featuredmedia":[{"embeddable":true,"href":"https:\/\/latelier-mouche.fr\/index.php?rest_route=\/wp\/v2\/media\/4591"}],"wp:attachment":[{"href":"https:\/\/latelier-mouche.fr\/index.php?rest_route=%2Fwp%2Fv2%2Fmedia&parent=4577"}],"wp:term":[{"taxonomy":"product_cat","embeddable":true,"href":"https:\/\/latelier-mouche.fr\/index.php?rest_route=%2Fwp%2Fv2%2Fproduct_cat&post=4577"},{"taxonomy":"product_tag","embeddable":true,"href":"https:\/\/latelier-mouche.fr\/index.php?rest_route=%2Fwp%2Fv2%2Fproduct_tag&post=4577"}],"curies":[{"name":"wp","href":"https:\/\/api.w.org\/{rel}","templated":true}]}}