{"id":4529,"date":"2025-02-03T16:29:57","date_gmt":"2025-02-03T15:29:57","guid":{"rendered":"https:\/\/latelier-mouche.fr\/?post_type=product&#038;p=4529"},"modified":"2025-02-03T16:33:11","modified_gmt":"2025-02-03T15:33:11","slug":"hydros-warmwater","status":"publish","type":"product","link":"https:\/\/latelier-mouche.fr\/?product=hydros-warmwater","title":{"rendered":"Hydros Warmwater"},"content":{"rendered":"<table>\n<tbody>\n<tr>\n<td>Soie ORVIS Hydros Warmwater WF-6<\/td>\n<td>OR2ZJ72106<\/td>\n<td>99\u00a0\u20ac<\/td>\n<td>Olive claire\/ Orange<\/td>\n<td>Flottante<\/td>\n<td>WF<\/td>\n<td>#6<\/td>\n<td>27<\/td>\n<td>PVC<\/td>\n<td>6<\/td>\n<\/tr>\n<tr>\n<td>Soie ORVIS Hydros Warmwater WF-7<\/td>\n<td>OR2ZJ72107<\/td>\n<td>99\u00a0\u20ac<\/td>\n<td>Olive claire\/ Orange<\/td>\n<td>Flottante<\/td>\n<td>WF<\/td>\n<td>#7<\/td>\n<td>27<\/td>\n<td>PVC<\/td>\n<td>7<\/td>\n<\/tr>\n<tr>\n<td>Soie ORVIS Hydros Warmwater WF-8<\/td>\n<td>OR2ZJ72108<\/td>\n<td>99\u00a0\u20ac<\/td>\n<td>Olive claire\/ Orange<\/td>\n<td>Flottante<\/td>\n<td>WF<\/td>\n<td>#8<\/td>\n<td>27<\/td>\n<td>PVC<\/td>\n<td>8<\/td>\n<\/tr>\n<tr>\n<td>Soie ORVIS Hydros Warmwater WF-9<\/td>\n<td>OR2ZJ72109<\/td>\n<td>99\u00a0\u20ac<\/td>\n<td>Olive claire\/ Orange<\/td>\n<td>Flottante<\/td>\n<td>WF<\/td>\n<td>#9<\/td>\n<td>27<\/td>\n<td>PVC<\/td>\n<td>9<\/td>\n<\/tr>\n<\/tbody>\n<\/table>\n","protected":false},"excerpt":{"rendered":"<div id=\"text_content\" class=\"content my-3\">\n<p>Les soies Hydros disposent d\u2019une enveloppe ultra-lisse doubl\u00e9e d\u2019un additif AST qui accroit les performances de glisse et de vitesse Les profils exclusifs Orvis Hydros associ\u00e9s \u00e0 l\u2019utilisation de mat\u00e9riaux de derni\u00e8re g\u00e9n\u00e9ration produisent des soies aux performances de glisse, flottabilit\u00e9 et durabilit\u00e9 in\u00e9dites. Fabriqu\u00e9es aux USA.<\/p>\n<\/div>\n<div id=\"text_presentation\" class=\"content my-3\">\n<p>Rev\u00eatement lisse avec additif AST<br \/>\n\u2022 Boucle thermosoud\u00e9e \u00e0 chaque extr\u00e9mit\u00e9<br \/>\n\u2022 Sans m\u00e9moire<br \/>\n\u2022 Indication du type de soie avec inscription ID sur la pointe<br \/>\n\u2022 Longueur totale : 27 m<br \/>\n\u2022 Fabriqu\u00e9 aux USA<\/p>\n<\/div>\n","protected":false},"featured_media":4543,"comment_status":"closed","ping_status":"closed","template":"","meta":{"_monsterinsights_skip_tracking":false,"_monsterinsights_sitenote_active":false,"_monsterinsights_sitenote_note":"","_monsterinsights_sitenote_category":0,"site-sidebar-layout":"default","site-content-layout":"content-boxed-container","ast-global-header-display":"","ast-banner-title-visibility":"","ast-main-header-display":"","ast-hfb-above-header-display":"","ast-hfb-below-header-display":"","ast-hfb-mobile-header-display":"","site-post-title":"","ast-breadcrumbs-content":"","ast-featured-img":"","footer-sml-layout":"","theme-transparent-header-meta":"default","adv-header-id-meta":"","stick-header-meta":"","header-above-stick-meta":"","header-main-stick-meta":"","header-below-stick-meta":""},"product_cat":[72],"product_tag":[],"aioseo_notices":[],"_links":{"self":[{"href":"https:\/\/latelier-mouche.fr\/index.php?rest_route=\/wp\/v2\/product\/4529"}],"collection":[{"href":"https:\/\/latelier-mouche.fr\/index.php?rest_route=\/wp\/v2\/product"}],"about":[{"href":"https:\/\/latelier-mouche.fr\/index.php?rest_route=\/wp\/v2\/types\/product"}],"replies":[{"embeddable":true,"href":"https:\/\/latelier-mouche.fr\/index.php?rest_route=%2Fwp%2Fv2%2Fcomments&post=4529"}],"version-history":[{"count":1,"href":"https:\/\/latelier-mouche.fr\/index.php?rest_route=\/wp\/v2\/product\/4529\/revisions"}],"predecessor-version":[{"id":4544,"href":"https:\/\/latelier-mouche.fr\/index.php?rest_route=\/wp\/v2\/product\/4529\/revisions\/4544"}],"wp:featuredmedia":[{"embeddable":true,"href":"https:\/\/latelier-mouche.fr\/index.php?rest_route=\/wp\/v2\/media\/4543"}],"wp:attachment":[{"href":"https:\/\/latelier-mouche.fr\/index.php?rest_route=%2Fwp%2Fv2%2Fmedia&parent=4529"}],"wp:term":[{"taxonomy":"product_cat","embeddable":true,"href":"https:\/\/latelier-mouche.fr\/index.php?rest_route=%2Fwp%2Fv2%2Fproduct_cat&post=4529"},{"taxonomy":"product_tag","embeddable":true,"href":"https:\/\/latelier-mouche.fr\/index.php?rest_route=%2Fwp%2Fv2%2Fproduct_tag&post=4529"}],"curies":[{"name":"wp","href":"https:\/\/api.w.org\/{rel}","templated":true}]}}