{"id":4480,"date":"2025-02-03T15:00:11","date_gmt":"2025-02-03T14:00:11","guid":{"rendered":"https:\/\/latelier-mouche.fr\/?post_type=product&#038;p=4480"},"modified":"2025-02-03T15:40:50","modified_gmt":"2025-02-03T14:40:50","slug":"clearwater-4","status":"publish","type":"product","link":"https:\/\/latelier-mouche.fr\/?product=clearwater-4","title":{"rendered":"Clearwater"},"content":{"rendered":"<table>\n<thead>\n<tr>\n<th>Libell\u00e9<\/th>\n<th>R\u00e9f\u00e9rence<\/th>\n<th>Tarif<\/th>\n<th>Coloris<\/th>\n<th>Densit\u00e9<br \/>\n(soies)<\/th>\n<th>Profil<br \/>\n(soies)<\/th>\n<th>N\u00b0 Soie<br \/>\n(AFTMA)<\/th>\n<th>Longueur<br \/>\n(en m)<\/th>\n<th>Mati\u00e8re<\/th>\n<th>Numero de taille<\/th>\n<\/tr>\n<\/thead>\n<tbody>\n<tr>\n<td>Soie ORVIS Clearwater WF-3<\/td>\n<td>OR2ZKE2103<\/td>\n<td>74.9\u00a0\u20ac<\/td>\n<td>Vert mousse<\/td>\n<td>Flottante<\/td>\n<td>WF<\/td>\n<td>#3<\/td>\n<td>27<\/td>\n<td>PVC<\/td>\n<td>3<\/td>\n<\/tr>\n<tr>\n<td>Soie ORVIS Clearwater WF-4<\/td>\n<td>OR2ZKE2104<\/td>\n<td>74.9\u00a0\u20ac<\/td>\n<td>Vert mousse<\/td>\n<td>Flottante<\/td>\n<td>WF<\/td>\n<td>#4<\/td>\n<td>27<\/td>\n<td>PVC<\/td>\n<td>4<\/td>\n<\/tr>\n<tr>\n<td>Soie ORVIS Clearwater WF-5<\/td>\n<td>OR2ZKE2105<\/td>\n<td>74.9\u00a0\u20ac<\/td>\n<td>Vert mousse<\/td>\n<td>Flottante<\/td>\n<td>WF<\/td>\n<td>#5<\/td>\n<td>27<\/td>\n<td>PVC<\/td>\n<td>5<\/td>\n<\/tr>\n<tr>\n<td>Soie ORVIS Clearwater WF-6<\/td>\n<td>OR2ZKE2106<\/td>\n<td>74.9\u00a0\u20ac<\/td>\n<td>Vert mousse<\/td>\n<td>Flottante<\/td>\n<td>WF<\/td>\n<td>#6<\/td>\n<td>27<\/td>\n<td>PVC<\/td>\n<td>6<\/td>\n<\/tr>\n<tr>\n<td>Soie ORVIS Clearwater WF-7<\/td>\n<td>OR2ZKE2107<\/td>\n<td>74.9\u00a0\u20ac<\/td>\n<td>Vert mousse<\/td>\n<td>Flottante<\/td>\n<td>WF<\/td>\n<td>#7<\/td>\n<td>27<\/td>\n<td>PVC<\/td>\n<td>7<\/td>\n<\/tr>\n<tr>\n<td>Soie ORVIS Clearwater WF-8<\/td>\n<td>OR2ZKE2108<\/td>\n<td>74.9\u00a0\u20ac<\/td>\n<td>Vert mousse<\/td>\n<td>Flottante<\/td>\n<td>WF<\/td>\n<td>#8<\/td>\n<td>27<\/td>\n<td>PVC<\/td>\n<td>8<\/td>\n<\/tr>\n<tr>\n<td>Soie ORVIS Clearwater WF-9<\/td>\n<td>OR2ZKE2109<\/td>\n<td>74.9\u00a0\u20ac<\/td>\n<td>Vert mousse<\/td>\n<td>Flottante<\/td>\n<td>WF<\/td>\n<td>#9<\/td>\n<td>27<\/td>\n<td>PVC<\/td>\n<td>9<\/td>\n<\/tr>\n<\/tbody>\n<\/table>\n<table>\n<tbody>\n<tr>\n<td>Soie ORVIS Clearwater Interm\u00e9diaire WF-7<\/td>\n<td>OR2ZKF6107<\/td>\n<td>74.9\u00a0\u20ac<\/td>\n<td>Translucide<\/td>\n<td>Interm\u00e9diaire<\/td>\n<td>WF<\/td>\n<td>#7<\/td>\n<td>27<\/td>\n<td>PVC<\/td>\n<td>7<\/td>\n<\/tr>\n<tr>\n<td>Soie ORVIS Clearwater Interm\u00e9diaire WF-8<\/td>\n<td>OR2ZKF6108<\/td>\n<td>74.9\u00a0\u20ac<\/td>\n<td>Translucide<\/td>\n<td>Interm\u00e9diaire<\/td>\n<td>WF<\/td>\n<td>#8<\/td>\n<td>27<\/td>\n<td>PVC<\/td>\n<td>8<\/td>\n<\/tr>\n<\/tbody>\n<\/table>\n<table>\n<tbody>\n<tr>\n<td>Soie ORVIS Clearwater Plongeante S3 WF-8<\/td>\n<td>OR2ZKG4008<\/td>\n<td>74.9\u00a0\u20ac<\/td>\n<td>Vert fonc\u00e9<\/td>\n<td>Plongeante S3<\/td>\n<td>WF<\/td>\n<td>#8<\/td>\n<td>27<\/td>\n<td>PVC<\/td>\n<td>8<\/td>\n<\/tr>\n<\/tbody>\n<\/table>\n<div class=\"row bg-gris_light mb-5\">\n<table>\n<tbody>\n<tr>\n<td>Soie ORVIS Clearwater Plongeante S6 WF-8<\/td>\n<td>OR2ZKH0908<\/td>\n<td>74.9\u00a0\u20ac<\/td>\n<td>Gris fonc\u00e9<\/td>\n<td>Plongeante S6<\/td>\n<td>WF<\/td>\n<td>#8<\/td>\n<td>27<\/td>\n<td>PVC<\/td>\n<td>8<\/td>\n<\/tr>\n<\/tbody>\n<\/table>\n<table>\n<tbody>\n<tr>\n<td>Soie ORVIS Clearwater Plongeante S6 WF-6<\/td>\n<td>OR2ZKH0906<\/td>\n<td>74.9\u00a0\u20ac<\/td>\n<td>Gris fonc\u00e9<\/td>\n<td>Plongeante S6<\/td>\n<td>WF<\/td>\n<td>#6<\/td>\n<td>27<\/td>\n<td>PVC<\/td>\n<td>6<\/td>\n<\/tr>\n<\/tbody>\n<\/table>\n<\/div>\n","protected":false},"excerpt":{"rendered":"<div id=\"text_content\" class=\"content my-3\">\n<p>Fabriqu\u00e9es aux USA, les soies Clearwater et leur profil WF b\u00e9n\u00e9ficient d\u2019une glisse exceptionnelle gr\u00e2ce un rev\u00eatement souple et une absence totale de m\u00e9moire. Elles disposent d\u2019un tr\u00e8s bon rapport qualit\u00e9\/prix pour une durabilit\u00e9 maximale. Longueur: 27 m\u00e8tres<\/p>\n<\/div>\n<div id=\"text_presentation\" class=\"content my-3\">\n<p>Fuseau d\u00e9centr\u00e9 WF<br \/>\n\u2022 Rev\u00eatement souple<br \/>\n\u2022 Glisse optimale<br \/>\n\u2022 Sans m\u00e9moire<br \/>\n\u2022 Boucle thermosoud\u00e9e en pointe<br \/>\n\u2022 Longueur totale : 27 m<br \/>\n\u2022 Fabriqu\u00e9 aux USA.<\/p>\n<\/div>\n","protected":false},"featured_media":4490,"comment_status":"closed","ping_status":"closed","template":"","meta":{"_monsterinsights_skip_tracking":false,"_monsterinsights_sitenote_active":false,"_monsterinsights_sitenote_note":"","_monsterinsights_sitenote_category":0,"site-sidebar-layout":"default","site-content-layout":"content-boxed-container","ast-global-header-display":"","ast-banner-title-visibility":"","ast-main-header-display":"","ast-hfb-above-header-display":"","ast-hfb-below-header-display":"","ast-hfb-mobile-header-display":"","site-post-title":"","ast-breadcrumbs-content":"","ast-featured-img":"","footer-sml-layout":"","theme-transparent-header-meta":"default","adv-header-id-meta":"","stick-header-meta":"","header-above-stick-meta":"","header-main-stick-meta":"","header-below-stick-meta":""},"product_cat":[72],"product_tag":[],"aioseo_notices":[],"_links":{"self":[{"href":"https:\/\/latelier-mouche.fr\/index.php?rest_route=\/wp\/v2\/product\/4480"}],"collection":[{"href":"https:\/\/latelier-mouche.fr\/index.php?rest_route=\/wp\/v2\/product"}],"about":[{"href":"https:\/\/latelier-mouche.fr\/index.php?rest_route=\/wp\/v2\/types\/product"}],"replies":[{"embeddable":true,"href":"https:\/\/latelier-mouche.fr\/index.php?rest_route=%2Fwp%2Fv2%2Fcomments&post=4480"}],"version-history":[{"count":1,"href":"https:\/\/latelier-mouche.fr\/index.php?rest_route=\/wp\/v2\/product\/4480\/revisions"}],"predecessor-version":[{"id":4496,"href":"https:\/\/latelier-mouche.fr\/index.php?rest_route=\/wp\/v2\/product\/4480\/revisions\/4496"}],"wp:featuredmedia":[{"embeddable":true,"href":"https:\/\/latelier-mouche.fr\/index.php?rest_route=\/wp\/v2\/media\/4490"}],"wp:attachment":[{"href":"https:\/\/latelier-mouche.fr\/index.php?rest_route=%2Fwp%2Fv2%2Fmedia&parent=4480"}],"wp:term":[{"taxonomy":"product_cat","embeddable":true,"href":"https:\/\/latelier-mouche.fr\/index.php?rest_route=%2Fwp%2Fv2%2Fproduct_cat&post=4480"},{"taxonomy":"product_tag","embeddable":true,"href":"https:\/\/latelier-mouche.fr\/index.php?rest_route=%2Fwp%2Fv2%2Fproduct_tag&post=4480"}],"curies":[{"name":"wp","href":"https:\/\/api.w.org\/{rel}","templated":true}]}}