{"id":4447,"date":"2024-11-27T10:31:21","date_gmt":"2024-11-27T09:31:21","guid":{"rendered":"https:\/\/latelier-mouche.fr\/?post_type=product&#038;p=4447"},"modified":"2024-11-27T10:53:15","modified_gmt":"2024-11-27T09:53:15","slug":"matix-semi-automatique","status":"publish","type":"product","link":"https:\/\/latelier-mouche.fr\/?product=matix-semi-automatique","title":{"rendered":"Matix semi-Automatique"},"content":{"rendered":"<p>&nbsp;<\/p>\n<div class=\"row bg-gris_light mb-5\"><\/div>\n<div class=\"row bg-gris_light mb-5\"><\/div>\n","protected":false},"excerpt":{"rendered":"<div class=\"wpb_text_column wpb_content_element \">\n<div class=\"wpb_wrapper\">\n<p class=\"p1\">Moulinet semi-automatique tr\u00e8s l\u00e9ger pour une r\u00e9cup\u00e9ration facile et rapide de la soie en cours de p\u00eache. Il est muni d\u2019un frein qui se pr\u00e9r\u00e8gle \u00e0 l\u2019aide d\u2019une clef Allen.<\/p>\n<p class=\"p1\"><em><strong>Le moulinet MATIX est livr\u00e9 dans une belle sacoche de protection avec une bobine suppl\u00e9mentaire.<\/strong><\/em><\/p>\n<p class=\"p2\"><strong>COLORIS :<\/strong>\u00a0<span class=\"s1\">NOIR MAT<\/span><\/p>\n<\/div>\n<\/div>\n","protected":false},"featured_media":4458,"comment_status":"closed","ping_status":"closed","template":"","meta":{"_monsterinsights_skip_tracking":false,"_monsterinsights_sitenote_active":false,"_monsterinsights_sitenote_note":"","_monsterinsights_sitenote_category":0,"site-sidebar-layout":"default","site-content-layout":"content-boxed-container","ast-global-header-display":"","ast-banner-title-visibility":"","ast-main-header-display":"","ast-hfb-above-header-display":"","ast-hfb-below-header-display":"","ast-hfb-mobile-header-display":"","site-post-title":"","ast-breadcrumbs-content":"","ast-featured-img":"","footer-sml-layout":"","theme-transparent-header-meta":"default","adv-header-id-meta":"","stick-header-meta":"","header-above-stick-meta":"","header-main-stick-meta":"","header-below-stick-meta":""},"product_cat":[53],"product_tag":[],"aioseo_notices":[],"_links":{"self":[{"href":"https:\/\/latelier-mouche.fr\/index.php?rest_route=\/wp\/v2\/product\/4447"}],"collection":[{"href":"https:\/\/latelier-mouche.fr\/index.php?rest_route=\/wp\/v2\/product"}],"about":[{"href":"https:\/\/latelier-mouche.fr\/index.php?rest_route=\/wp\/v2\/types\/product"}],"replies":[{"embeddable":true,"href":"https:\/\/latelier-mouche.fr\/index.php?rest_route=%2Fwp%2Fv2%2Fcomments&post=4447"}],"version-history":[{"count":1,"href":"https:\/\/latelier-mouche.fr\/index.php?rest_route=\/wp\/v2\/product\/4447\/revisions"}],"predecessor-version":[{"id":4460,"href":"https:\/\/latelier-mouche.fr\/index.php?rest_route=\/wp\/v2\/product\/4447\/revisions\/4460"}],"wp:featuredmedia":[{"embeddable":true,"href":"https:\/\/latelier-mouche.fr\/index.php?rest_route=\/wp\/v2\/media\/4458"}],"wp:attachment":[{"href":"https:\/\/latelier-mouche.fr\/index.php?rest_route=%2Fwp%2Fv2%2Fmedia&parent=4447"}],"wp:term":[{"taxonomy":"product_cat","embeddable":true,"href":"https:\/\/latelier-mouche.fr\/index.php?rest_route=%2Fwp%2Fv2%2Fproduct_cat&post=4447"},{"taxonomy":"product_tag","embeddable":true,"href":"https:\/\/latelier-mouche.fr\/index.php?rest_route=%2Fwp%2Fv2%2Fproduct_tag&post=4447"}],"curies":[{"name":"wp","href":"https:\/\/api.w.org\/{rel}","templated":true}]}}