{"id":4434,"date":"2024-11-26T18:14:57","date_gmt":"2024-11-26T17:14:57","guid":{"rendered":"https:\/\/latelier-mouche.fr\/?post_type=product&#038;p=4434"},"modified":"2024-11-26T18:36:37","modified_gmt":"2024-11-26T17:36:37","slug":"t35","status":"publish","type":"product","link":"https:\/\/latelier-mouche.fr\/?product=t35","title":{"rendered":"T35"},"content":{"rendered":"<p>&nbsp;<\/p>\n<div class=\"row bg-gris_light mb-5\"><\/div>\n<div class=\"row bg-gris_light mb-5\"><\/div>\n","protected":false},"excerpt":{"rendered":"<p>Le coup de coeur de l\u2019ann\u00e9e, La canne T 35 La nouvelle s\u00e9rie de cannes en carbone HMX35 vous offre un confort et un \u00e9quilibre<br \/>\nremarquable. Leur action progressive permet de p\u00eacher aussi bien en s\u00e8che, en noy\u00e9e ou en nymphe selon les mod\u00e8les. Une gamme compl\u00e8te et adapt\u00e9e pour tous les types de p\u00eache, d\u2019un rapport qualit\u00e9 prix incomparable ! Le blank des T35 est de couleur bleu-gris avec un porte moulinet en alu noir. Mont\u00e9 avec un anneau de d\u00e9part en SIC puis d\u2019anneaux monopattes (hard chrome). La poign\u00e9e en li\u00e8ge de forme cigare ou tulipe suivant les mod\u00e8les ainsi que deux extr\u00e9mit\u00e9s en li\u00e8ge recompos\u00e9 pour augmenter<br \/>\nsa r\u00e9sistance.<\/p>\n<p><strong>Livr\u00e9e dans un tube cordura compartiment\u00e9<\/strong><\/p>\n","protected":false},"featured_media":4445,"comment_status":"closed","ping_status":"closed","template":"","meta":{"_monsterinsights_skip_tracking":false,"_monsterinsights_sitenote_active":false,"_monsterinsights_sitenote_note":"","_monsterinsights_sitenote_category":0,"site-sidebar-layout":"default","site-content-layout":"content-boxed-container","ast-global-header-display":"","ast-banner-title-visibility":"","ast-main-header-display":"","ast-hfb-above-header-display":"","ast-hfb-below-header-display":"","ast-hfb-mobile-header-display":"","site-post-title":"","ast-breadcrumbs-content":"","ast-featured-img":"","footer-sml-layout":"","theme-transparent-header-meta":"default","adv-header-id-meta":"","stick-header-meta":"","header-above-stick-meta":"","header-main-stick-meta":"","header-below-stick-meta":""},"product_cat":[51],"product_tag":[],"aioseo_notices":[],"_links":{"self":[{"href":"https:\/\/latelier-mouche.fr\/index.php?rest_route=\/wp\/v2\/product\/4434"}],"collection":[{"href":"https:\/\/latelier-mouche.fr\/index.php?rest_route=\/wp\/v2\/product"}],"about":[{"href":"https:\/\/latelier-mouche.fr\/index.php?rest_route=\/wp\/v2\/types\/product"}],"replies":[{"embeddable":true,"href":"https:\/\/latelier-mouche.fr\/index.php?rest_route=%2Fwp%2Fv2%2Fcomments&post=4434"}],"version-history":[{"count":1,"href":"https:\/\/latelier-mouche.fr\/index.php?rest_route=\/wp\/v2\/product\/4434\/revisions"}],"predecessor-version":[{"id":4446,"href":"https:\/\/latelier-mouche.fr\/index.php?rest_route=\/wp\/v2\/product\/4434\/revisions\/4446"}],"wp:featuredmedia":[{"embeddable":true,"href":"https:\/\/latelier-mouche.fr\/index.php?rest_route=\/wp\/v2\/media\/4445"}],"wp:attachment":[{"href":"https:\/\/latelier-mouche.fr\/index.php?rest_route=%2Fwp%2Fv2%2Fmedia&parent=4434"}],"wp:term":[{"taxonomy":"product_cat","embeddable":true,"href":"https:\/\/latelier-mouche.fr\/index.php?rest_route=%2Fwp%2Fv2%2Fproduct_cat&post=4434"},{"taxonomy":"product_tag","embeddable":true,"href":"https:\/\/latelier-mouche.fr\/index.php?rest_route=%2Fwp%2Fv2%2Fproduct_tag&post=4434"}],"curies":[{"name":"wp","href":"https:\/\/api.w.org\/{rel}","templated":true}]}}