{"id":4419,"date":"2024-11-26T18:05:20","date_gmt":"2024-11-26T17:05:20","guid":{"rendered":"https:\/\/latelier-mouche.fr\/?post_type=product&#038;p=4419"},"modified":"2024-11-26T18:07:31","modified_gmt":"2024-11-26T17:07:31","slug":"veste-humain","status":"publish","type":"product","link":"https:\/\/latelier-mouche.fr\/?product=veste-humain","title":{"rendered":"Veste Humain"},"content":{"rendered":"<p>&nbsp;<\/p>\n<div class=\"row bg-gris_light mb-5\"><\/div>\n<div class=\"row bg-gris_light mb-5\"><\/div>\n","protected":false},"excerpt":{"rendered":"<p>Veste de wading respirante et imperm\u00e9able con\u00e7ue en toile microfibre de haute qualit\u00e9. Tr\u00e8s confortable et l\u00e9g\u00e8re la veste\u00a0<strong>HUMAN<\/strong>\u00a0vous laissera une grande libert\u00e9 de mouvements lors de vos lancers tout en vous prot\u00e9geant des intemp\u00e9ries. Les parties les plus expos\u00e9es telles que les \u00e9paules et les bras sont renforc\u00e9s pour une meilleure protection et plus de robustesse. Une veste de wading technique, fonctionnelle et tr\u00e8s polyvalente \u00e0 utiliser en toutes saisons et en toute confiance.<br \/>\n<strong>Excellent rapport qualit\u00e9 prix<\/strong><\/p>\n<ul>\n<li><strong>Doublure int\u00e9rieure en toile<\/strong><\/li>\n<li><strong>2 poches frontales zipp\u00e9es : 18.5cm x 20.5cm<\/strong><\/li>\n<li><strong>1 poches int\u00e9rieure zipp\u00e9e : 17cm x 15cm<\/strong><\/li>\n<li><strong>1 anneau frontal porte accessoires<\/strong><\/li>\n<li><strong>1 anneau dorsal porte \u00e9puisette<\/strong><\/li>\n<li><strong>Ceinture \u00e9lastique r\u00e9glable<\/strong><\/li>\n<li><strong>Capuche avec \u00e9lastique de serrage<\/strong><\/li>\n<li><strong>Fermeture frontale par ZIP YKK<\/strong><\/li>\n<li><strong>et boutons de renfort<\/strong><\/li>\n<li><strong>Manchons \u00e9lastiques \u00e9quip\u00e9s d\u2019un serrage velcro<\/strong><\/li>\n<\/ul>\n<p><strong>COLORIS :\u00a0BEIGE<\/strong><\/p>\n","protected":false},"featured_media":4430,"comment_status":"closed","ping_status":"closed","template":"","meta":{"_monsterinsights_skip_tracking":false,"_monsterinsights_sitenote_active":false,"_monsterinsights_sitenote_note":"","_monsterinsights_sitenote_category":0,"site-sidebar-layout":"default","site-content-layout":"content-boxed-container","ast-global-header-display":"","ast-banner-title-visibility":"","ast-main-header-display":"","ast-hfb-above-header-display":"","ast-hfb-below-header-display":"","ast-hfb-mobile-header-display":"","site-post-title":"","ast-breadcrumbs-content":"","ast-featured-img":"","footer-sml-layout":"","theme-transparent-header-meta":"default","adv-header-id-meta":"","stick-header-meta":"","header-above-stick-meta":"","header-main-stick-meta":"","header-below-stick-meta":""},"product_cat":[57],"product_tag":[],"aioseo_notices":[],"_links":{"self":[{"href":"https:\/\/latelier-mouche.fr\/index.php?rest_route=\/wp\/v2\/product\/4419"}],"collection":[{"href":"https:\/\/latelier-mouche.fr\/index.php?rest_route=\/wp\/v2\/product"}],"about":[{"href":"https:\/\/latelier-mouche.fr\/index.php?rest_route=\/wp\/v2\/types\/product"}],"replies":[{"embeddable":true,"href":"https:\/\/latelier-mouche.fr\/index.php?rest_route=%2Fwp%2Fv2%2Fcomments&post=4419"}],"version-history":[{"count":1,"href":"https:\/\/latelier-mouche.fr\/index.php?rest_route=\/wp\/v2\/product\/4419\/revisions"}],"predecessor-version":[{"id":4433,"href":"https:\/\/latelier-mouche.fr\/index.php?rest_route=\/wp\/v2\/product\/4419\/revisions\/4433"}],"wp:featuredmedia":[{"embeddable":true,"href":"https:\/\/latelier-mouche.fr\/index.php?rest_route=\/wp\/v2\/media\/4430"}],"wp:attachment":[{"href":"https:\/\/latelier-mouche.fr\/index.php?rest_route=%2Fwp%2Fv2%2Fmedia&parent=4419"}],"wp:term":[{"taxonomy":"product_cat","embeddable":true,"href":"https:\/\/latelier-mouche.fr\/index.php?rest_route=%2Fwp%2Fv2%2Fproduct_cat&post=4419"},{"taxonomy":"product_tag","embeddable":true,"href":"https:\/\/latelier-mouche.fr\/index.php?rest_route=%2Fwp%2Fv2%2Fproduct_tag&post=4419"}],"curies":[{"name":"wp","href":"https:\/\/api.w.org\/{rel}","templated":true}]}}