{"id":4406,"date":"2024-11-26T17:55:35","date_gmt":"2024-11-26T16:55:35","guid":{"rendered":"https:\/\/latelier-mouche.fr\/?post_type=product&#038;p=4406"},"modified":"2024-11-26T18:00:49","modified_gmt":"2024-11-26T17:00:49","slug":"veste-rivfly","status":"publish","type":"product","link":"https:\/\/latelier-mouche.fr\/?product=veste-rivfly","title":{"rendered":"Veste Rivfly"},"content":{"rendered":"<p>&nbsp;<\/p>\n<div class=\"row bg-gris_light mb-5\"><\/div>\n<div class=\"row bg-gris_light mb-5\"><\/div>\n","protected":false},"excerpt":{"rendered":"<p>Cette veste est enti\u00e8rement fabriqu\u00e9e en mati\u00e8re respirante HUMMIX (imperm\u00e9abilit\u00e9 de 12000mm et respirabilit\u00e9 de 4000g\/m2\/24h). Elle est tr\u00e8s l\u00e9g\u00e8re, fi able, confortable et sa conception a \u00e9t\u00e9 r\u00e9alis\u00e9e avec un minimum de couture et de soudure, pour garantir une \u00e9tanch\u00e9it\u00e9 parfaite tout au long de la journ\u00e9e. La veste DVX RIVFLY est id\u00e9al pour vous prot\u00e9ger du vent et des pluies m\u00eame tr\u00e8s soutenues.<\/p>\n<p><strong>COLORIS :\u00a0OLIVE<\/strong><br \/>\nElle est munie de :<\/p>\n<ul>\n<li><strong>Fermeture frontale par ZIP COMPACT<\/strong><\/li>\n<li><strong>2 grandes poches avec une fermeture ZIP COMPACT de 28cm x 23cm<\/strong><\/li>\n<li><strong>1 anneau dorsal porte \u00e9puisette<\/strong><\/li>\n<li><strong>1 capuche r\u00e9glable<\/strong><\/li>\n<li><strong>Manchons \u00e9lastiques \u00e9quip\u00e9s d\u2019un serrage velcro<\/strong><\/li>\n<\/ul>\n","protected":false},"featured_media":4417,"comment_status":"closed","ping_status":"closed","template":"","meta":{"_monsterinsights_skip_tracking":false,"_monsterinsights_sitenote_active":false,"_monsterinsights_sitenote_note":"","_monsterinsights_sitenote_category":0,"site-sidebar-layout":"default","site-content-layout":"content-boxed-container","ast-global-header-display":"","ast-banner-title-visibility":"","ast-main-header-display":"","ast-hfb-above-header-display":"","ast-hfb-below-header-display":"","ast-hfb-mobile-header-display":"","site-post-title":"","ast-breadcrumbs-content":"","ast-featured-img":"","footer-sml-layout":"","theme-transparent-header-meta":"default","adv-header-id-meta":"","stick-header-meta":"","header-above-stick-meta":"","header-main-stick-meta":"","header-below-stick-meta":""},"product_cat":[57],"product_tag":[],"aioseo_notices":[],"_links":{"self":[{"href":"https:\/\/latelier-mouche.fr\/index.php?rest_route=\/wp\/v2\/product\/4406"}],"collection":[{"href":"https:\/\/latelier-mouche.fr\/index.php?rest_route=\/wp\/v2\/product"}],"about":[{"href":"https:\/\/latelier-mouche.fr\/index.php?rest_route=\/wp\/v2\/types\/product"}],"replies":[{"embeddable":true,"href":"https:\/\/latelier-mouche.fr\/index.php?rest_route=%2Fwp%2Fv2%2Fcomments&post=4406"}],"version-history":[{"count":1,"href":"https:\/\/latelier-mouche.fr\/index.php?rest_route=\/wp\/v2\/product\/4406\/revisions"}],"predecessor-version":[{"id":4418,"href":"https:\/\/latelier-mouche.fr\/index.php?rest_route=\/wp\/v2\/product\/4406\/revisions\/4418"}],"wp:featuredmedia":[{"embeddable":true,"href":"https:\/\/latelier-mouche.fr\/index.php?rest_route=\/wp\/v2\/media\/4417"}],"wp:attachment":[{"href":"https:\/\/latelier-mouche.fr\/index.php?rest_route=%2Fwp%2Fv2%2Fmedia&parent=4406"}],"wp:term":[{"taxonomy":"product_cat","embeddable":true,"href":"https:\/\/latelier-mouche.fr\/index.php?rest_route=%2Fwp%2Fv2%2Fproduct_cat&post=4406"},{"taxonomy":"product_tag","embeddable":true,"href":"https:\/\/latelier-mouche.fr\/index.php?rest_route=%2Fwp%2Fv2%2Fproduct_tag&post=4406"}],"curies":[{"name":"wp","href":"https:\/\/api.w.org\/{rel}","templated":true}]}}