{"id":4388,"date":"2024-11-26T10:56:07","date_gmt":"2024-11-26T09:56:07","guid":{"rendered":"https:\/\/latelier-mouche.fr\/?post_type=product&#038;p=4388"},"modified":"2024-11-26T11:24:34","modified_gmt":"2024-11-26T10:24:34","slug":"veste-infly","status":"publish","type":"product","link":"https:\/\/latelier-mouche.fr\/?product=veste-infly","title":{"rendered":"Veste Infly"},"content":{"rendered":"<p>&nbsp;<\/p>\n<div class=\"row bg-gris_light mb-5\"><\/div>\n<div class=\"row bg-gris_light mb-5\"><\/div>\n","protected":false},"excerpt":{"rendered":"<p>Une nouvelle g\u00e9n\u00e9ration de veste respirante et \u00e9tanche \u00e9quip\u00e9e d\u2019un syst\u00e8me de modulation r\u00e9volutionnaire\u00a0<strong>HYPALON<\/strong>\u00a0pour adapter de nombreux accessoires dont les nouvelles poches POCK\u2019SYSTEM.\u00a0<strong>La veste INFLY<\/strong>\u00a0est la combinaison parfaite alliant praticit\u00e9 et fiabilit\u00e9 pour offrir plus d\u2019aisance et de flexibilit\u00e9 sans sacrifier le confort n\u00e9cessaire \u00e0 chacune de\u00a0<strong>vos activit\u00e9s p\u00eache et Outdoor.<\/strong>\u00a0Gr\u00e2ce \u00e0 son tissu combin\u00e9 \u00e0 une membrane 3 couches, elle est d\u2019une extr\u00eame l\u00e9g\u00e8ret\u00e9. Chacune des soudures ont \u00e9t\u00e9 renforc\u00e9es avec pr\u00e9caution pour augmenter son \u00e9tanch\u00e9it\u00e9 et ainsi accroitre sa durabilit\u00e9. La capuche r\u00e9glable assure une bonne protection contre la pluie sans compromettre votre visibilit\u00e9\u0301. Les poches et les accroches accessoires sont id\u00e9alement plac\u00e9s pour faciliter tous les mouvements sans entrave tout en conservant l\u2019accessibilit\u00e9 \u00e0 port\u00e9e de mains. Son syst\u00e8me de fixation r\u00e9volutionnaire HYPALON vous permettra de moduler vos accessoires en fonction de vos sorties d\u2019un v\u00eatement \u00e0 l\u2019autre de notre nouvelle gamme.<\/p>\n<p><strong>La veste INFLY est \u00e9quip\u00e9e :<\/strong><\/p>\n<ul>\n<li><strong>Fermeture centrale par un zip SBS \u00e9tanche<\/strong><\/li>\n<li><strong>2 longues poches lat\u00e9rales et verticales de 35 cm ventil\u00e9es avec ouverture zipp\u00e9e SBS dans les deux sens<\/strong><\/li>\n<li><strong>2 anneaux pour fixer des accessoires ou le CHEST PACK ESCAPAD<\/strong><\/li>\n<li><strong>2 HYPALONS poitrine pour fixer les petits outils coupe fil, avec un aimant bien plac\u00e9 pour conserver une stabilit\u00e9<\/strong><\/li>\n<li><strong>1 HYPALON au-dessus de chaque trap\u00e8ze pour fixer des accessoires avec un aimant pour \u00e9viter aux outils de balloter<\/strong><\/li>\n<li><strong>1 HYPALON de chaque c\u00f4t\u00e9 du ZIP sur la poitrine, pour fixer les nouvelles poches POCK\u2019SYSTEM 100 et 200 qui sont en option (Page 20)<\/strong><\/li>\n<li><strong>1 capuche int\u00e9gr\u00e9e 5 volets avec r\u00e9glage rapide et visi\u00e8re<\/strong><\/li>\n<li><strong>Poign\u00e9e r\u00e9glable<\/strong><\/li>\n<li><strong>Bas de la veste avec r\u00e9glage rapide par velcro<\/strong><\/li>\n<li><strong>1 anneau dans le col pour fixer une \u00e9puisette<\/strong><\/li>\n<li><strong>1 poche dans le dos 21 cm de haut par 35 cm de large<\/strong><\/li>\n<\/ul>\n","protected":false},"featured_media":4392,"comment_status":"closed","ping_status":"closed","template":"","meta":{"_monsterinsights_skip_tracking":false,"_monsterinsights_sitenote_active":false,"_monsterinsights_sitenote_note":"","_monsterinsights_sitenote_category":0,"site-sidebar-layout":"default","site-content-layout":"content-boxed-container","ast-global-header-display":"","ast-banner-title-visibility":"","ast-main-header-display":"","ast-hfb-above-header-display":"","ast-hfb-below-header-display":"","ast-hfb-mobile-header-display":"","site-post-title":"","ast-breadcrumbs-content":"","ast-featured-img":"","footer-sml-layout":"","theme-transparent-header-meta":"default","adv-header-id-meta":"","stick-header-meta":"","header-above-stick-meta":"","header-main-stick-meta":"","header-below-stick-meta":""},"product_cat":[57],"product_tag":[],"aioseo_notices":[],"_links":{"self":[{"href":"https:\/\/latelier-mouche.fr\/index.php?rest_route=\/wp\/v2\/product\/4388"}],"collection":[{"href":"https:\/\/latelier-mouche.fr\/index.php?rest_route=\/wp\/v2\/product"}],"about":[{"href":"https:\/\/latelier-mouche.fr\/index.php?rest_route=\/wp\/v2\/types\/product"}],"replies":[{"embeddable":true,"href":"https:\/\/latelier-mouche.fr\/index.php?rest_route=%2Fwp%2Fv2%2Fcomments&post=4388"}],"version-history":[{"count":1,"href":"https:\/\/latelier-mouche.fr\/index.php?rest_route=\/wp\/v2\/product\/4388\/revisions"}],"predecessor-version":[{"id":4405,"href":"https:\/\/latelier-mouche.fr\/index.php?rest_route=\/wp\/v2\/product\/4388\/revisions\/4405"}],"wp:featuredmedia":[{"embeddable":true,"href":"https:\/\/latelier-mouche.fr\/index.php?rest_route=\/wp\/v2\/media\/4392"}],"wp:attachment":[{"href":"https:\/\/latelier-mouche.fr\/index.php?rest_route=%2Fwp%2Fv2%2Fmedia&parent=4388"}],"wp:term":[{"taxonomy":"product_cat","embeddable":true,"href":"https:\/\/latelier-mouche.fr\/index.php?rest_route=%2Fwp%2Fv2%2Fproduct_cat&post=4388"},{"taxonomy":"product_tag","embeddable":true,"href":"https:\/\/latelier-mouche.fr\/index.php?rest_route=%2Fwp%2Fv2%2Fproduct_tag&post=4388"}],"curies":[{"name":"wp","href":"https:\/\/api.w.org\/{rel}","templated":true}]}}