{"id":4340,"date":"2024-11-18T21:10:27","date_gmt":"2024-11-18T20:10:27","guid":{"rendered":"https:\/\/latelier-mouche.fr\/?post_type=product&#038;p=4340"},"modified":"2024-11-18T21:18:05","modified_gmt":"2024-11-18T20:18:05","slug":"doudoune-trekfly","status":"publish","type":"product","link":"https:\/\/latelier-mouche.fr\/?product=doudoune-trekfly","title":{"rendered":"Doudoune Trek&rsquo;Fly"},"content":{"rendered":"<p>&nbsp;<\/p>\n<div class=\"row bg-gris_light mb-5\"><\/div>\n<div class=\"row bg-gris_light mb-5\"><\/div>\n","protected":false},"excerpt":{"rendered":"<p>La doudoune\u00a0<strong>TREK\u2019FLY<\/strong>\u00a0offre une l\u00e9g\u00e8ret\u00e9 et une isolation thermique de premi\u00e8re qualit\u00e9, une protection d\u00e9perlante et une construction en molleton extensible pour une solution qui couvre tous les aspects techniques de l\u2019\u00e9quation et de l\u2019exigence des p\u00eacheurs. R\u00e9alis\u00e9e avec des mat\u00e9riaux s\u00e9lectionn\u00e9s pour vous prot\u00e9ger du froid et du vent. Elle est compacte et se transporte de partout ce qui en fait votre alli\u00e9 quelle que soit la saison, vous ne pourrez plus vous en s\u00e9parer. Elle permet de conserver la chaleur m\u00eame mouill\u00e9e. Elle est compos\u00e9e de panneaux matelass\u00e9s sur le devant et dans le dos avec un rev\u00eatement lisse et r\u00e9sistant \u00e0 l\u2019abrasion lorsque le v\u00eatement est port\u00e9 sous les waders ou les vestes imperm\u00e9ables. Sous les bras un panneau en \u00e9lasthanne pour plus de confort et ainsi faciliter tous les mouvements. La Doudoune TREK\u2019FLY se porte id\u00e9alement\u00a0<strong>avec notre nouveau BASE LAYER IKAR MERINOS\/BAMBOO.<\/strong><\/p>\n<p><strong>La DOUDOUNE TREK\u2019FLY est \u00e9quip\u00e9e :<\/strong><\/p>\n<ul>\n<li><strong>Fermeture centrale par un zip SBS<\/strong><\/li>\n<li><strong>2 longues poches lat\u00e9rales et verticales de 35 cm ventil\u00e9es avec ouverture zipp\u00e9e SBS dans les deux sens<\/strong><\/li>\n<li><strong>1 poche filet \u00e0 l\u2019int\u00e9rieur<\/strong><\/li>\n<li><strong>2 anneaux pour fixer des accessoires ou le CHEST PACK ESCAPAD<\/strong><\/li>\n<li><strong>2 HYPALONS poitrine pour fixer les petits outils coupe fil avec un aimant pour \u00e9viter aux outils de balloter.<\/strong><\/li>\n<li><strong>1 HYPALON au-dessus de chaque trap\u00e8ze pour fixer des accessoires\u2026 avec un aimant pour \u00e9viter aux outils de balloter<\/strong><\/li>\n<li><strong>1 HYPALON de chaque c\u00f4t\u00e9 du ZIP sur la poitrine, pour fixer les nouvelles poches POCK\u2019SYSTEM 100 et 200 qui sont en option (Page 20)<\/strong><\/li>\n<li><strong>1 anneau dans le col pour fixer une \u00e9puisette<\/strong><\/li>\n<\/ul>\n","protected":false},"featured_media":4353,"comment_status":"closed","ping_status":"closed","template":"","meta":{"_monsterinsights_skip_tracking":false,"_monsterinsights_sitenote_active":false,"_monsterinsights_sitenote_note":"","_monsterinsights_sitenote_category":0,"site-sidebar-layout":"default","site-content-layout":"content-boxed-container","ast-global-header-display":"","ast-banner-title-visibility":"","ast-main-header-display":"","ast-hfb-above-header-display":"","ast-hfb-below-header-display":"","ast-hfb-mobile-header-display":"","site-post-title":"","ast-breadcrumbs-content":"","ast-featured-img":"","footer-sml-layout":"","theme-transparent-header-meta":"default","adv-header-id-meta":"","stick-header-meta":"","header-above-stick-meta":"","header-main-stick-meta":"","header-below-stick-meta":""},"product_cat":[57],"product_tag":[],"aioseo_notices":[],"_links":{"self":[{"href":"https:\/\/latelier-mouche.fr\/index.php?rest_route=\/wp\/v2\/product\/4340"}],"collection":[{"href":"https:\/\/latelier-mouche.fr\/index.php?rest_route=\/wp\/v2\/product"}],"about":[{"href":"https:\/\/latelier-mouche.fr\/index.php?rest_route=\/wp\/v2\/types\/product"}],"replies":[{"embeddable":true,"href":"https:\/\/latelier-mouche.fr\/index.php?rest_route=%2Fwp%2Fv2%2Fcomments&post=4340"}],"version-history":[{"count":1,"href":"https:\/\/latelier-mouche.fr\/index.php?rest_route=\/wp\/v2\/product\/4340\/revisions"}],"predecessor-version":[{"id":4357,"href":"https:\/\/latelier-mouche.fr\/index.php?rest_route=\/wp\/v2\/product\/4340\/revisions\/4357"}],"wp:featuredmedia":[{"embeddable":true,"href":"https:\/\/latelier-mouche.fr\/index.php?rest_route=\/wp\/v2\/media\/4353"}],"wp:attachment":[{"href":"https:\/\/latelier-mouche.fr\/index.php?rest_route=%2Fwp%2Fv2%2Fmedia&parent=4340"}],"wp:term":[{"taxonomy":"product_cat","embeddable":true,"href":"https:\/\/latelier-mouche.fr\/index.php?rest_route=%2Fwp%2Fv2%2Fproduct_cat&post=4340"},{"taxonomy":"product_tag","embeddable":true,"href":"https:\/\/latelier-mouche.fr\/index.php?rest_route=%2Fwp%2Fv2%2Fproduct_tag&post=4340"}],"curies":[{"name":"wp","href":"https:\/\/api.w.org\/{rel}","templated":true}]}}