{"id":4209,"date":"2024-08-14T23:26:56","date_gmt":"2024-08-14T21:26:56","guid":{"rendered":"https:\/\/latelier-mouche.fr\/?post_type=product&#038;p=4209"},"modified":"2025-10-30T17:34:29","modified_gmt":"2025-10-30T16:34:29","slug":"pro-hybrid-boots","status":"publish","type":"product","link":"https:\/\/latelier-mouche.fr\/?product=pro-hybrid-boots","title":{"rendered":"Pro  Hybrid Boots"},"content":{"rendered":"<p>&nbsp;<\/p>\n<div class=\"row bg-gris_light mb-5\"><\/div>\n","protected":false},"excerpt":{"rendered":"<p>&nbsp;<\/p>\n<div id=\"text_content\" class=\"content my-3\">\n<div id=\"text_content\" class=\"content my-3\">\n<div id=\"text_content\" class=\"content my-3\">\n<div id=\"text_content\" class=\"content my-3\">\n<div id=\"text_content\" class=\"content my-3\">\n<div id=\"text_content\" class=\"content my-3\">\n<div id=\"text_content\" class=\"content my-3\">\n<div id=\"text_content\" class=\"content my-3\"><\/div>\n<div id=\"text_presentation\" class=\"content my-3\">\n<div id=\"text_content\" class=\"content my-3\">\n<p>la gamme de chaussures ORVIS Pro est le reflet de toute l\u2019exp\u00e9rience et le savoir faire de la marque am\u00e9ricaine en mati\u00e8re de chaussures de wading. L\u2019absence de coutures sur les zones de frottement limite consid\u00e9rablement l\u2019usure de ces chaussures l\u00e9g\u00e8res et issues d\u2019un moulage PU. Elles sont d\u00e9clin\u00e9es en trois mod\u00e8les diff\u00e9rents: Le plus classique poss\u00e8de des semelles Michelin, l\u2019Hybrid qui associe des semelles en feutre\/gomme et le syst\u00e8me BOA qui assure un maintien optimal.<\/p>\n<\/div>\n<div id=\"text_presentation\" class=\"content my-3\">\n<p>Chaussures de wading techniques et durables<br \/>\n\u2022 Semelle Hybride : feutre et contour en gomme Michelin<br \/>\n\u2022 Semelle int\u00e9rieure moul\u00e9 3D OrthoLite\u00ae X25<br \/>\n\u2022 Semelle interm\u00e9diaire en Phylon haute densit\u00e9<br \/>\n\u2022 Construction en moulage PU qui \u00e9limine les coutures dans les zones de frottement<br \/>\n\u2022 tige haute en microfibre Clarino \u00e0 s\u00e9chage rapide<\/p>\n<\/div>\n<\/div>\n<\/div>\n<\/div>\n<\/div>\n<\/div>\n<\/div>\n<\/div>\n<\/div>\n","protected":false},"featured_media":4222,"comment_status":"closed","ping_status":"closed","template":"","meta":{"_monsterinsights_skip_tracking":false,"_monsterinsights_sitenote_active":false,"_monsterinsights_sitenote_note":"","_monsterinsights_sitenote_category":0,"site-sidebar-layout":"default","site-content-layout":"content-boxed-container","ast-global-header-display":"","ast-banner-title-visibility":"","ast-main-header-display":"","ast-hfb-above-header-display":"","ast-hfb-below-header-display":"","ast-hfb-mobile-header-display":"","site-post-title":"","ast-breadcrumbs-content":"","ast-featured-img":"","footer-sml-layout":"","theme-transparent-header-meta":"default","adv-header-id-meta":"","stick-header-meta":"","header-above-stick-meta":"","header-main-stick-meta":"","header-below-stick-meta":""},"product_cat":[71],"product_tag":[],"aioseo_notices":[],"_links":{"self":[{"href":"https:\/\/latelier-mouche.fr\/index.php?rest_route=\/wp\/v2\/product\/4209"}],"collection":[{"href":"https:\/\/latelier-mouche.fr\/index.php?rest_route=\/wp\/v2\/product"}],"about":[{"href":"https:\/\/latelier-mouche.fr\/index.php?rest_route=\/wp\/v2\/types\/product"}],"replies":[{"embeddable":true,"href":"https:\/\/latelier-mouche.fr\/index.php?rest_route=%2Fwp%2Fv2%2Fcomments&post=4209"}],"version-history":[{"count":2,"href":"https:\/\/latelier-mouche.fr\/index.php?rest_route=\/wp\/v2\/product\/4209\/revisions"}],"predecessor-version":[{"id":5470,"href":"https:\/\/latelier-mouche.fr\/index.php?rest_route=\/wp\/v2\/product\/4209\/revisions\/5470"}],"wp:featuredmedia":[{"embeddable":true,"href":"https:\/\/latelier-mouche.fr\/index.php?rest_route=\/wp\/v2\/media\/4222"}],"wp:attachment":[{"href":"https:\/\/latelier-mouche.fr\/index.php?rest_route=%2Fwp%2Fv2%2Fmedia&parent=4209"}],"wp:term":[{"taxonomy":"product_cat","embeddable":true,"href":"https:\/\/latelier-mouche.fr\/index.php?rest_route=%2Fwp%2Fv2%2Fproduct_cat&post=4209"},{"taxonomy":"product_tag","embeddable":true,"href":"https:\/\/latelier-mouche.fr\/index.php?rest_route=%2Fwp%2Fv2%2Fproduct_tag&post=4209"}],"curies":[{"name":"wp","href":"https:\/\/api.w.org\/{rel}","templated":true}]}}