{"id":4195,"date":"2024-08-13T21:56:46","date_gmt":"2024-08-13T19:56:46","guid":{"rendered":"https:\/\/latelier-mouche.fr\/?post_type=product&#038;p=4195"},"modified":"2025-10-30T17:37:26","modified_gmt":"2025-10-30T16:37:26","slug":"pro-lt-boots","status":"publish","type":"product","link":"https:\/\/latelier-mouche.fr\/?product=pro-lt-boots","title":{"rendered":"Pro  LT Boots"},"content":{"rendered":"<p>&nbsp;<\/p>\n<div class=\"row bg-gris_light mb-5\"><\/div>\n","protected":false},"excerpt":{"rendered":"<p>&nbsp;<\/p>\n<div id=\"text_content\" class=\"content my-3\">\n<div id=\"text_content\" class=\"content my-3\">\n<div id=\"text_content\" class=\"content my-3\">\n<div id=\"text_content\" class=\"content my-3\">\n<div id=\"text_content\" class=\"content my-3\">\n<div id=\"text_content\" class=\"content my-3\">\n<div id=\"text_content\" class=\"content my-3\">\n<div id=\"text_content\" class=\"content my-3\">\n<p>Plus l\u00e9g\u00e8res que le mod\u00e8le PRO, Les chaussures de wading PRO LT sont tout aussi solides. La semelle d\u2019usure Outdoor Extreme de la marque Michelin, un des leaders de l\u2019industrie, est fabriqu\u00e9e avec le meilleur caoutchouc de sa cat\u00e9gorie. Elles sont dot\u00e9es d\u2019un excellent maintien et absorbant les chocs. La semelle interne r\u00e9alis\u00e9e en mousse Intuition s\u2019adapte aux contours et \u00e0 l\u2019anatomie des pieds de chaque p\u00eacheur L\u2019agilit\u00e9 en est accrue, sans sacrifier le maintien des chevilles gr\u00e2ce \u00e0 un talon plus bas et \u00e0 une taille mi-hauteur. Le maintien du pied est am\u00e9lior\u00e9 par la conception de type \u00ab\u2009chaussures de ski\u2009\u00bb avec un syst\u00e8me de languette \u00e0 soufflets. R\u00e9alis\u00e9es en une seule pi\u00e8ce et b\u00e9n\u00e9ficiant d\u2019une protection renforc\u00e9e du contour de la chaussure Garde-boue Kurim avec rev\u00eatement en polyur\u00e9thane pour garantir une r\u00e9sistance \u00e0 l\u2019abrasion. Syst\u00e8me de la\u00e7age s\u00e9curis\u00e9, rapide et encore plus simple.<\/p>\n<\/div>\n<div id=\"text_presentation\" class=\"content my-3\">\n<p>Version all\u00e9g\u00e9e des Chaussures ORVIS PRO<br \/>\n\u2022 Semelle Michelin Outdoor Extreme<br \/>\n\u2022 Garde boue Kurim avec rev\u00eatement polyur\u00e9thane r\u00e9siste \u00e0 l\u2019abrasion<br \/>\n\u2022 Coque de protection avant<br \/>\n\u2022 Semelle interne anatomique en mousse In-tuition<br \/>\n\u2022 R\u00e9alis\u00e9es en 1 seule pi\u00e8ce<br \/>\n\u2022 Syst\u00e8me de languette \u00e0 soufflets type \u00ab\u00a0chaussures de SKI\u00a0\u00bb. Poids 1208 gr pour un 44.<\/p>\n<\/div>\n<\/div>\n<\/div>\n<\/div>\n<\/div>\n<\/div>\n<\/div>\n<\/div>\n","protected":false},"featured_media":4190,"comment_status":"closed","ping_status":"closed","template":"","meta":{"_monsterinsights_skip_tracking":false,"_monsterinsights_sitenote_active":false,"_monsterinsights_sitenote_note":"","_monsterinsights_sitenote_category":0,"site-sidebar-layout":"default","site-content-layout":"content-boxed-container","ast-global-header-display":"","ast-banner-title-visibility":"","ast-main-header-display":"","ast-hfb-above-header-display":"","ast-hfb-below-header-display":"","ast-hfb-mobile-header-display":"","site-post-title":"","ast-breadcrumbs-content":"","ast-featured-img":"","footer-sml-layout":"","theme-transparent-header-meta":"default","adv-header-id-meta":"","stick-header-meta":"","header-above-stick-meta":"","header-main-stick-meta":"","header-below-stick-meta":""},"product_cat":[71],"product_tag":[],"aioseo_notices":[],"_links":{"self":[{"href":"https:\/\/latelier-mouche.fr\/index.php?rest_route=\/wp\/v2\/product\/4195"}],"collection":[{"href":"https:\/\/latelier-mouche.fr\/index.php?rest_route=\/wp\/v2\/product"}],"about":[{"href":"https:\/\/latelier-mouche.fr\/index.php?rest_route=\/wp\/v2\/types\/product"}],"replies":[{"embeddable":true,"href":"https:\/\/latelier-mouche.fr\/index.php?rest_route=%2Fwp%2Fv2%2Fcomments&post=4195"}],"version-history":[{"count":2,"href":"https:\/\/latelier-mouche.fr\/index.php?rest_route=\/wp\/v2\/product\/4195\/revisions"}],"predecessor-version":[{"id":5472,"href":"https:\/\/latelier-mouche.fr\/index.php?rest_route=\/wp\/v2\/product\/4195\/revisions\/5472"}],"wp:featuredmedia":[{"embeddable":true,"href":"https:\/\/latelier-mouche.fr\/index.php?rest_route=\/wp\/v2\/media\/4190"}],"wp:attachment":[{"href":"https:\/\/latelier-mouche.fr\/index.php?rest_route=%2Fwp%2Fv2%2Fmedia&parent=4195"}],"wp:term":[{"taxonomy":"product_cat","embeddable":true,"href":"https:\/\/latelier-mouche.fr\/index.php?rest_route=%2Fwp%2Fv2%2Fproduct_cat&post=4195"},{"taxonomy":"product_tag","embeddable":true,"href":"https:\/\/latelier-mouche.fr\/index.php?rest_route=%2Fwp%2Fv2%2Fproduct_tag&post=4195"}],"curies":[{"name":"wp","href":"https:\/\/api.w.org\/{rel}","templated":true}]}}