{"id":4102,"date":"2024-08-09T23:31:58","date_gmt":"2024-08-09T21:31:58","guid":{"rendered":"https:\/\/latelier-mouche.fr\/?post_type=product&#038;p=4102"},"modified":"2024-08-09T23:40:16","modified_gmt":"2024-08-09T21:40:16","slug":"ultralight-convertible","status":"publish","type":"product","link":"https:\/\/latelier-mouche.fr\/?product=ultralight-convertible","title":{"rendered":"Ultralight Convertible"},"content":{"rendered":"<table>\n<thead>\n<tr>\n<th>Libell\u00e9<\/th>\n<th>R\u00e9f\u00e9rence<\/th>\n<th>Tarif<\/th>\n<th>Coloris<\/th>\n<th>Taille<\/th>\n<th>Pointure<\/th>\n<\/tr>\n<\/thead>\n<tbody>\n<tr>\n<td>Waders ORVIS Ultralight Convertible &#8211; Small (40\/42)<\/td>\n<td>OR2JBY0951<\/td>\n<td>529\u00a0\u20ac<\/td>\n<td>Storm<\/td>\n<td>S<\/td>\n<td>40\/42<\/td>\n<\/tr>\n<tr>\n<td>Waders ORVIS Ultralight Convertible &#8211; Med\/Short (41\/43)<\/td>\n<td>OR2JBY0962<\/td>\n<td>529\u00a0\u20ac<\/td>\n<td>Storm<\/td>\n<td>MS<\/td>\n<td>41\/43<\/td>\n<\/tr>\n<tr>\n<td>Waders ORVIS Ultralight Convertible &#8211; Medium (42\/44)<\/td>\n<td>OR2JBY0952<\/td>\n<td>529\u00a0\u20ac<\/td>\n<td>Storm<\/td>\n<td>M<\/td>\n<td>42\/44<\/td>\n<\/tr>\n<tr>\n<td>Waders ORVIS Ultralight Convertible &#8211; Med\/Long (43\/45)<\/td>\n<td>OR2JBY0956<\/td>\n<td>529\u00a0\u20ac<\/td>\n<td>Storm<\/td>\n<td>ML<\/td>\n<td>43\/45<\/td>\n<\/tr>\n<tr>\n<td>Waders ORVIS Ultralight Convertible &#8211; Lg Short (42\/44)<\/td>\n<td>OR2JBY0957<\/td>\n<td>529\u00a0\u20ac<\/td>\n<td>Storm<\/td>\n<td>LS<\/td>\n<td>42\/44<\/td>\n<\/tr>\n<tr>\n<td>Waders ORVIS Ultralight Convertible &#8211; Large (43\/45)<\/td>\n<td>OR2JBY0953<\/td>\n<td>529\u00a0\u20ac<\/td>\n<td>Storm<\/td>\n<td>L<\/td>\n<td>43\/45<\/td>\n<\/tr>\n<tr>\n<td>Waders ORVIS Ultralight Convertible &#8211; Large\/Long (44\/46)<\/td>\n<td>OR2JBY0960<\/td>\n<td>529\u00a0\u20ac<\/td>\n<td>Storm<\/td>\n<td>LL<\/td>\n<td>44\/46<\/td>\n<\/tr>\n<tr>\n<td>Waders ORVIS Ultralight Convertible &#8211; Large\/Xlong (45\/47)<\/td>\n<td>OR2JBY0964<\/td>\n<td>529\u00a0\u20ac<\/td>\n<td>Storm<\/td>\n<td>LXL<\/td>\n<td>45\/47<\/td>\n<\/tr>\n<tr>\n<td>Waders ORVIS Ultralight Convertible &#8211; Xl Short (43\/45)<\/td>\n<td>OR2JBY0961<\/td>\n<td>529\u00a0\u20ac<\/td>\n<td>Storm<\/td>\n<td>XLS<\/td>\n<td>43\/45<\/td>\n<\/tr>\n<tr>\n<td>Waders ORVIS Ultralight Convertible &#8211; X Large (43\/45)<\/td>\n<td>OR2JBY0954<\/td>\n<td>529\u00a0\u20ac<\/td>\n<td>Storm<\/td>\n<td>XL<\/td>\n<td>43\/45<\/td>\n<\/tr>\n<tr>\n<td>Waders ORVIS Ultralight Convertible &#8211; Xx Large (44\/46)<\/td>\n<td>OR2JBY0955<\/td>\n<td>529\u00a0\u20ac<\/td>\n<td>Storm<\/td>\n<td>XXL<\/td>\n<td>44\/46<\/td>\n<\/tr>\n<\/tbody>\n<\/table>\n","protected":false},"excerpt":{"rendered":"<p>&nbsp;<\/p>\n<div id=\"text_content\" class=\"content my-3\">\n<div id=\"text_content\" class=\"content my-3\">\n<div id=\"text_content\" class=\"content my-3\">\n<div id=\"text_content\" class=\"content my-3\">\n<div id=\"text_content\" class=\"content my-3\"><\/div>\n<div id=\"text_presentation\" class=\"content my-3\">\n<div id=\"text_content\" class=\"content my-3\">\n<p>Ce waders offre la possibilit\u00e9 de passer en un clin d\u2019\u0153il en mode pantalon gr\u00e2ce son ing\u00e9nieux syst\u00e8me de bretelles r\u00e9glables avec attaches magn\u00e9tiques FIDLOP SNAP. Ce textile respirant 4 couches 100% nylon + membrane PU est extr\u00eamement l\u00e9ger et agr\u00e9able \u00e0 porter. Il s\u2019adapte parfaitement \u00e0 la p\u00eache sous nos latitudes temp\u00e9r\u00e9es. La coupe du waders est parfaitement ajust\u00e9 avec un entre-jambe et renforc\u00e9 afin d\u2019\u00e9viter l\u2019usure due li\u00e9e aux frottements. Pr\u00e9sence de boucles d\u2019attache en caoutchouc sur les bretelles et poches de rangement pour accessoires. Les gu\u00eatres anti-gravier sont en n\u00e9opr\u00e8ne. Coupe Active Fit pour des performances optimales pour plus de l\u00e9g\u00e8ret\u00e9 et moins d\u2019encombrement.<\/p>\n<\/div>\n<div id=\"text_presentation\" class=\"content my-3\">\n<p>Waders respirants convertibles en pantalon de wading<br \/>\n\u2022 Coupe ajust\u00e9e pour un confort maximum<br \/>\n\u2022 Nouvelle d\u00e9coupe renforc\u00e9e \u00e0 l\u2019entrejambe<br \/>\n\u2022 Respirant 4 couches 100% nylon + membrane PU<br \/>\n\u2022 Syst\u00e8me de bretelles r\u00e9glables avec attaches magn\u00e9tiques FIDLOP SNAP<br \/>\n\u2022 Gu\u00eatres de protection et crochets \u00e0 lacets<br \/>\n\u2022 Poche avant avec fermeture zipp\u00e9e hydrofuge YKK AquaGuard\u00ae<br \/>\n\u2022 Poche int\u00e9rieure en mesh extensible r\u00e9sistant<br \/>\n\u2022 Chaussons n\u00e9opr\u00e8ne pr\u00e9form\u00e9s.<\/p>\n<\/div>\n<\/div>\n<\/div>\n<\/div>\n<\/div>\n<\/div>\n<div id=\"text_presentation\" class=\"content my-3\">\n<div id=\"text_presentation\" class=\"content my-3\">\n<p>&nbsp;<\/p>\n<\/div>\n<\/div>\n","protected":false},"featured_media":4115,"comment_status":"closed","ping_status":"closed","template":"","meta":{"_monsterinsights_skip_tracking":false,"_monsterinsights_sitenote_active":false,"_monsterinsights_sitenote_note":"","_monsterinsights_sitenote_category":0,"site-sidebar-layout":"default","site-content-layout":"content-boxed-container","ast-global-header-display":"","ast-banner-title-visibility":"","ast-main-header-display":"","ast-hfb-above-header-display":"","ast-hfb-below-header-display":"","ast-hfb-mobile-header-display":"","site-post-title":"","ast-breadcrumbs-content":"","ast-featured-img":"","footer-sml-layout":"","theme-transparent-header-meta":"default","adv-header-id-meta":"","stick-header-meta":"","header-above-stick-meta":"","header-main-stick-meta":"","header-below-stick-meta":""},"product_cat":[71],"product_tag":[],"aioseo_notices":[],"_links":{"self":[{"href":"https:\/\/latelier-mouche.fr\/index.php?rest_route=\/wp\/v2\/product\/4102"}],"collection":[{"href":"https:\/\/latelier-mouche.fr\/index.php?rest_route=\/wp\/v2\/product"}],"about":[{"href":"https:\/\/latelier-mouche.fr\/index.php?rest_route=\/wp\/v2\/types\/product"}],"replies":[{"embeddable":true,"href":"https:\/\/latelier-mouche.fr\/index.php?rest_route=%2Fwp%2Fv2%2Fcomments&post=4102"}],"version-history":[{"count":1,"href":"https:\/\/latelier-mouche.fr\/index.php?rest_route=\/wp\/v2\/product\/4102\/revisions"}],"predecessor-version":[{"id":4116,"href":"https:\/\/latelier-mouche.fr\/index.php?rest_route=\/wp\/v2\/product\/4102\/revisions\/4116"}],"wp:featuredmedia":[{"embeddable":true,"href":"https:\/\/latelier-mouche.fr\/index.php?rest_route=\/wp\/v2\/media\/4115"}],"wp:attachment":[{"href":"https:\/\/latelier-mouche.fr\/index.php?rest_route=%2Fwp%2Fv2%2Fmedia&parent=4102"}],"wp:term":[{"taxonomy":"product_cat","embeddable":true,"href":"https:\/\/latelier-mouche.fr\/index.php?rest_route=%2Fwp%2Fv2%2Fproduct_cat&post=4102"},{"taxonomy":"product_tag","embeddable":true,"href":"https:\/\/latelier-mouche.fr\/index.php?rest_route=%2Fwp%2Fv2%2Fproduct_tag&post=4102"}],"curies":[{"name":"wp","href":"https:\/\/api.w.org\/{rel}","templated":true}]}}