{"id":4073,"date":"2024-08-07T22:55:29","date_gmt":"2024-08-07T20:55:29","guid":{"rendered":"https:\/\/latelier-mouche.fr\/?post_type=product&#038;p=4073"},"modified":"2024-08-07T23:03:47","modified_gmt":"2024-08-07T21:03:47","slug":"clearwater-kids","status":"publish","type":"product","link":"https:\/\/latelier-mouche.fr\/?product=clearwater-kids","title":{"rendered":"Clearwater Kids"},"content":{"rendered":"<table>\n<thead>\n<tr>\n<th>Libell\u00e9<\/th>\n<th>R\u00e9f\u00e9rence<\/th>\n<th>Tarif<\/th>\n<th>Coloris<\/th>\n<th>Taille<\/th>\n<th>Pointure<\/th>\n<\/tr>\n<\/thead>\n<tbody>\n<tr>\n<td>Waders ORVIS Clearwater Kids &#8211; Small<\/td>\n<td>OR2TZ00951<\/td>\n<td>299\u00a0\u20ac<\/td>\n<td>Stone<\/td>\n<td>S<\/td>\n<td>36\/38<\/td>\n<\/tr>\n<tr>\n<td>Waders ORVIS Clearwater Kids &#8211; Medium<\/td>\n<td>OR2TZ00952<\/td>\n<td>299\u00a0\u20ac<\/td>\n<td>Stone<\/td>\n<td>M<\/td>\n<td>37\/39<\/td>\n<\/tr>\n<tr>\n<td>Waders ORVIS Clearwater Kids &#8211; Large<\/td>\n<td>OR2TZ00953<\/td>\n<td>299\u00a0\u20ac<\/td>\n<td>Stone<\/td>\n<td>L<\/td>\n<td>38\/40<\/td>\n<\/tr>\n<\/tbody>\n<\/table>\n","protected":false},"excerpt":{"rendered":"<p>&nbsp;<\/p>\n<div id=\"text_content\" class=\"content my-3\">\n<div id=\"text_content\" class=\"content my-3\">\n<div id=\"text_content\" class=\"content my-3\">\n<div id=\"text_content\" class=\"content my-3\"><\/div>\n<div id=\"text_presentation\" class=\"content my-3\">\n<div id=\"text_content\" class=\"content my-3\">\n<p>Ce waders respirant quatre couches et sa membrane polyur\u00e9thane se distingue par sa solidit\u00e9 et son tr\u00e8s bon rapport qualit\u00e9\/prix. Les waders Clearwater sont d\u00e9clin\u00e9s en nombreuses tailles dans le but de s\u2019adapter \u00e0 toutes les morphologies corporelles\u2026 m\u00eame celles des enfants!<\/p>\n<\/div>\n<div id=\"text_presentation\" class=\"content my-3\">\n<p>Waders enfant respirants 4 couches<br \/>\n\u2022 Membrane polyur\u00e9thane<br \/>\n\u2022 Bretelles \u00e9lastiques ajustables avec clip<br \/>\n\u2022 Poche de stockage externe extensible zip\u00e9e<br \/>\n\u2022 Poches chauffe-mains<br \/>\n\u2022 Chausson en n\u00e9opr\u00e8ne pr\u00e9form\u00e9<br \/>\n\u2022 Gu\u00eatres n\u00e9opr\u00e8nes int\u00e9gr\u00e9es.<\/p>\n<\/div>\n<\/div>\n<\/div>\n<\/div>\n<\/div>\n<div id=\"text_presentation\" class=\"content my-3\">\n<div id=\"text_presentation\" class=\"content my-3\">\n<p>&nbsp;<\/p>\n<\/div>\n<\/div>\n","protected":false},"featured_media":4084,"comment_status":"closed","ping_status":"closed","template":"","meta":{"_monsterinsights_skip_tracking":false,"_monsterinsights_sitenote_active":false,"_monsterinsights_sitenote_note":"","_monsterinsights_sitenote_category":0,"site-sidebar-layout":"default","site-content-layout":"content-boxed-container","ast-global-header-display":"","ast-banner-title-visibility":"","ast-main-header-display":"","ast-hfb-above-header-display":"","ast-hfb-below-header-display":"","ast-hfb-mobile-header-display":"","site-post-title":"","ast-breadcrumbs-content":"","ast-featured-img":"","footer-sml-layout":"","theme-transparent-header-meta":"default","adv-header-id-meta":"","stick-header-meta":"","header-above-stick-meta":"","header-main-stick-meta":"","header-below-stick-meta":""},"product_cat":[71],"product_tag":[],"aioseo_notices":[],"_links":{"self":[{"href":"https:\/\/latelier-mouche.fr\/index.php?rest_route=\/wp\/v2\/product\/4073"}],"collection":[{"href":"https:\/\/latelier-mouche.fr\/index.php?rest_route=\/wp\/v2\/product"}],"about":[{"href":"https:\/\/latelier-mouche.fr\/index.php?rest_route=\/wp\/v2\/types\/product"}],"replies":[{"embeddable":true,"href":"https:\/\/latelier-mouche.fr\/index.php?rest_route=%2Fwp%2Fv2%2Fcomments&post=4073"}],"version-history":[{"count":2,"href":"https:\/\/latelier-mouche.fr\/index.php?rest_route=\/wp\/v2\/product\/4073\/revisions"}],"predecessor-version":[{"id":4086,"href":"https:\/\/latelier-mouche.fr\/index.php?rest_route=\/wp\/v2\/product\/4073\/revisions\/4086"}],"wp:featuredmedia":[{"embeddable":true,"href":"https:\/\/latelier-mouche.fr\/index.php?rest_route=\/wp\/v2\/media\/4084"}],"wp:attachment":[{"href":"https:\/\/latelier-mouche.fr\/index.php?rest_route=%2Fwp%2Fv2%2Fmedia&parent=4073"}],"wp:term":[{"taxonomy":"product_cat","embeddable":true,"href":"https:\/\/latelier-mouche.fr\/index.php?rest_route=%2Fwp%2Fv2%2Fproduct_cat&post=4073"},{"taxonomy":"product_tag","embeddable":true,"href":"https:\/\/latelier-mouche.fr\/index.php?rest_route=%2Fwp%2Fv2%2Fproduct_tag&post=4073"}],"curies":[{"name":"wp","href":"https:\/\/api.w.org\/{rel}","templated":true}]}}