{"id":4055,"date":"2024-08-07T22:22:30","date_gmt":"2024-08-07T20:22:30","guid":{"rendered":"https:\/\/latelier-mouche.fr\/?post_type=product&#038;p=4055"},"modified":"2024-08-07T22:44:42","modified_gmt":"2024-08-07T20:44:42","slug":"mirage-lt","status":"publish","type":"product","link":"https:\/\/latelier-mouche.fr\/?product=mirage-lt","title":{"rendered":"Mirage LT"},"content":{"rendered":"<table>\n<thead>\n<tr>\n<th>Libell\u00e9<\/th>\n<th>R\u00e9f\u00e9rence<\/th>\n<th>Tarif<\/th>\n<th>Coloris<\/th>\n<th>Capacit\u00e9<\/th>\n<th>N\u00b0 Soie<br \/>\n(AFTMA)<\/th>\n<th>Diam\u00e8tre<br \/>\n(en mm)<\/th>\n<th>Mati\u00e8re<\/th>\n<th>Poids<br \/>\n(en gr)<\/th>\n<\/tr>\n<\/thead>\n<tbody>\n<tr>\n<td>Moulinet ORVIS Mirage LT I Carbon<\/td>\n<td>OR2MTS0910<\/td>\n<td>519\u00a0\u20ac<\/td>\n<td>Carbon<\/td>\n<td>WF2 + 70m de 20 lbs<\/td>\n<td>#1\/3<\/td>\n<td>79<\/td>\n<td>Aluminium<\/td>\n<td>116<\/td>\n<\/tr>\n<tr>\n<td>Moulinet ORVIS Mirage LT II Olive<\/td>\n<td>OR2MTT2110<\/td>\n<td>549\u00a0\u20ac<\/td>\n<td>Olive<\/td>\n<td>WF4 + 115m de 20 lbs<\/td>\n<td>#3\/5<\/td>\n<td>86<\/td>\n<td>Aluminium<\/td>\n<td>122<\/td>\n<\/tr>\n<tr>\n<td>Moulinet ORVIS Mirage LT II Blackout<\/td>\n<td>OR2MTT6010<\/td>\n<td>549\u00a0\u20ac<\/td>\n<td>Blackout<\/td>\n<td>WF4 + 115m de 20 lbs<\/td>\n<td>#3\/5<\/td>\n<td>86<\/td>\n<td>Aluminium<\/td>\n<td>122<\/td>\n<\/tr>\n<tr>\n<td>Moulinet ORVIS Mirage LT II Pewter<\/td>\n<td>OR2MTT0710<\/td>\n<td>549\u00a0\u20ac<\/td>\n<td>Pewter<\/td>\n<td><\/td>\n<td>#3\/5<\/td>\n<td><\/td>\n<td>Aluminium<\/td>\n<td>122<\/td>\n<\/tr>\n<tr>\n<td>Moulinet ORVIS Mirage LT II Purple<\/td>\n<td>OR2MTT4110<\/td>\n<td>549\u00a0\u20ac<\/td>\n<td>Purple<\/td>\n<td><\/td>\n<td>#3\/5<\/td>\n<td><\/td>\n<td>Aluminium<\/td>\n<td>122<\/td>\n<\/tr>\n<\/tbody>\n<\/table>\n","protected":false},"excerpt":{"rendered":"<p>&nbsp;<\/p>\n<div id=\"text_content\" class=\"content my-3\">\n<div id=\"text_content\" class=\"content my-3\">\n<div id=\"text_content\" class=\"content my-3\">\n<div id=\"text_content\" class=\"content my-3\"><\/div>\n<div id=\"text_presentation\" class=\"content my-3\">\n<div id=\"text_content\" class=\"content my-3\">\n<p>Le moulinet Mirage LT une v\u00e9ritable prouesse technologique, de la firme am\u00e9ricaine qui a cherch\u00e9 \u00e0 offrir un autre mod\u00e8le qui viendrait s\u2019inscrire dans la lign\u00e9e de ces moulinets l\u00e9gendaires. Le mirage LT se veut 30% plus l\u00e9ger et 30% plus compact, s\u2019adapte parfaitement aux p\u00eaches plus fines et l\u00e9g\u00e8res, tout en conservant toutes ses performances uniques. Tout le spectre des r\u00e9glages du frein accessible en une seule rotation compl\u00e8te de la molette.<\/p>\n<\/div>\n<div id=\"text_presentation\" class=\"content my-3\">\n<p>Super Large Arbor<br \/>\n\u2022 Aluminium usin\u00e9 T6 6061<br \/>\n\u2022 Traitement de surface type III<br \/>\n\u2022 Syst\u00e8me de frein 0-360\u00b0 ultra progressif<br \/>\n\u2022 adapt\u00e9 aux p\u00eaches fines<br \/>\n\u2022 Frein \u00e9tanche<br \/>\n\u2022 R\u00e9versible droitier\/gaucher<br \/>\n\u2022 Fabriqu\u00e9 aux USA<\/p>\n<\/div>\n<\/div>\n<\/div>\n<\/div>\n<\/div>\n<div id=\"text_presentation\" class=\"content my-3\">\n<div id=\"text_presentation\" class=\"content my-3\">\n<p>&nbsp;<\/p>\n<\/div>\n<\/div>\n","protected":false},"featured_media":4066,"comment_status":"closed","ping_status":"closed","template":"","meta":{"_monsterinsights_skip_tracking":false,"_monsterinsights_sitenote_active":false,"_monsterinsights_sitenote_note":"","_monsterinsights_sitenote_category":0,"site-sidebar-layout":"default","site-content-layout":"content-boxed-container","ast-global-header-display":"","ast-banner-title-visibility":"","ast-main-header-display":"","ast-hfb-above-header-display":"","ast-hfb-below-header-display":"","ast-hfb-mobile-header-display":"","site-post-title":"","ast-breadcrumbs-content":"","ast-featured-img":"","footer-sml-layout":"","theme-transparent-header-meta":"default","adv-header-id-meta":"","stick-header-meta":"","header-above-stick-meta":"","header-main-stick-meta":"","header-below-stick-meta":""},"product_cat":[70],"product_tag":[],"aioseo_notices":[],"_links":{"self":[{"href":"https:\/\/latelier-mouche.fr\/index.php?rest_route=\/wp\/v2\/product\/4055"}],"collection":[{"href":"https:\/\/latelier-mouche.fr\/index.php?rest_route=\/wp\/v2\/product"}],"about":[{"href":"https:\/\/latelier-mouche.fr\/index.php?rest_route=\/wp\/v2\/types\/product"}],"replies":[{"embeddable":true,"href":"https:\/\/latelier-mouche.fr\/index.php?rest_route=%2Fwp%2Fv2%2Fcomments&post=4055"}],"version-history":[{"count":1,"href":"https:\/\/latelier-mouche.fr\/index.php?rest_route=\/wp\/v2\/product\/4055\/revisions"}],"predecessor-version":[{"id":4071,"href":"https:\/\/latelier-mouche.fr\/index.php?rest_route=\/wp\/v2\/product\/4055\/revisions\/4071"}],"wp:featuredmedia":[{"embeddable":true,"href":"https:\/\/latelier-mouche.fr\/index.php?rest_route=\/wp\/v2\/media\/4066"}],"wp:attachment":[{"href":"https:\/\/latelier-mouche.fr\/index.php?rest_route=%2Fwp%2Fv2%2Fmedia&parent=4055"}],"wp:term":[{"taxonomy":"product_cat","embeddable":true,"href":"https:\/\/latelier-mouche.fr\/index.php?rest_route=%2Fwp%2Fv2%2Fproduct_cat&post=4055"},{"taxonomy":"product_tag","embeddable":true,"href":"https:\/\/latelier-mouche.fr\/index.php?rest_route=%2Fwp%2Fv2%2Fproduct_tag&post=4055"}],"curies":[{"name":"wp","href":"https:\/\/api.w.org\/{rel}","templated":true}]}}