{"id":4040,"date":"2024-08-07T22:16:52","date_gmt":"2024-08-07T20:16:52","guid":{"rendered":"https:\/\/latelier-mouche.fr\/?post_type=product&#038;p=4040"},"modified":"2024-08-07T22:21:54","modified_gmt":"2024-08-07T20:21:54","slug":"hydros-euronymph","status":"publish","type":"product","link":"https:\/\/latelier-mouche.fr\/?product=hydros-euronymph","title":{"rendered":"Hydros Euronymph"},"content":{"rendered":"<table>\n<thead>\n<tr>\n<th>Libell\u00e9<\/th>\n<th>R\u00e9f\u00e9rence<\/th>\n<th>Tarif<\/th>\n<th>Coloris<\/th>\n<th>Capacit\u00e9<\/th>\n<th>N\u00b0 Soie<br \/>\n(AFTMA)<\/th>\n<th>Diam\u00e8tre<br \/>\n(en mm)<\/th>\n<th>Mati\u00e8re<\/th>\n<th>Poids<br \/>\n(en gr)<\/th>\n<\/tr>\n<\/thead>\n<tbody>\n<tr>\n<td>Moulinet ORVIS Hydros II Euro Matteolive<\/td>\n<td>OR3C4B2110<\/td>\n<td>369\u00a0\u20ac<\/td>\n<td>Olive mat<\/td>\n<td>WF4 + 115m de 20 lbs<\/td>\n<td>#3\/5<\/td>\n<td>89<\/td>\n<td>Aluminium<\/td>\n<td>156<\/td>\n<\/tr>\n<\/tbody>\n<\/table>\n","protected":false},"excerpt":{"rendered":"<p>&nbsp;<\/p>\n<div id=\"text_content\" class=\"content my-3\">\n<div id=\"text_content\" class=\"content my-3\">\n<div id=\"text_content\" class=\"content my-3\">\n<div id=\"text_content\" class=\"content my-3\">\n<p>Version euronymphe du moulinet ORVIS Hydros. Ce moulinet en aluminium usin\u00e9 anodis\u00e9 dispose d\u2019un b\u00e2ti cage ferm\u00e9e et dispose d\u2019un design l\u00e9ger pour une bobine large arbor. Il s\u2019adapte parfaitement aux techniques de p\u00eaches en nymphe au fil modernes.<\/p>\n<\/div>\n<div id=\"text_presentation\" class=\"content my-3\">\n<p>Moulinet sp\u00e9cifique \u00e0 la p\u00eache en nymphe au fil<br \/>\n\u2022 D\u00e9clinaison du mod\u00e8le Hydros \u00e9quip\u00e9 d\u2019un b\u00e2ti \u00e0 cage ferm\u00e9e<br \/>\n\u2022 Bobine large arbor<br \/>\n\u2022 Designe a\u00e9r\u00e9<br \/>\n\u2022 Aluminium usin\u00e9 anodis\u00e9<br \/>\n\u2022 Frein microm\u00e9trique \u00e9tanche multi-disques.<\/p>\n<\/div>\n<\/div>\n<\/div>\n<\/div>\n<div id=\"text_presentation\" class=\"content my-3\">\n<div id=\"text_presentation\" class=\"content my-3\">\n<p>&nbsp;<\/p>\n<\/div>\n<\/div>\n","protected":false},"featured_media":4051,"comment_status":"closed","ping_status":"closed","template":"","meta":{"_monsterinsights_skip_tracking":false,"_monsterinsights_sitenote_active":false,"_monsterinsights_sitenote_note":"","_monsterinsights_sitenote_category":0,"site-sidebar-layout":"default","site-content-layout":"content-boxed-container","ast-global-header-display":"","ast-banner-title-visibility":"","ast-main-header-display":"","ast-hfb-above-header-display":"","ast-hfb-below-header-display":"","ast-hfb-mobile-header-display":"","site-post-title":"","ast-breadcrumbs-content":"","ast-featured-img":"","footer-sml-layout":"","theme-transparent-header-meta":"default","adv-header-id-meta":"","stick-header-meta":"","header-above-stick-meta":"","header-main-stick-meta":"","header-below-stick-meta":""},"product_cat":[70],"product_tag":[],"aioseo_notices":[],"_links":{"self":[{"href":"https:\/\/latelier-mouche.fr\/index.php?rest_route=\/wp\/v2\/product\/4040"}],"collection":[{"href":"https:\/\/latelier-mouche.fr\/index.php?rest_route=\/wp\/v2\/product"}],"about":[{"href":"https:\/\/latelier-mouche.fr\/index.php?rest_route=\/wp\/v2\/types\/product"}],"replies":[{"embeddable":true,"href":"https:\/\/latelier-mouche.fr\/index.php?rest_route=%2Fwp%2Fv2%2Fcomments&post=4040"}],"version-history":[{"count":1,"href":"https:\/\/latelier-mouche.fr\/index.php?rest_route=\/wp\/v2\/product\/4040\/revisions"}],"predecessor-version":[{"id":4054,"href":"https:\/\/latelier-mouche.fr\/index.php?rest_route=\/wp\/v2\/product\/4040\/revisions\/4054"}],"wp:featuredmedia":[{"embeddable":true,"href":"https:\/\/latelier-mouche.fr\/index.php?rest_route=\/wp\/v2\/media\/4051"}],"wp:attachment":[{"href":"https:\/\/latelier-mouche.fr\/index.php?rest_route=%2Fwp%2Fv2%2Fmedia&parent=4040"}],"wp:term":[{"taxonomy":"product_cat","embeddable":true,"href":"https:\/\/latelier-mouche.fr\/index.php?rest_route=%2Fwp%2Fv2%2Fproduct_cat&post=4040"},{"taxonomy":"product_tag","embeddable":true,"href":"https:\/\/latelier-mouche.fr\/index.php?rest_route=%2Fwp%2Fv2%2Fproduct_tag&post=4040"}],"curies":[{"name":"wp","href":"https:\/\/api.w.org\/{rel}","templated":true}]}}