{"id":4025,"date":"2024-08-07T18:04:01","date_gmt":"2024-08-07T16:04:01","guid":{"rendered":"https:\/\/latelier-mouche.fr\/?post_type=product&#038;p=4025"},"modified":"2024-08-07T18:18:36","modified_gmt":"2024-08-07T16:18:36","slug":"battenkill-click","status":"publish","type":"product","link":"https:\/\/latelier-mouche.fr\/?product=battenkill-click","title":{"rendered":"Battenkill  Click"},"content":{"rendered":"<table>\n<thead>\n<tr>\n<th>Libell\u00e9<\/th>\n<th>R\u00e9f\u00e9rence<\/th>\n<th>Tarif<\/th>\n<th>Coloris<\/th>\n<th>Capacit\u00e9<\/th>\n<th>N\u00b0 Soie<br \/>\n(AFTMA)<\/th>\n<th>Diam\u00e8tre<br \/>\n(en mm)<\/th>\n<th>Mati\u00e8re<\/th>\n<th>Poids<br \/>\n(en gr)<\/th>\n<\/tr>\n<\/thead>\n<tbody>\n<tr>\n<td>Moulinet ORVIS Battenkill Click I Silver<\/td>\n<td>OR3FTH0910<\/td>\n<td>179\u00a0\u20ac<\/td>\n<td>Silver<\/td>\n<td>WF2 + 65m de 20 lbs<\/td>\n<td>#1\/3<\/td>\n<td>71<\/td>\n<td>Aluminium<\/td>\n<td>96<\/td>\n<\/tr>\n<tr>\n<td>Moulinet ORVIS Battenkill Click I Bronze<\/td>\n<td>OR3FTH1510<\/td>\n<td>179\u00a0\u20ac<\/td>\n<td>Bronze<\/td>\n<td>WF2 + 65m de 20 lbs<\/td>\n<td>#1\/3<\/td>\n<td>71<\/td>\n<td>Aluminium<\/td>\n<td>96<\/td>\n<\/tr>\n<tr>\n<td>Moulinet ORVIS Battenkill Click II Silver<\/td>\n<td>OR3FTT0910<\/td>\n<td>189\u00a0\u20ac<\/td>\n<td>Silver<\/td>\n<td>WF4 + 65m de 20 lbs<\/td>\n<td>#3\/5<\/td>\n<td>76<\/td>\n<td>Aluminium<\/td>\n<td>108<\/td>\n<\/tr>\n<tr>\n<td>Moulinet ORVIS Battenkill Click II Bronze<\/td>\n<td>OR3FTT1510<\/td>\n<td>189\u00a0\u20ac<\/td>\n<td>Bronze<\/td>\n<td>WF4 + 65m de 20 lbs<\/td>\n<td>#3\/5<\/td>\n<td>76<\/td>\n<td>Aluminium<\/td>\n<td>108<\/td>\n<\/tr>\n<tr>\n<td>Moulinet ORVIS Battenkill Click III Silver<\/td>\n<td>OR3FTX0910<\/td>\n<td>199\u00a0\u20ac<\/td>\n<td>Silver<\/td>\n<td>WF6 + 90m de 20 lbs<\/td>\n<td>#5\/7<\/td>\n<td>82<\/td>\n<td>Aluminium<\/td>\n<td>116<\/td>\n<\/tr>\n<tr>\n<td>Moulinet ORVIS Battenkill Click III Bronze<\/td>\n<td>OR3FTX1510<\/td>\n<td>199\u00a0\u20ac<\/td>\n<td>Bronze<\/td>\n<td>WF6 + 90m de 20 lbs<\/td>\n<td>#5\/7<\/td>\n<td>82<\/td>\n<td>Aluminium<\/td>\n<td>116<\/td>\n<\/tr>\n<\/tbody>\n<\/table>\n","protected":false},"excerpt":{"rendered":"<p>&nbsp;<\/p>\n<div id=\"text_content\" class=\"content my-3\">\n<div id=\"text_content\" class=\"content my-3\">\n<div id=\"text_content\" class=\"content my-3\"><\/div>\n<div id=\"text_presentation\" class=\"content my-3\">\n<div id=\"text_content\" class=\"content my-3\">\n<p>La nouvelle g\u00e9n\u00e9ration de ce classique des moulinets Orvis. Revisit\u00e9s pour des performances am\u00e9lior\u00e9es et une esth\u00e9tique encore plus affirm\u00e9e, ils sont \u00e9quip\u00e9s d\u2019un syst\u00e8me de frein \u00e0 cliquets pr\u00e9r\u00e9gl\u00e9 et d\u2019un pied de moulinet incurv\u00e9<\/p>\n<\/div>\n<div id=\"text_presentation\" class=\"content my-3\">\n<p>Moulinet en aluminium usin\u00e9<br \/>\n\u2022 Diam\u00e8tre de bobine \u00e9troit<br \/>\n\u2022 Anodis\u00e9 Silver ou Bronze<br \/>\n\u2022 Frein \u00e0 cliquet<br \/>\n\u2022 Design traditionnel<br \/>\n\u2022 Convient pour des cannes courtes et p\u00eaches fines.<\/p>\n<\/div>\n<\/div>\n<\/div>\n<\/div>\n<div id=\"text_presentation\" class=\"content my-3\">\n<div id=\"text_presentation\" class=\"content my-3\">\n<p>&nbsp;<\/p>\n<\/div>\n<\/div>\n","protected":false},"featured_media":4036,"comment_status":"closed","ping_status":"closed","template":"","meta":{"_monsterinsights_skip_tracking":false,"_monsterinsights_sitenote_active":false,"_monsterinsights_sitenote_note":"","_monsterinsights_sitenote_category":0,"site-sidebar-layout":"default","site-content-layout":"content-boxed-container","ast-global-header-display":"","ast-banner-title-visibility":"","ast-main-header-display":"","ast-hfb-above-header-display":"","ast-hfb-below-header-display":"","ast-hfb-mobile-header-display":"","site-post-title":"","ast-breadcrumbs-content":"","ast-featured-img":"","footer-sml-layout":"","theme-transparent-header-meta":"default","adv-header-id-meta":"","stick-header-meta":"","header-above-stick-meta":"","header-main-stick-meta":"","header-below-stick-meta":""},"product_cat":[70],"product_tag":[],"aioseo_notices":[],"_links":{"self":[{"href":"https:\/\/latelier-mouche.fr\/index.php?rest_route=\/wp\/v2\/product\/4025"}],"collection":[{"href":"https:\/\/latelier-mouche.fr\/index.php?rest_route=\/wp\/v2\/product"}],"about":[{"href":"https:\/\/latelier-mouche.fr\/index.php?rest_route=\/wp\/v2\/types\/product"}],"replies":[{"embeddable":true,"href":"https:\/\/latelier-mouche.fr\/index.php?rest_route=%2Fwp%2Fv2%2Fcomments&post=4025"}],"version-history":[{"count":1,"href":"https:\/\/latelier-mouche.fr\/index.php?rest_route=\/wp\/v2\/product\/4025\/revisions"}],"predecessor-version":[{"id":4039,"href":"https:\/\/latelier-mouche.fr\/index.php?rest_route=\/wp\/v2\/product\/4025\/revisions\/4039"}],"wp:featuredmedia":[{"embeddable":true,"href":"https:\/\/latelier-mouche.fr\/index.php?rest_route=\/wp\/v2\/media\/4036"}],"wp:attachment":[{"href":"https:\/\/latelier-mouche.fr\/index.php?rest_route=%2Fwp%2Fv2%2Fmedia&parent=4025"}],"wp:term":[{"taxonomy":"product_cat","embeddable":true,"href":"https:\/\/latelier-mouche.fr\/index.php?rest_route=%2Fwp%2Fv2%2Fproduct_cat&post=4025"},{"taxonomy":"product_tag","embeddable":true,"href":"https:\/\/latelier-mouche.fr\/index.php?rest_route=%2Fwp%2Fv2%2Fproduct_tag&post=4025"}],"curies":[{"name":"wp","href":"https:\/\/api.w.org\/{rel}","templated":true}]}}