{"id":3997,"date":"2024-08-07T17:38:59","date_gmt":"2024-08-07T15:38:59","guid":{"rendered":"https:\/\/latelier-mouche.fr\/?post_type=product&#038;p=3997"},"modified":"2024-08-07T17:45:49","modified_gmt":"2024-08-07T15:45:49","slug":"clearwater-2","status":"publish","type":"product","link":"https:\/\/latelier-mouche.fr\/?product=clearwater-2","title":{"rendered":"Clearwater"},"content":{"rendered":"<table>\n<thead>\n<tr>\n<th>Libell\u00e9<\/th>\n<th>R\u00e9f\u00e9rence<\/th>\n<th>Tarif<\/th>\n<th>Coloris<\/th>\n<th>Capacit\u00e9<\/th>\n<th>N\u00b0 Soie<br \/>\n(AFTMA)<\/th>\n<th>Diam\u00e8tre<br \/>\n(en mm)<\/th>\n<th>Mati\u00e8re<\/th>\n<th>Poids<br \/>\n(en gr)<\/th>\n<\/tr>\n<\/thead>\n<tbody>\n<tr>\n<td>Moulinet ORVIS Clearwater Large Arbor II Gray<\/td>\n<td>OR2S536109<\/td>\n<td>139\u00a0\u20ac<\/td>\n<td>Gray<\/td>\n<td>WF4 + 90m de 20lbs<\/td>\n<td>#3\/5<\/td>\n<td>89<\/td>\n<td>Aluminium<\/td>\n<td>153<\/td>\n<\/tr>\n<\/tbody>\n<\/table>\n","protected":false},"excerpt":{"rendered":"<p>&nbsp;<\/p>\n<div id=\"text_content\" class=\"content my-3\">\n<div id=\"text_content\" class=\"content my-3\"><\/div>\n<div id=\"text_presentation\" class=\"content my-3\">\n<div id=\"text_content\" class=\"content my-3\"><\/div>\n<div id=\"text_presentation\" class=\"content my-3\">\n<div id=\"text_content\" class=\"content my-3\">\n<p>Le moulinet Clearwater et son rev\u00eatement gris mat poudr\u00e9 s\u2019associe \u00e0 merveille aux cannes du m\u00eame nom. Dot\u00e9 d\u2019un frein \u00e0 cliquet haute pr\u00e9cision constitu\u00e9 d\u2019une superposition de disques en carbone et inoxydables et d\u2019un b\u00e2ti Large Arbor en aluminium moul\u00e9, le moulinet Clearwater avec son design a\u00e9r\u00e9, se retrouve en quatre tailles pour permettre de couvrir les besoins sp\u00e9cifiques des p\u00eacheurs de tous les niveaux.<\/p>\n<\/div>\n<div id=\"text_presentation\" class=\"content my-3\">\n<p>Moulinet Large Arbor<br \/>\n\u2022 Aluminium moul\u00e9<br \/>\n\u2022 Rev\u00eatement gris mat poudr\u00e9<br \/>\n\u2022 Frein \u00e0 cliquet haute pr\u00e9cision<br \/>\n\u2022 Design a\u00e9r\u00e9.<\/p>\n<\/div>\n<\/div>\n<\/div>\n<\/div>\n<div id=\"text_presentation\" class=\"content my-3\">\n<div id=\"text_presentation\" class=\"content my-3\">\n<p>&nbsp;<\/p>\n<\/div>\n<\/div>\n","protected":false},"featured_media":4008,"comment_status":"closed","ping_status":"closed","template":"","meta":{"_monsterinsights_skip_tracking":false,"_monsterinsights_sitenote_active":false,"_monsterinsights_sitenote_note":"","_monsterinsights_sitenote_category":0,"site-sidebar-layout":"default","site-content-layout":"content-boxed-container","ast-global-header-display":"","ast-banner-title-visibility":"","ast-main-header-display":"","ast-hfb-above-header-display":"","ast-hfb-below-header-display":"","ast-hfb-mobile-header-display":"","site-post-title":"","ast-breadcrumbs-content":"","ast-featured-img":"","footer-sml-layout":"","theme-transparent-header-meta":"default","adv-header-id-meta":"","stick-header-meta":"","header-above-stick-meta":"","header-main-stick-meta":"","header-below-stick-meta":""},"product_cat":[70],"product_tag":[],"aioseo_notices":[],"_links":{"self":[{"href":"https:\/\/latelier-mouche.fr\/index.php?rest_route=\/wp\/v2\/product\/3997"}],"collection":[{"href":"https:\/\/latelier-mouche.fr\/index.php?rest_route=\/wp\/v2\/product"}],"about":[{"href":"https:\/\/latelier-mouche.fr\/index.php?rest_route=\/wp\/v2\/types\/product"}],"replies":[{"embeddable":true,"href":"https:\/\/latelier-mouche.fr\/index.php?rest_route=%2Fwp%2Fv2%2Fcomments&post=3997"}],"version-history":[{"count":2,"href":"https:\/\/latelier-mouche.fr\/index.php?rest_route=\/wp\/v2\/product\/3997\/revisions"}],"predecessor-version":[{"id":4010,"href":"https:\/\/latelier-mouche.fr\/index.php?rest_route=\/wp\/v2\/product\/3997\/revisions\/4010"}],"wp:featuredmedia":[{"embeddable":true,"href":"https:\/\/latelier-mouche.fr\/index.php?rest_route=\/wp\/v2\/media\/4008"}],"wp:attachment":[{"href":"https:\/\/latelier-mouche.fr\/index.php?rest_route=%2Fwp%2Fv2%2Fmedia&parent=3997"}],"wp:term":[{"taxonomy":"product_cat","embeddable":true,"href":"https:\/\/latelier-mouche.fr\/index.php?rest_route=%2Fwp%2Fv2%2Fproduct_cat&post=3997"},{"taxonomy":"product_tag","embeddable":true,"href":"https:\/\/latelier-mouche.fr\/index.php?rest_route=%2Fwp%2Fv2%2Fproduct_tag&post=3997"}],"curies":[{"name":"wp","href":"https:\/\/api.w.org\/{rel}","templated":true}]}}