{"id":3942,"date":"2024-08-07T11:36:10","date_gmt":"2024-08-07T09:36:10","guid":{"rendered":"https:\/\/latelier-mouche.fr\/?post_type=product&#038;p=3942"},"modified":"2025-10-30T17:07:38","modified_gmt":"2025-10-30T16:07:38","slug":"kit-encounter","status":"publish","type":"product","link":"https:\/\/latelier-mouche.fr\/?product=kit-encounter","title":{"rendered":"Kit Encounter"},"content":{"rendered":"","protected":false},"excerpt":{"rendered":"<p>&nbsp;<\/p>\n<div id=\"text_content\" class=\"content my-3\">\n<p>Id\u00e9al pour d\u00e9buter la p\u00eache \u00e0 la mouche dans des conditions optimales, cet ensemble est compos\u00e9 d\u2019une canne Encounter d\u2019action semi-rapide, d\u2019un moulinet large arbor Encounter garni d\u2019une soie WF flottante, d\u2019un backing ainsi que d\u2019un bas de ligne ultra polyvalent. Livr\u00e9 en \u00e9tui cordura.<\/p>\n<\/div>\n<div id=\"text_presentation\" class=\"content my-3\">\n<p>Kit compos\u00e9 d\u2019une canne Encounter d\u2019action semi-rapide<br \/>\n\u2022 un moulinet large arbor Encounter garni d\u2019une soie WF flottante, backing et bas de ligne<br \/>\n\u2022 livr\u00e9 en \u00e9tui cordura<\/p>\n<\/div>\n<div id=\"text_presentation\" class=\"content my-3\">\n<div id=\"text_presentation\" class=\"content my-3\">\n<p>&nbsp;<\/p>\n<\/div>\n<\/div>\n","protected":false},"featured_media":3955,"comment_status":"closed","ping_status":"closed","template":"","meta":{"_monsterinsights_skip_tracking":false,"_monsterinsights_sitenote_active":false,"_monsterinsights_sitenote_note":"","_monsterinsights_sitenote_category":0,"site-sidebar-layout":"default","site-content-layout":"content-boxed-container","ast-global-header-display":"","ast-banner-title-visibility":"","ast-main-header-display":"","ast-hfb-above-header-display":"","ast-hfb-below-header-display":"","ast-hfb-mobile-header-display":"","site-post-title":"","ast-breadcrumbs-content":"","ast-featured-img":"","footer-sml-layout":"","theme-transparent-header-meta":"default","adv-header-id-meta":"","stick-header-meta":"","header-above-stick-meta":"","header-main-stick-meta":"","header-below-stick-meta":""},"product_cat":[69],"product_tag":[],"aioseo_notices":[],"_links":{"self":[{"href":"https:\/\/latelier-mouche.fr\/index.php?rest_route=\/wp\/v2\/product\/3942"}],"collection":[{"href":"https:\/\/latelier-mouche.fr\/index.php?rest_route=\/wp\/v2\/product"}],"about":[{"href":"https:\/\/latelier-mouche.fr\/index.php?rest_route=\/wp\/v2\/types\/product"}],"replies":[{"embeddable":true,"href":"https:\/\/latelier-mouche.fr\/index.php?rest_route=%2Fwp%2Fv2%2Fcomments&post=3942"}],"version-history":[{"count":3,"href":"https:\/\/latelier-mouche.fr\/index.php?rest_route=\/wp\/v2\/product\/3942\/revisions"}],"predecessor-version":[{"id":5463,"href":"https:\/\/latelier-mouche.fr\/index.php?rest_route=\/wp\/v2\/product\/3942\/revisions\/5463"}],"wp:featuredmedia":[{"embeddable":true,"href":"https:\/\/latelier-mouche.fr\/index.php?rest_route=\/wp\/v2\/media\/3955"}],"wp:attachment":[{"href":"https:\/\/latelier-mouche.fr\/index.php?rest_route=%2Fwp%2Fv2%2Fmedia&parent=3942"}],"wp:term":[{"taxonomy":"product_cat","embeddable":true,"href":"https:\/\/latelier-mouche.fr\/index.php?rest_route=%2Fwp%2Fv2%2Fproduct_cat&post=3942"},{"taxonomy":"product_tag","embeddable":true,"href":"https:\/\/latelier-mouche.fr\/index.php?rest_route=%2Fwp%2Fv2%2Fproduct_tag&post=3942"}],"curies":[{"name":"wp","href":"https:\/\/api.w.org\/{rel}","templated":true}]}}