{"id":3877,"date":"2024-08-07T10:47:08","date_gmt":"2024-08-07T08:47:08","guid":{"rendered":"https:\/\/latelier-mouche.fr\/?post_type=product&#038;p=3877"},"modified":"2024-08-07T10:54:57","modified_gmt":"2024-08-07T08:54:57","slug":"chaussures-integral-gr-feutre","status":"publish","type":"product","link":"https:\/\/latelier-mouche.fr\/?product=chaussures-integral-gr-feutre","title":{"rendered":"Chaussures Integral GR FEUTRE"},"content":{"rendered":"","protected":false},"excerpt":{"rendered":"<p>&nbsp;<\/p>\n<div id=\"text_content\" class=\"content my-3\">\n<div id=\"text_content\" class=\"content my-3\"><\/div>\n<div id=\"text_presentation\" class=\"content my-3\">\n<div id=\"text_content\" class=\"content my-3\">\n<p>R\u00e9put\u00e9es pour leur rapport\/qualit\u00e9 prix exceptionnel, les chaussures de wading Int\u00e9gral GR s\u2019accompagne d\u2019une conception et d\u2019un relooking toujours plus abouti, \u00e0 l\u2019image des nouvelles semelles vibram Idrogrip qui la composent. La tige en toile imputrescible garantit \u00e0 la fois solidit\u00e9 et rapidit\u00e9 de s\u00e9chage. Ces chaussures de wading allient \u00e0 la perfection robustesse et confort. Leur conception leur conf\u00e8re un excellent matien de la cheville. Elles sont r\u00e9alis\u00e9es avec des mat\u00e9rieux imputrescibles qui s\u00e8chent rapidement sans s\u2019alt\u00e9rer. Leur look moderne se marie parfaitement avec tous les waders.<\/p>\n<\/div>\n<div id=\"text_presentation\" class=\"content my-3\">\n<p>Chaussures de wading r\u00e9alis\u00e9es en toile imputrescible resistante et ultra-l\u00e9g\u00e8re<br \/>\n\u2022 S\u00e9chage rapide<br \/>\n\u2022 Renforts caoutchouc avant\/arri\u00e8re<br \/>\n\u2022 Coupe anatomique et mousse haute densit\u00e9 en contour de cheville pour un confort optimal<br \/>\n\u2022 Semelle Feutre<\/p>\n<\/div>\n<\/div>\n<\/div>\n<div id=\"text_presentation\" class=\"content my-3\">\n<div id=\"text_presentation\" class=\"content my-3\">\n<p>&nbsp;<\/p>\n<\/div>\n<\/div>\n","protected":false},"featured_media":3888,"comment_status":"closed","ping_status":"closed","template":"","meta":{"_monsterinsights_skip_tracking":false,"_monsterinsights_sitenote_active":false,"_monsterinsights_sitenote_note":"","_monsterinsights_sitenote_category":0,"site-sidebar-layout":"default","site-content-layout":"content-boxed-container","ast-global-header-display":"","ast-banner-title-visibility":"","ast-main-header-display":"","ast-hfb-above-header-display":"","ast-hfb-below-header-display":"","ast-hfb-mobile-header-display":"","site-post-title":"","ast-breadcrumbs-content":"","ast-featured-img":"","footer-sml-layout":"","theme-transparent-header-meta":"default","adv-header-id-meta":"","stick-header-meta":"","header-above-stick-meta":"","header-main-stick-meta":"","header-below-stick-meta":""},"product_cat":[67],"product_tag":[],"aioseo_notices":[],"_links":{"self":[{"href":"https:\/\/latelier-mouche.fr\/index.php?rest_route=\/wp\/v2\/product\/3877"}],"collection":[{"href":"https:\/\/latelier-mouche.fr\/index.php?rest_route=\/wp\/v2\/product"}],"about":[{"href":"https:\/\/latelier-mouche.fr\/index.php?rest_route=\/wp\/v2\/types\/product"}],"replies":[{"embeddable":true,"href":"https:\/\/latelier-mouche.fr\/index.php?rest_route=%2Fwp%2Fv2%2Fcomments&post=3877"}],"version-history":[{"count":2,"href":"https:\/\/latelier-mouche.fr\/index.php?rest_route=\/wp\/v2\/product\/3877\/revisions"}],"predecessor-version":[{"id":3902,"href":"https:\/\/latelier-mouche.fr\/index.php?rest_route=\/wp\/v2\/product\/3877\/revisions\/3902"}],"wp:featuredmedia":[{"embeddable":true,"href":"https:\/\/latelier-mouche.fr\/index.php?rest_route=\/wp\/v2\/media\/3888"}],"wp:attachment":[{"href":"https:\/\/latelier-mouche.fr\/index.php?rest_route=%2Fwp%2Fv2%2Fmedia&parent=3877"}],"wp:term":[{"taxonomy":"product_cat","embeddable":true,"href":"https:\/\/latelier-mouche.fr\/index.php?rest_route=%2Fwp%2Fv2%2Fproduct_cat&post=3877"},{"taxonomy":"product_tag","embeddable":true,"href":"https:\/\/latelier-mouche.fr\/index.php?rest_route=%2Fwp%2Fv2%2Fproduct_tag&post=3877"}],"curies":[{"name":"wp","href":"https:\/\/api.w.org\/{rel}","templated":true}]}}