{"id":3864,"date":"2024-08-07T10:41:14","date_gmt":"2024-08-07T08:41:14","guid":{"rendered":"https:\/\/latelier-mouche.fr\/?post_type=product&#038;p=3864"},"modified":"2025-10-30T16:56:07","modified_gmt":"2025-10-30T15:56:07","slug":"chaussures-rider-feutre","status":"publish","type":"product","link":"https:\/\/latelier-mouche.fr\/?product=chaussures-rider-feutre","title":{"rendered":"Chaussures Rider FEUTRE"},"content":{"rendered":"","protected":false},"excerpt":{"rendered":"<p>&nbsp;<\/p>\n<div id=\"text_content\" class=\"content my-3\">\n<div id=\"text_content\" class=\"content my-3\">\n<p>Ces chaussures de wading allient \u00e0 la perfection robustesse et confort. Leur conception leur conf\u00e8re un excellent matien de la cheville. Elles sont r\u00e9alis\u00e9es avec des mat\u00e9rieux imputrescibles qui s\u00e8chent rapidement sans s\u2019alt\u00e9rer. Leur look moderne se marie parfaitement avec tous les waders.<\/p>\n<\/div>\n<div id=\"text_presentation\" class=\"content my-3\">\n<p>Chaussures de wading r\u00e9alis\u00e9es en cuir naturel 100%<br \/>\n\u2022 Renforts caoutchouc haute densit\u00e9 avant\/arri\u00e8re<br \/>\n\u2022 Coutures triples<br \/>\n\u2022 Robustes et confortables<br \/>\n\u2022 Excellent maintien de la cheville<br \/>\n\u2022 Leur look moderne se marie parfaitement avec tous les waders<br \/>\n\u2022 Semelles feutre<\/p>\n<\/div>\n<\/div>\n<div id=\"text_presentation\" class=\"content my-3\">\n<div id=\"text_presentation\" class=\"content my-3\">\n<p>&nbsp;<\/p>\n<\/div>\n<\/div>\n","protected":false},"featured_media":3874,"comment_status":"closed","ping_status":"closed","template":"","meta":{"_monsterinsights_skip_tracking":false,"_monsterinsights_sitenote_active":false,"_monsterinsights_sitenote_note":"","_monsterinsights_sitenote_category":0,"site-sidebar-layout":"default","site-content-layout":"content-boxed-container","ast-global-header-display":"","ast-banner-title-visibility":"","ast-main-header-display":"","ast-hfb-above-header-display":"","ast-hfb-below-header-display":"","ast-hfb-mobile-header-display":"","site-post-title":"","ast-breadcrumbs-content":"","ast-featured-img":"","footer-sml-layout":"","theme-transparent-header-meta":"default","adv-header-id-meta":"","stick-header-meta":"","header-above-stick-meta":"","header-main-stick-meta":"","header-below-stick-meta":""},"product_cat":[67],"product_tag":[],"aioseo_notices":[],"_links":{"self":[{"href":"https:\/\/latelier-mouche.fr\/index.php?rest_route=\/wp\/v2\/product\/3864"}],"collection":[{"href":"https:\/\/latelier-mouche.fr\/index.php?rest_route=\/wp\/v2\/product"}],"about":[{"href":"https:\/\/latelier-mouche.fr\/index.php?rest_route=\/wp\/v2\/types\/product"}],"replies":[{"embeddable":true,"href":"https:\/\/latelier-mouche.fr\/index.php?rest_route=%2Fwp%2Fv2%2Fcomments&post=3864"}],"version-history":[{"count":2,"href":"https:\/\/latelier-mouche.fr\/index.php?rest_route=\/wp\/v2\/product\/3864\/revisions"}],"predecessor-version":[{"id":3903,"href":"https:\/\/latelier-mouche.fr\/index.php?rest_route=\/wp\/v2\/product\/3864\/revisions\/3903"}],"wp:featuredmedia":[{"embeddable":true,"href":"https:\/\/latelier-mouche.fr\/index.php?rest_route=\/wp\/v2\/media\/3874"}],"wp:attachment":[{"href":"https:\/\/latelier-mouche.fr\/index.php?rest_route=%2Fwp%2Fv2%2Fmedia&parent=3864"}],"wp:term":[{"taxonomy":"product_cat","embeddable":true,"href":"https:\/\/latelier-mouche.fr\/index.php?rest_route=%2Fwp%2Fv2%2Fproduct_cat&post=3864"},{"taxonomy":"product_tag","embeddable":true,"href":"https:\/\/latelier-mouche.fr\/index.php?rest_route=%2Fwp%2Fv2%2Fproduct_tag&post=3864"}],"curies":[{"name":"wp","href":"https:\/\/api.w.org\/{rel}","templated":true}]}}