{"id":3852,"date":"2024-08-07T10:32:10","date_gmt":"2024-08-07T08:32:10","guid":{"rendered":"https:\/\/latelier-mouche.fr\/?post_type=product&#038;p=3852"},"modified":"2024-08-07T10:38:36","modified_gmt":"2024-08-07T08:38:36","slug":"waders-rider","status":"publish","type":"product","link":"https:\/\/latelier-mouche.fr\/?product=waders-rider","title":{"rendered":"Waders Rider"},"content":{"rendered":"<div id=\"variations\" class=\"row my-6\">\n<table>\n<thead>\n<tr>\n<th>Libell\u00e9<\/th>\n<th>R\u00e9f\u00e9rence<\/th>\n<th>Tarif<\/th>\n<th>Coloris<\/th>\n<th>Taille<\/th>\n<th>Pointure<\/th>\n<\/tr>\n<\/thead>\n<tbody>\n<tr>\n<td>Waders HYDROX Rider 4K XS &#8211; 37\/38<\/td>\n<td>HYGBK2300CAMO-XS<\/td>\n<td>339\u00a0\u20ac<\/td>\n<td>Camou<\/td>\n<td>XS<\/td>\n<td>37\/38<\/td>\n<\/tr>\n<tr>\n<td>Waders HYDROX Rider 4K S &#8211; 39\/40<\/td>\n<td>HYGBK2300CAMO-S<\/td>\n<td>339\u00a0\u20ac<\/td>\n<td>Camou<\/td>\n<td>S<\/td>\n<td>39\/40<\/td>\n<\/tr>\n<tr>\n<td>Waders HYDROX Rider 4K M &#8211; 41\/42<\/td>\n<td>HYGBK2300CAMO-M<\/td>\n<td>339\u00a0\u20ac<\/td>\n<td>Camou<\/td>\n<td>M<\/td>\n<td>41\/42<\/td>\n<\/tr>\n<tr>\n<td>Waders HYDROX Rider 4K L &#8211; 43\/44<\/td>\n<td>HYGBK2300CAMO-L<\/td>\n<td>339\u00a0\u20ac<\/td>\n<td>Camou<\/td>\n<td>L<\/td>\n<td>43\/44<\/td>\n<\/tr>\n<tr>\n<td>Waders HYDROX Rider 4K XL &#8211; 45\/46<\/td>\n<td>HYGBK2300CAMO-XL<\/td>\n<td>339\u00a0\u20ac<\/td>\n<td>Camou<\/td>\n<td>XL<\/td>\n<td>45\/46<\/td>\n<\/tr>\n<tr>\n<td>Waders HYDROX Rider 4K XXL &#8211; 47\/48<\/td>\n<td>HYGBK2300CAMO-XXL<\/td>\n<td>339\u00a0\u20ac<\/td>\n<td>Camou<\/td>\n<td>XXL<\/td>\n<td>47\/48<\/td>\n<\/tr>\n<\/tbody>\n<\/table>\n<\/div>\n","protected":false},"excerpt":{"rendered":"<p>&nbsp;<\/p>\n<div id=\"text_content\" class=\"content my-3\"><\/div>\n<div id=\"text_presentation\" class=\"content my-3\">\n<div id=\"text_content\" class=\"content my-3\">\n<p>Con\u00e7u en 3 et 4 couches techniques, le waders Rider 4K allie confort, robustesse et modularit\u00e9. Dot\u00e9 de bretelles \u00e0 r\u00e9glage rapide, il se veut convertible en pantalon de wading pour davantage de mobilit\u00e9 et de polyvalence. Il est \u00e9quip\u00e9 d\u2019une large poche ventrale. Sa coupe est ajust\u00e9e aux genoux et les coutures sont invisibles. Il dispose de nombreux arguments techniques qui s\u00e9duiront les p\u00eacheurs les plus exigeants<\/p>\n<\/div>\n<div id=\"text_presentation\" class=\"content my-3\">\n<p>Mod\u00e8le imperm\u00e9able et respirant r\u00e9alis\u00e9 en 4 couches sur la partie basses et 3 couches sur la partie haute<br \/>\n\u2022 convertible en pantalon<br \/>\n\u2022 large poche ventrale<br \/>\n\u2022 poche int\u00e9rieure<br \/>\n\u2022 coutures invisibles<br \/>\n\u2022 coupe anatomique et coutures arri\u00e8res en partie basse<br \/>\n\u2022 chaussons n\u00e9opr\u00e8ne bi-densit\u00e9<br \/>\n\u2022 semelle antid\u00e9rapante<\/p>\n<\/div>\n<\/div>\n<div id=\"text_presentation\" class=\"content my-3\">\n<div id=\"text_presentation\" class=\"content my-3\">\n<p>&nbsp;<\/p>\n<\/div>\n<\/div>\n","protected":false},"featured_media":3862,"comment_status":"closed","ping_status":"closed","template":"","meta":{"_monsterinsights_skip_tracking":false,"_monsterinsights_sitenote_active":false,"_monsterinsights_sitenote_note":"","_monsterinsights_sitenote_category":0,"site-sidebar-layout":"default","site-content-layout":"content-boxed-container","ast-global-header-display":"","ast-banner-title-visibility":"","ast-main-header-display":"","ast-hfb-above-header-display":"","ast-hfb-below-header-display":"","ast-hfb-mobile-header-display":"","site-post-title":"","ast-breadcrumbs-content":"","ast-featured-img":"","footer-sml-layout":"","theme-transparent-header-meta":"default","adv-header-id-meta":"","stick-header-meta":"","header-above-stick-meta":"","header-main-stick-meta":"","header-below-stick-meta":""},"product_cat":[67],"product_tag":[],"aioseo_notices":[],"_links":{"self":[{"href":"https:\/\/latelier-mouche.fr\/index.php?rest_route=\/wp\/v2\/product\/3852"}],"collection":[{"href":"https:\/\/latelier-mouche.fr\/index.php?rest_route=\/wp\/v2\/product"}],"about":[{"href":"https:\/\/latelier-mouche.fr\/index.php?rest_route=\/wp\/v2\/types\/product"}],"replies":[{"embeddable":true,"href":"https:\/\/latelier-mouche.fr\/index.php?rest_route=%2Fwp%2Fv2%2Fcomments&post=3852"}],"version-history":[{"count":1,"href":"https:\/\/latelier-mouche.fr\/index.php?rest_route=\/wp\/v2\/product\/3852\/revisions"}],"predecessor-version":[{"id":3863,"href":"https:\/\/latelier-mouche.fr\/index.php?rest_route=\/wp\/v2\/product\/3852\/revisions\/3863"}],"wp:featuredmedia":[{"embeddable":true,"href":"https:\/\/latelier-mouche.fr\/index.php?rest_route=\/wp\/v2\/media\/3862"}],"wp:attachment":[{"href":"https:\/\/latelier-mouche.fr\/index.php?rest_route=%2Fwp%2Fv2%2Fmedia&parent=3852"}],"wp:term":[{"taxonomy":"product_cat","embeddable":true,"href":"https:\/\/latelier-mouche.fr\/index.php?rest_route=%2Fwp%2Fv2%2Fproduct_cat&post=3852"},{"taxonomy":"product_tag","embeddable":true,"href":"https:\/\/latelier-mouche.fr\/index.php?rest_route=%2Fwp%2Fv2%2Fproduct_tag&post=3852"}],"curies":[{"name":"wp","href":"https:\/\/api.w.org\/{rel}","templated":true}]}}