{"id":3827,"date":"2024-08-07T09:50:12","date_gmt":"2024-08-07T07:50:12","guid":{"rendered":"https:\/\/latelier-mouche.fr\/?post_type=product&#038;p=3827"},"modified":"2024-08-07T10:03:53","modified_gmt":"2024-08-07T08:03:53","slug":"waders-imersion","status":"publish","type":"product","link":"https:\/\/latelier-mouche.fr\/?product=waders-imersion","title":{"rendered":"Waders Imersion"},"content":{"rendered":"<div id=\"variations\" class=\"row my-6\">\n<table>\n<thead>\n<tr>\n<th>Libell\u00e9<\/th>\n<th>R\u00e9f\u00e9rence<\/th>\n<th>Tarif<\/th>\n<th>Coloris<\/th>\n<th>Taille<\/th>\n<th>Pointure<\/th>\n<\/tr>\n<\/thead>\n<tbody>\n<tr>\n<td>Waders HYDROX Imersion Stocking &#8211; XS (38\/40)<\/td>\n<td>HYGBM2100XSM40<\/td>\n<td>149\u00a0\u20ac<\/td>\n<td>Gris Clair\/Gris<\/td>\n<td>XS<\/td>\n<td>38\/40<\/td>\n<\/tr>\n<tr>\n<td>Waders HYDROX Imersion Stocking &#8211; S (40\/42)<\/td>\n<td>HYGBM2100SMA42<\/td>\n<td>149\u00a0\u20ac<\/td>\n<td>Gris Clair\/Gris<\/td>\n<td>S<\/td>\n<td>40\/42<\/td>\n<\/tr>\n<tr>\n<td>Waders HYDROX Imersion Stocking &#8211; M (41\/43)<\/td>\n<td>HYGBM2100MED43<\/td>\n<td>149\u00a0\u20ac<\/td>\n<td>Gris Clair\/Gris<\/td>\n<td>M<\/td>\n<td>41\/43<\/td>\n<\/tr>\n<tr>\n<td>Waders HYDROX Imersion Stocking &#8211; ML (42\/44)<\/td>\n<td>HYGBM2100MLO44<\/td>\n<td>149\u00a0\u20ac<\/td>\n<td>Gris Clair\/Gris<\/td>\n<td>ML<\/td>\n<td>42\/44<\/td>\n<\/tr>\n<tr>\n<td><\/td>\n<td><\/td>\n<td><\/td>\n<td><\/td>\n<td><\/td>\n<td><\/td>\n<\/tr>\n<tr>\n<td>Waders HYDROX Imersion Stocking &#8211; L (43\/45)<\/td>\n<td>HYGBM2100LAR45<\/td>\n<td>149\u00a0\u20ac<\/td>\n<td>Gris Clair\/Gris<\/td>\n<td>L<\/td>\n<td>43\/45<\/td>\n<\/tr>\n<tr>\n<td><\/td>\n<td><\/td>\n<td><\/td>\n<td><\/td>\n<td><\/td>\n<td><\/td>\n<\/tr>\n<tr>\n<td>Waders HYDROX Imersion Stocking &#8211; XL (43\/45)<\/td>\n<td>HYGBM2100XLA45<\/td>\n<td>149\u00a0\u20ac<\/td>\n<td>Gris Clair\/Gris<\/td>\n<td>XL<\/td>\n<td>43\/45<\/td>\n<\/tr>\n<tr>\n<td>Waders HYDROX Imersion Stocking &#8211; XXL (44\/46)<\/td>\n<td>HYGBM2100XXL46<\/td>\n<td>149\u00a0\u20ac<\/td>\n<td>Gris Clair\/Gris<\/td>\n<td>XXL<\/td>\n<td>44\/46<\/td>\n<\/tr>\n<\/tbody>\n<\/table>\n<\/div>\n<div class=\"row bg-gris_light mb-5\"><\/div>\n<div class=\"row bg-gris_light mb-5\"><\/div>\n","protected":false},"excerpt":{"rendered":"<p>&nbsp;<\/p>\n<div id=\"text_content\" class=\"content my-3\">\n<div id=\"text_presentation\" class=\"content my-3\">\n<div id=\"text_presentation\" class=\"content my-3\">\n<div id=\"text_content\" class=\"content my-3\">\n<div id=\"text_content\" class=\"content my-3\">\n<div id=\"text_content\" class=\"content my-3\"><\/div>\n<div id=\"text_presentation\" class=\"content my-3\">\n<div id=\"text_content\" class=\"content my-3\">\n<p>Le marque hydrox aujourd\u2019hui r\u00e9f\u00e9rence dans le wading est r\u00e9put\u00e9e pour la fiabilit\u00e9 de ses produits. Le waders Imersion vient compl\u00e9ter la gamme avec ce mod\u00e8le 3 couches (7000mvp\/20000 mm) au rapport qualit\u00e9\/prix sans \u00e9quivalent. Sa grande poche ventrale, sa coupe moderne, ses brettelles r\u00e9glables, la position des coutures (anti-frottements) et ses 9 tailles diff\u00e9rentes sont autant d\u2019arguments pour faire du waders Imersion un produit technique incontournable.<\/p>\n<\/div>\n<div id=\"text_presentation\" class=\"content my-3\">\n<p>Waders respirants 3 couches<br \/>\n\u2022 Chaussons n\u00e9opr\u00e8ne bidensit\u00e9 4mm<br \/>\n\u2022 respirabilit\u00e9 7000 MVP<br \/>\n\u2022 \u00e9tanch\u00e9it\u00e9 20 000 MM<br \/>\n\u2022 coutures basses d\u00e9plac\u00e9es vers l\u2019ext\u00e9rieur<br \/>\n\u2022 large poche ventrale imperm\u00e9able accessible int\u00e9rieur\/ext\u00e9rieur<br \/>\n\u2022 ceinture et bretelles r\u00e9glables<\/p>\n<\/div>\n<\/div>\n<\/div>\n<\/div>\n<\/div>\n<\/div>\n<\/div>\n<div id=\"text_presentation\" class=\"content my-3\">\n<div id=\"text_presentation\" class=\"content my-3\">\n<p>&nbsp;<\/p>\n<\/div>\n<\/div>\n","protected":false},"featured_media":3828,"comment_status":"closed","ping_status":"closed","template":"","meta":{"_monsterinsights_skip_tracking":false,"_monsterinsights_sitenote_active":false,"_monsterinsights_sitenote_note":"","_monsterinsights_sitenote_category":0,"site-sidebar-layout":"default","site-content-layout":"content-boxed-container","ast-global-header-display":"","ast-banner-title-visibility":"","ast-main-header-display":"","ast-hfb-above-header-display":"","ast-hfb-below-header-display":"","ast-hfb-mobile-header-display":"","site-post-title":"","ast-breadcrumbs-content":"","ast-featured-img":"","footer-sml-layout":"","theme-transparent-header-meta":"default","adv-header-id-meta":"","stick-header-meta":"","header-above-stick-meta":"","header-main-stick-meta":"","header-below-stick-meta":""},"product_cat":[67],"product_tag":[],"aioseo_notices":[],"_links":{"self":[{"href":"https:\/\/latelier-mouche.fr\/index.php?rest_route=\/wp\/v2\/product\/3827"}],"collection":[{"href":"https:\/\/latelier-mouche.fr\/index.php?rest_route=\/wp\/v2\/product"}],"about":[{"href":"https:\/\/latelier-mouche.fr\/index.php?rest_route=\/wp\/v2\/types\/product"}],"replies":[{"embeddable":true,"href":"https:\/\/latelier-mouche.fr\/index.php?rest_route=%2Fwp%2Fv2%2Fcomments&post=3827"}],"version-history":[{"count":2,"href":"https:\/\/latelier-mouche.fr\/index.php?rest_route=\/wp\/v2\/product\/3827\/revisions"}],"predecessor-version":[{"id":3839,"href":"https:\/\/latelier-mouche.fr\/index.php?rest_route=\/wp\/v2\/product\/3827\/revisions\/3839"}],"wp:featuredmedia":[{"embeddable":true,"href":"https:\/\/latelier-mouche.fr\/index.php?rest_route=\/wp\/v2\/media\/3828"}],"wp:attachment":[{"href":"https:\/\/latelier-mouche.fr\/index.php?rest_route=%2Fwp%2Fv2%2Fmedia&parent=3827"}],"wp:term":[{"taxonomy":"product_cat","embeddable":true,"href":"https:\/\/latelier-mouche.fr\/index.php?rest_route=%2Fwp%2Fv2%2Fproduct_cat&post=3827"},{"taxonomy":"product_tag","embeddable":true,"href":"https:\/\/latelier-mouche.fr\/index.php?rest_route=%2Fwp%2Fv2%2Fproduct_tag&post=3827"}],"curies":[{"name":"wp","href":"https:\/\/api.w.org\/{rel}","templated":true}]}}