{"id":3823,"date":"2024-08-07T09:26:50","date_gmt":"2024-08-07T07:26:50","guid":{"rendered":"https:\/\/latelier-mouche.fr\/?post_type=product&#038;p=3823"},"modified":"2025-05-14T18:14:31","modified_gmt":"2025-05-14T16:14:31","slug":"chest-pack-competition","status":"publish","type":"product","link":"https:\/\/latelier-mouche.fr\/?product=chest-pack-competition","title":{"rendered":"Chest Pack Comp\u00e9tition"},"content":{"rendered":"<p>&nbsp;<\/p>\n<div class=\"row bg-gris_light mb-5\"><\/div>\n","protected":false},"excerpt":{"rendered":"<p>&nbsp;<\/p>\n<div id=\"text_content\" class=\"content my-3\">\n<div id=\"text_presentation\" class=\"content my-3\">\n<div id=\"text_presentation\" class=\"content my-3\">\n<div id=\"text_content\" class=\"content my-3\">\n<div id=\"text_content\" class=\"content my-3\">\n<div id=\"text_content\" class=\"content my-3\"><\/div>\n<div id=\"text_presentation\" class=\"content my-3\">\n<div id=\"text_content\" class=\"content my-3\">\n<p>Con\u00e7u par des comp\u00e9titeurs internationaux, il r\u00e9pond aux attentes les plus exigeantes. Son ergonomie assure confort et efficacit\u00e9 maximum. La r\u00e9partition du poids est assur\u00e9e par les bretelles r\u00e9glables. Le rev\u00eatement matelass\u00e9 et au tissage a\u00e9r\u00e9 laisse circuler l\u2019air. Il est dot\u00e9 de deux poches frontales \u00e0 fermetures magn\u00e9tiques, l\u2019une d\u00e9di\u00e9e au stockage de fils, l\u2019autre \u00e0 celui des bo\u00eetes. Les deux poches lat\u00e9rales offrent un rangement du petit mat\u00e9riel. La languette frontale peut recevoir accroche-mouche velcro ainsi que des accessoires. Les trois poches dorsales permettent le rangement d\u2019un v\u00eatement, d\u2019un camel-bag, ou de mat\u00e9reil secondaire. Deux ganses int\u00e9rieures assurent le bon positionnement d\u2019une canne mont\u00e9e.<\/p>\n<\/div>\n<div id=\"text_presentation\" class=\"content my-3\">\n<p>Chest pack con\u00e7u par des comp\u00e9titeurs internationaux<br \/>\n\u2022 R\u00e9partition du poids assur\u00e9e par des bretelles r\u00e9glables<br \/>\n\u2022 Rev\u00eatement matelass\u00e9 et tissage a\u00e9r\u00e9<br \/>\n\u2022 2 grandes poches frontales \u00e0 fermetures magn\u00e9tiques<br \/>\n\u2022 2 poches lat\u00e9rales<br \/>\n\u2022 1 languette frontale pour recevoir un accroche-mouche velcro<br \/>\n\u2022 3 poches dorsales pour le rangement d\u2019un v\u00eatement, d\u2019un camel-bag, ou de mat\u00e9reil secondaire<br \/>\n\u2022 Deux ganses int\u00e9rieures pour une canne mont\u00e9e.<\/p>\n<\/div>\n<\/div>\n<\/div>\n<\/div>\n<\/div>\n<\/div>\n<\/div>\n<div id=\"text_presentation\" class=\"content my-3\">\n<div id=\"text_presentation\" class=\"content my-3\">\n<p>&nbsp;<\/p>\n<\/div>\n<\/div>\n","protected":false},"featured_media":3824,"comment_status":"closed","ping_status":"closed","template":"","meta":{"_monsterinsights_skip_tracking":false,"_monsterinsights_sitenote_active":false,"_monsterinsights_sitenote_note":"","_monsterinsights_sitenote_category":0,"site-sidebar-layout":"default","site-content-layout":"content-boxed-container","ast-global-header-display":"","ast-banner-title-visibility":"","ast-main-header-display":"","ast-hfb-above-header-display":"","ast-hfb-below-header-display":"","ast-hfb-mobile-header-display":"","site-post-title":"","ast-breadcrumbs-content":"","ast-featured-img":"","footer-sml-layout":"","theme-transparent-header-meta":"default","adv-header-id-meta":"","stick-header-meta":"","header-above-stick-meta":"","header-main-stick-meta":"","header-below-stick-meta":""},"product_cat":[66],"product_tag":[],"aioseo_notices":[],"_links":{"self":[{"href":"https:\/\/latelier-mouche.fr\/index.php?rest_route=\/wp\/v2\/product\/3823"}],"collection":[{"href":"https:\/\/latelier-mouche.fr\/index.php?rest_route=\/wp\/v2\/product"}],"about":[{"href":"https:\/\/latelier-mouche.fr\/index.php?rest_route=\/wp\/v2\/types\/product"}],"replies":[{"embeddable":true,"href":"https:\/\/latelier-mouche.fr\/index.php?rest_route=%2Fwp%2Fv2%2Fcomments&post=3823"}],"version-history":[{"count":1,"href":"https:\/\/latelier-mouche.fr\/index.php?rest_route=\/wp\/v2\/product\/3823\/revisions"}],"predecessor-version":[{"id":3825,"href":"https:\/\/latelier-mouche.fr\/index.php?rest_route=\/wp\/v2\/product\/3823\/revisions\/3825"}],"wp:featuredmedia":[{"embeddable":true,"href":"https:\/\/latelier-mouche.fr\/index.php?rest_route=\/wp\/v2\/media\/3824"}],"wp:attachment":[{"href":"https:\/\/latelier-mouche.fr\/index.php?rest_route=%2Fwp%2Fv2%2Fmedia&parent=3823"}],"wp:term":[{"taxonomy":"product_cat","embeddable":true,"href":"https:\/\/latelier-mouche.fr\/index.php?rest_route=%2Fwp%2Fv2%2Fproduct_cat&post=3823"},{"taxonomy":"product_tag","embeddable":true,"href":"https:\/\/latelier-mouche.fr\/index.php?rest_route=%2Fwp%2Fv2%2Fproduct_tag&post=3823"}],"curies":[{"name":"wp","href":"https:\/\/api.w.org\/{rel}","templated":true}]}}