{"id":3820,"date":"2024-08-07T09:21:39","date_gmt":"2024-08-07T07:21:39","guid":{"rendered":"https:\/\/latelier-mouche.fr\/?post_type=product&#038;p=3820"},"modified":"2025-10-30T16:38:32","modified_gmt":"2025-10-30T15:38:32","slug":"front-pack-competition","status":"publish","type":"product","link":"https:\/\/latelier-mouche.fr\/?product=front-pack-competition","title":{"rendered":"Front Pack Competition"},"content":{"rendered":"<p>&nbsp;<\/p>\n<div class=\"row bg-gris_light mb-5\"><\/div>\n","protected":false},"excerpt":{"rendered":"<p>&nbsp;<\/p>\n<div id=\"text_content\" class=\"content my-3\">\n<div id=\"text_presentation\" class=\"content my-3\">\n<div id=\"text_presentation\" class=\"content my-3\">\n<div id=\"text_content\" class=\"content my-3\">\n<div id=\"text_content\" class=\"content my-3\">\n<div id=\"text_content\" class=\"content my-3\">\n<p>Version Light du chest pack Competition d\u00e9velopp\u00e9 pour un maximum de confort en action de p\u00eache. Sa double poche magn\u00e9tique ainsi que les deux poches \u00e0 fermetures compartiment\u00e9es permettront un stockage et un acc\u00e8s rapide et facile \u00e0 votre mat\u00e9riel. Dot\u00e9 d\u2019un anneau accroche-\u00e9puisette, un r\u00e9tracteur magn\u00e9tique, un patch velcro pouvant acceuillir une bo\u00eete Tho-to 177. Il s\u2019adaptera \u00e0 toutes les morphologies gr\u00e2ce \u00e0 son syst\u00e8me de sangles r\u00e9glables.<\/p>\n<\/div>\n<div id=\"text_presentation\" class=\"content my-3\">\n<p>Version Light du chest pack Competition<br \/>\n\u2022 Double poche magn\u00e9tique<br \/>\n\u2022 2 poches \u00e0 fermetures compartiment\u00e9es<br \/>\n\u2022 stockage et acc\u00e8s rapide et facile au mat\u00e9riel<br \/>\n\u2022 1 anneau accroche-\u00e9puisette<br \/>\n\u2022 1 r\u00e9tracteur magn\u00e9tique<br \/>\n\u2022 1 patch velcro pouvant acceuillir une bo\u00eete Tho-to 177<br \/>\n\u2022 Sangles r\u00e9glables pour tous types de morphologies.<\/p>\n<\/div>\n<\/div>\n<\/div>\n<\/div>\n<\/div>\n<\/div>\n<div id=\"text_presentation\" class=\"content my-3\">\n<div id=\"text_presentation\" class=\"content my-3\">\n<p>&nbsp;<\/p>\n<\/div>\n<\/div>\n","protected":false},"featured_media":3821,"comment_status":"closed","ping_status":"closed","template":"","meta":{"_monsterinsights_skip_tracking":false,"_monsterinsights_sitenote_active":false,"_monsterinsights_sitenote_note":"","_monsterinsights_sitenote_category":0,"site-sidebar-layout":"default","site-content-layout":"content-boxed-container","ast-global-header-display":"","ast-banner-title-visibility":"","ast-main-header-display":"","ast-hfb-above-header-display":"","ast-hfb-below-header-display":"","ast-hfb-mobile-header-display":"","site-post-title":"","ast-breadcrumbs-content":"","ast-featured-img":"","footer-sml-layout":"","theme-transparent-header-meta":"default","adv-header-id-meta":"","stick-header-meta":"","header-above-stick-meta":"","header-main-stick-meta":"","header-below-stick-meta":""},"product_cat":[66],"product_tag":[],"aioseo_notices":[],"_links":{"self":[{"href":"https:\/\/latelier-mouche.fr\/index.php?rest_route=\/wp\/v2\/product\/3820"}],"collection":[{"href":"https:\/\/latelier-mouche.fr\/index.php?rest_route=\/wp\/v2\/product"}],"about":[{"href":"https:\/\/latelier-mouche.fr\/index.php?rest_route=\/wp\/v2\/types\/product"}],"replies":[{"embeddable":true,"href":"https:\/\/latelier-mouche.fr\/index.php?rest_route=%2Fwp%2Fv2%2Fcomments&post=3820"}],"version-history":[{"count":1,"href":"https:\/\/latelier-mouche.fr\/index.php?rest_route=\/wp\/v2\/product\/3820\/revisions"}],"predecessor-version":[{"id":3822,"href":"https:\/\/latelier-mouche.fr\/index.php?rest_route=\/wp\/v2\/product\/3820\/revisions\/3822"}],"wp:featuredmedia":[{"embeddable":true,"href":"https:\/\/latelier-mouche.fr\/index.php?rest_route=\/wp\/v2\/media\/3821"}],"wp:attachment":[{"href":"https:\/\/latelier-mouche.fr\/index.php?rest_route=%2Fwp%2Fv2%2Fmedia&parent=3820"}],"wp:term":[{"taxonomy":"product_cat","embeddable":true,"href":"https:\/\/latelier-mouche.fr\/index.php?rest_route=%2Fwp%2Fv2%2Fproduct_cat&post=3820"},{"taxonomy":"product_tag","embeddable":true,"href":"https:\/\/latelier-mouche.fr\/index.php?rest_route=%2Fwp%2Fv2%2Fproduct_tag&post=3820"}],"curies":[{"name":"wp","href":"https:\/\/api.w.org\/{rel}","templated":true}]}}