{"id":3806,"date":"2024-08-07T09:05:37","date_gmt":"2024-08-07T07:05:37","guid":{"rendered":"https:\/\/latelier-mouche.fr\/?post_type=product&#038;p=3806"},"modified":"2025-10-30T16:40:10","modified_gmt":"2025-10-30T15:40:10","slug":"chest-pack-ultralight","status":"publish","type":"product","link":"https:\/\/latelier-mouche.fr\/?product=chest-pack-ultralight","title":{"rendered":"Chest Pack  Master"},"content":{"rendered":"<p>&nbsp;<\/p>\n<div class=\"row bg-gris_light mb-5\"><\/div>\n","protected":false},"excerpt":{"rendered":"<p>&nbsp;<\/p>\n<div id=\"text_content\" class=\"content my-3\">\n<div id=\"text_presentation\" class=\"content my-3\">\n<div id=\"text_presentation\" class=\"content my-3\">\n<div id=\"text_content\" class=\"content my-3\">\n<div id=\"text_content\" class=\"content my-3\"><\/div>\n<div id=\"text_presentation\" class=\"content my-3\">\n<div id=\"text_content\" class=\"content my-3\">\n<p>Ce chest pack simple et fonctionnel, offre au p\u00eacheur confort et l\u00e9g\u00e8ret\u00e9 tout en disposant d\u2019une grande capacit\u00e9 de stockage. Il est matelass\u00e9 et assure ainsi une aisance maximum m\u00eame lorsqu\u2019il est charg\u00e9. La doublure alv\u00e9olaire permet une bonne circulation de l\u2019air entre le tissu et la peau. La partie avant est munie de deux grandes poches \u00e0 soufflets zipp\u00e9es et de deux accroche mouches amovibles. Le dos est pourvu d\u2019une grande poche zipp\u00e9e avec une poche int\u00e9rieure et d\u2019une poche plate zipp\u00e9e. Les r\u00e9glages de longueur et de largeur permettent \u00e0 ce chest pack de s\u2019adapter \u00e0 toutes les morphologies.<\/p>\n<\/div>\n<div id=\"text_presentation\" class=\"content my-3\">\n<p>Chest pack simple et fonctionnel<br \/>\n\u2022 Confortable et l\u00e9ger<br \/>\n\u2022 Grande capacit\u00e9 de stockage<br \/>\n\u2022 2 grandes poches \u00e0 soufflets zipp\u00e9es et 2 accroche mouches amovibles \u00e0 l\u2019avant<br \/>\n\u2022 Grande poche zipp\u00e9e au dos avec une poche int\u00e9rieure et d\u2019une poche plate zipp\u00e9e. Sangles r\u00e9glables pour tous types de morphologies.<\/p>\n<\/div>\n<\/div>\n<\/div>\n<\/div>\n<\/div>\n<\/div>\n<div id=\"text_presentation\" class=\"content my-3\">\n<div id=\"text_presentation\" class=\"content my-3\">\n<p>&nbsp;<\/p>\n<\/div>\n<\/div>\n","protected":false},"featured_media":3816,"comment_status":"closed","ping_status":"closed","template":"","meta":{"_monsterinsights_skip_tracking":false,"_monsterinsights_sitenote_active":false,"_monsterinsights_sitenote_note":"","_monsterinsights_sitenote_category":0,"site-sidebar-layout":"default","site-content-layout":"content-boxed-container","ast-global-header-display":"","ast-banner-title-visibility":"","ast-main-header-display":"","ast-hfb-above-header-display":"","ast-hfb-below-header-display":"","ast-hfb-mobile-header-display":"","site-post-title":"","ast-breadcrumbs-content":"","ast-featured-img":"","footer-sml-layout":"","theme-transparent-header-meta":"default","adv-header-id-meta":"","stick-header-meta":"","header-above-stick-meta":"","header-main-stick-meta":"","header-below-stick-meta":""},"product_cat":[66],"product_tag":[],"aioseo_notices":[],"_links":{"self":[{"href":"https:\/\/latelier-mouche.fr\/index.php?rest_route=\/wp\/v2\/product\/3806"}],"collection":[{"href":"https:\/\/latelier-mouche.fr\/index.php?rest_route=\/wp\/v2\/product"}],"about":[{"href":"https:\/\/latelier-mouche.fr\/index.php?rest_route=\/wp\/v2\/types\/product"}],"replies":[{"embeddable":true,"href":"https:\/\/latelier-mouche.fr\/index.php?rest_route=%2Fwp%2Fv2%2Fcomments&post=3806"}],"version-history":[{"count":3,"href":"https:\/\/latelier-mouche.fr\/index.php?rest_route=\/wp\/v2\/product\/3806\/revisions"}],"predecessor-version":[{"id":3817,"href":"https:\/\/latelier-mouche.fr\/index.php?rest_route=\/wp\/v2\/product\/3806\/revisions\/3817"}],"wp:featuredmedia":[{"embeddable":true,"href":"https:\/\/latelier-mouche.fr\/index.php?rest_route=\/wp\/v2\/media\/3816"}],"wp:attachment":[{"href":"https:\/\/latelier-mouche.fr\/index.php?rest_route=%2Fwp%2Fv2%2Fmedia&parent=3806"}],"wp:term":[{"taxonomy":"product_cat","embeddable":true,"href":"https:\/\/latelier-mouche.fr\/index.php?rest_route=%2Fwp%2Fv2%2Fproduct_cat&post=3806"},{"taxonomy":"product_tag","embeddable":true,"href":"https:\/\/latelier-mouche.fr\/index.php?rest_route=%2Fwp%2Fv2%2Fproduct_tag&post=3806"}],"curies":[{"name":"wp","href":"https:\/\/api.w.org\/{rel}","templated":true}]}}