{"id":3796,"date":"2024-08-06T23:58:59","date_gmt":"2024-08-06T21:58:59","guid":{"rendered":"https:\/\/latelier-mouche.fr\/?post_type=product&#038;p=3796"},"modified":"2024-08-07T00:07:23","modified_gmt":"2024-08-06T22:07:23","slug":"gilet-specialist","status":"publish","type":"product","link":"https:\/\/latelier-mouche.fr\/?product=gilet-specialist","title":{"rendered":"Gilet Specialist"},"content":{"rendered":"<p>&nbsp;<\/p>\n<div class=\"row bg-gris_light mb-5\"><\/div>\n","protected":false},"excerpt":{"rendered":"<p>&nbsp;<\/p>\n<div id=\"text_content\" class=\"content my-3\">\n<div id=\"text_presentation\" class=\"content my-3\">\n<div id=\"text_presentation\" class=\"content my-3\">\n<div id=\"text_content\" class=\"content my-3\"><\/div>\n<div id=\"text_presentation\" class=\"content my-3\">\n<div id=\"text_content\" class=\"content my-3\">\n<p>V\u00e9ritable r\u00e9f\u00e9rence en terme de gilet technique, le nouveau gilet Specialist V4 dispose de 28 poches techniques et de nombreux accessoires tout \u00e0 fait novateurs. Ce gilet, l\u00e9ger et robuste, est destin\u00e9 aux p\u00eacheurs qui d\u00e9sirent le meilleur en termes de technicit\u00e9, de confort et de fiabilit\u00e9. Pour le confort, ce gilet est r\u00e9alis\u00e9 en microfibre respirante VS Hydro et comporte notamment une mousse int\u00e9gr\u00e9e aux \u00e9paules pour une bonne r\u00e9partition des charges, un col en jersey et n\u00e9opr\u00e8ne triple \u00e9paisseur pour le bien-\u00eatre de la nuque, et une fermeture centrale par zip et clip r\u00e9glable. Par ailleurs, afin de b\u00e9n\u00e9ficier d\u2019une plus grande l\u00e9g\u00e8ret\u00e9 notamment en p\u00e9riode estivale, la partie dorsale est enti\u00e8rement d\u00e9tachable. La haute qualit\u00e9 des mat\u00e9riaux, des accessoires et des finitions s\u2019\u00e9tend sur tout le gilet Specialist dont les niveaux de fabrication et de montage sont exceptionnels.<\/p>\n<\/div>\n<div id=\"text_presentation\" class=\"content my-3\">\n<p>V\u00e9ritable r\u00e9f\u00e9rence en terme de gilet technique<br \/>\n\u2022 28 poches techniques<br \/>\n\u2022 accessoires multiples<br \/>\n\u2022 L\u00e9ger et robuste<br \/>\n\u2022 R\u00e9alis\u00e9 en microfibre respirante VS Hydro<br \/>\n\u2022 Mousse int\u00e9gr\u00e9e aux \u00e9paules pour une bonne r\u00e9partition des charges<br \/>\n\u2022 Partie dorsale accessoiris\u00e9e et enti\u00e8rement d\u00e9tachable.<\/p>\n<\/div>\n<\/div>\n<\/div>\n<\/div>\n<\/div>\n<div id=\"text_presentation\" class=\"content my-3\">\n<div id=\"text_content\" class=\"content my-3\"><\/div>\n<div id=\"text_presentation\" class=\"content my-3\">\n<p>&nbsp;<\/p>\n<\/div>\n<\/div>\n","protected":false},"featured_media":3802,"comment_status":"closed","ping_status":"closed","template":"","meta":{"_monsterinsights_skip_tracking":false,"_monsterinsights_sitenote_active":false,"_monsterinsights_sitenote_note":"","_monsterinsights_sitenote_category":0,"site-sidebar-layout":"default","site-content-layout":"content-boxed-container","ast-global-header-display":"","ast-banner-title-visibility":"","ast-main-header-display":"","ast-hfb-above-header-display":"","ast-hfb-below-header-display":"","ast-hfb-mobile-header-display":"","site-post-title":"","ast-breadcrumbs-content":"","ast-featured-img":"","footer-sml-layout":"","theme-transparent-header-meta":"default","adv-header-id-meta":"","stick-header-meta":"","header-above-stick-meta":"","header-main-stick-meta":"","header-below-stick-meta":""},"product_cat":[66],"product_tag":[],"aioseo_notices":[],"_links":{"self":[{"href":"https:\/\/latelier-mouche.fr\/index.php?rest_route=\/wp\/v2\/product\/3796"}],"collection":[{"href":"https:\/\/latelier-mouche.fr\/index.php?rest_route=\/wp\/v2\/product"}],"about":[{"href":"https:\/\/latelier-mouche.fr\/index.php?rest_route=\/wp\/v2\/types\/product"}],"replies":[{"embeddable":true,"href":"https:\/\/latelier-mouche.fr\/index.php?rest_route=%2Fwp%2Fv2%2Fcomments&post=3796"}],"version-history":[{"count":2,"href":"https:\/\/latelier-mouche.fr\/index.php?rest_route=\/wp\/v2\/product\/3796\/revisions"}],"predecessor-version":[{"id":3805,"href":"https:\/\/latelier-mouche.fr\/index.php?rest_route=\/wp\/v2\/product\/3796\/revisions\/3805"}],"wp:featuredmedia":[{"embeddable":true,"href":"https:\/\/latelier-mouche.fr\/index.php?rest_route=\/wp\/v2\/media\/3802"}],"wp:attachment":[{"href":"https:\/\/latelier-mouche.fr\/index.php?rest_route=%2Fwp%2Fv2%2Fmedia&parent=3796"}],"wp:term":[{"taxonomy":"product_cat","embeddable":true,"href":"https:\/\/latelier-mouche.fr\/index.php?rest_route=%2Fwp%2Fv2%2Fproduct_cat&post=3796"},{"taxonomy":"product_tag","embeddable":true,"href":"https:\/\/latelier-mouche.fr\/index.php?rest_route=%2Fwp%2Fv2%2Fproduct_tag&post=3796"}],"curies":[{"name":"wp","href":"https:\/\/api.w.org\/{rel}","templated":true}]}}