{"id":3781,"date":"2024-08-06T18:20:08","date_gmt":"2024-08-06T16:20:08","guid":{"rendered":"https:\/\/latelier-mouche.fr\/?post_type=product&#038;p=3781"},"modified":"2024-08-06T23:57:10","modified_gmt":"2024-08-06T21:57:10","slug":"raquette-bois-dlx-rubber","status":"publish","type":"product","link":"https:\/\/latelier-mouche.fr\/?product=raquette-bois-dlx-rubber","title":{"rendered":"Raquette Bois DLX Rubber"},"content":{"rendered":"<div id=\"variations\" class=\"row my-6\">\n<table>\n<thead>\n<tr>\n<th>Libell\u00e9<\/th>\n<th>R\u00e9f\u00e9rence<\/th>\n<th>Tarif<\/th>\n<th>Coloris<\/th>\n<\/tr>\n<\/thead>\n<tbody>\n<tr>\n<td>Raquette JMC Bois DLX Rubber L &#8211; 30 x 41 x 62cm<\/td>\n<td>JMGNK6300-L<\/td>\n<td>89.9\u00a0\u20ac<\/td>\n<td>Bois<\/td>\n<\/tr>\n<tr>\n<td>Raquette JMC Bois DLX Rubber XL &#8211; 34 x 48 x 70cm<\/td>\n<td>JMGNK6300-XL<\/td>\n<td>94.9\u00a0\u20ac<\/td>\n<td>Bois<\/td>\n<\/tr>\n<\/tbody>\n<\/table>\n<\/div>\n<div class=\"row bg-gris_light mb-5\"><\/div>\n","protected":false},"excerpt":{"rendered":"<p>&nbsp;<\/p>\n<div id=\"text_content\" class=\"content my-3\">\n<div id=\"text_content\" class=\"content my-3\"><\/div>\n<div id=\"text_presentation\" class=\"content my-3\">\n<div id=\"text_content\" class=\"content my-3\">\n<p>Raquette en bois pr\u00e9cieux vernis, de tr\u00e8s haute qualit\u00e9 \u00e9quip\u00e9e d\u2019un filet nylon enduit \u00ab\u00a0rubber\u00a0\u00bb \u00e0 fond plat.<\/p>\n<\/div>\n<div id=\"text_presentation\" class=\"content my-3\">\n<p>Raquette en bois noble<br \/>\n\u2022 poign\u00e9e loupe de bois grav\u00e9e<br \/>\n\u2022 filet nylon enduit \u00ab\u00a0rubber\u00a0\u00bb<br \/>\n\u2022 fond plat<\/p>\n<\/div>\n<\/div>\n<\/div>\n<div id=\"text_presentation\" class=\"content my-3\">\n<div id=\"text_content\" class=\"content my-3\"><\/div>\n<div id=\"text_presentation\" class=\"content my-3\">\n<p>&nbsp;<\/p>\n<\/div>\n<\/div>\n","protected":false},"featured_media":3782,"comment_status":"closed","ping_status":"closed","template":"","meta":{"_monsterinsights_skip_tracking":false,"_monsterinsights_sitenote_active":false,"_monsterinsights_sitenote_note":"","_monsterinsights_sitenote_category":0,"site-sidebar-layout":"default","site-content-layout":"content-boxed-container","ast-global-header-display":"","ast-banner-title-visibility":"","ast-main-header-display":"","ast-hfb-above-header-display":"","ast-hfb-below-header-display":"","ast-hfb-mobile-header-display":"","site-post-title":"","ast-breadcrumbs-content":"","ast-featured-img":"","footer-sml-layout":"","theme-transparent-header-meta":"default","adv-header-id-meta":"","stick-header-meta":"","header-above-stick-meta":"","header-main-stick-meta":"","header-below-stick-meta":""},"product_cat":[64],"product_tag":[],"aioseo_notices":[],"_links":{"self":[{"href":"https:\/\/latelier-mouche.fr\/index.php?rest_route=\/wp\/v2\/product\/3781"}],"collection":[{"href":"https:\/\/latelier-mouche.fr\/index.php?rest_route=\/wp\/v2\/product"}],"about":[{"href":"https:\/\/latelier-mouche.fr\/index.php?rest_route=\/wp\/v2\/types\/product"}],"replies":[{"embeddable":true,"href":"https:\/\/latelier-mouche.fr\/index.php?rest_route=%2Fwp%2Fv2%2Fcomments&post=3781"}],"version-history":[{"count":1,"href":"https:\/\/latelier-mouche.fr\/index.php?rest_route=\/wp\/v2\/product\/3781\/revisions"}],"predecessor-version":[{"id":3786,"href":"https:\/\/latelier-mouche.fr\/index.php?rest_route=\/wp\/v2\/product\/3781\/revisions\/3786"}],"wp:featuredmedia":[{"embeddable":true,"href":"https:\/\/latelier-mouche.fr\/index.php?rest_route=\/wp\/v2\/media\/3782"}],"wp:attachment":[{"href":"https:\/\/latelier-mouche.fr\/index.php?rest_route=%2Fwp%2Fv2%2Fmedia&parent=3781"}],"wp:term":[{"taxonomy":"product_cat","embeddable":true,"href":"https:\/\/latelier-mouche.fr\/index.php?rest_route=%2Fwp%2Fv2%2Fproduct_cat&post=3781"},{"taxonomy":"product_tag","embeddable":true,"href":"https:\/\/latelier-mouche.fr\/index.php?rest_route=%2Fwp%2Fv2%2Fproduct_tag&post=3781"}],"curies":[{"name":"wp","href":"https:\/\/api.w.org\/{rel}","templated":true}]}}