{"id":3759,"date":"2024-08-03T08:23:17","date_gmt":"2024-08-03T06:23:17","guid":{"rendered":"https:\/\/latelier-mouche.fr\/?post_type=product&#038;p=3759"},"modified":"2024-08-06T23:58:08","modified_gmt":"2024-08-06T21:58:08","slug":"raquette-r","status":"publish","type":"product","link":"https:\/\/latelier-mouche.fr\/?product=raquette-r","title":{"rendered":"Raquette R"},"content":{"rendered":"<table>\n<thead>\n<tr>\n<th>Libell\u00e9<\/th>\n<th>R\u00e9f\u00e9rence<\/th>\n<th>Tarif<\/th>\n<th>Longueur<br \/>\n(en cm)<\/th>\n<th>Largeur<\/th>\n<th>Mati\u00e8re<\/th>\n<\/tr>\n<\/thead>\n<tbody>\n<tr>\n<td>Raquette JMC R40 &#8211; 30 x 43 x 63cm<\/td>\n<td>AD00611<\/td>\n<td>34.9\u00a0\u20ac<\/td>\n<td>63<\/td>\n<td>30<\/td>\n<td>Aluminium<\/td>\n<\/tr>\n<tr>\n<td>Raquette JMC R50 &#8211; 35 x 50 x 72cm<\/td>\n<td>AD00612<\/td>\n<td>36.9\u00a0\u20ac<\/td>\n<td>72<\/td>\n<td>35<\/td>\n<td>Aluminium<\/td>\n<\/tr>\n<tr>\n<td>Raquette JMC R60 &#8211; 38 x 52 x 74cm<\/td>\n<td>AD00613<\/td>\n<td>39.9\u00a0\u20ac<\/td>\n<td>74<\/td>\n<td>38<\/td>\n<td>Aluminium<\/td>\n<\/tr>\n<\/tbody>\n<\/table>\n","protected":false},"excerpt":{"rendered":"<p>&nbsp;<\/p>\n<div id=\"text_content\" class=\"content my-3\">\n<p>Cadre alu, filet robuste enduit, poign\u00e9e plastique ergonomique \u00e9quip\u00e9e d\u2019un cordon \u00e9lastique.<\/p>\n<\/div>\n<div id=\"text_presentation\" class=\"content my-3\">\n<p>Cadre alu<br \/>\n\u2022 Filet robuste enduit<br \/>\n\u2022 Poign\u00e9e plastique ergonomique \u00e9quip\u00e9e d\u2019un cordon \u00e9lastique avec mousqueton et clip magn\u00e9tique int\u00e9gr\u00e9<br \/>\n\u2022 Cordon flottant.<\/p>\n<\/div>\n","protected":false},"featured_media":3760,"comment_status":"closed","ping_status":"closed","template":"","meta":{"_monsterinsights_skip_tracking":false,"_monsterinsights_sitenote_active":false,"_monsterinsights_sitenote_note":"","_monsterinsights_sitenote_category":0,"site-sidebar-layout":"default","site-content-layout":"content-boxed-container","ast-global-header-display":"","ast-banner-title-visibility":"","ast-main-header-display":"","ast-hfb-above-header-display":"","ast-hfb-below-header-display":"","ast-hfb-mobile-header-display":"","site-post-title":"","ast-breadcrumbs-content":"","ast-featured-img":"","footer-sml-layout":"","theme-transparent-header-meta":"default","adv-header-id-meta":"","stick-header-meta":"","header-above-stick-meta":"","header-main-stick-meta":"","header-below-stick-meta":""},"product_cat":[64],"product_tag":[],"aioseo_notices":[],"_links":{"self":[{"href":"https:\/\/latelier-mouche.fr\/index.php?rest_route=\/wp\/v2\/product\/3759"}],"collection":[{"href":"https:\/\/latelier-mouche.fr\/index.php?rest_route=\/wp\/v2\/product"}],"about":[{"href":"https:\/\/latelier-mouche.fr\/index.php?rest_route=\/wp\/v2\/types\/product"}],"replies":[{"embeddable":true,"href":"https:\/\/latelier-mouche.fr\/index.php?rest_route=%2Fwp%2Fv2%2Fcomments&post=3759"}],"version-history":[{"count":1,"href":"https:\/\/latelier-mouche.fr\/index.php?rest_route=\/wp\/v2\/product\/3759\/revisions"}],"predecessor-version":[{"id":3764,"href":"https:\/\/latelier-mouche.fr\/index.php?rest_route=\/wp\/v2\/product\/3759\/revisions\/3764"}],"wp:featuredmedia":[{"embeddable":true,"href":"https:\/\/latelier-mouche.fr\/index.php?rest_route=\/wp\/v2\/media\/3760"}],"wp:attachment":[{"href":"https:\/\/latelier-mouche.fr\/index.php?rest_route=%2Fwp%2Fv2%2Fmedia&parent=3759"}],"wp:term":[{"taxonomy":"product_cat","embeddable":true,"href":"https:\/\/latelier-mouche.fr\/index.php?rest_route=%2Fwp%2Fv2%2Fproduct_cat&post=3759"},{"taxonomy":"product_tag","embeddable":true,"href":"https:\/\/latelier-mouche.fr\/index.php?rest_route=%2Fwp%2Fv2%2Fproduct_tag&post=3759"}],"curies":[{"name":"wp","href":"https:\/\/api.w.org\/{rel}","templated":true}]}}