{"id":3728,"date":"2024-08-03T07:09:05","date_gmt":"2024-08-03T05:09:05","guid":{"rendered":"https:\/\/latelier-mouche.fr\/?post_type=product&#038;p=3728"},"modified":"2024-08-03T07:23:52","modified_gmt":"2024-08-03T05:23:52","slug":"soie-naturelle","status":"publish","type":"product","link":"https:\/\/latelier-mouche.fr\/?product=soie-naturelle","title":{"rendered":"Soie Naturelle"},"content":{"rendered":"<table>\n<thead>\n<tr>\n<th>Libell\u00e9<\/th>\n<th>R\u00e9f\u00e9rence<\/th>\n<th>Tarif<\/th>\n<th>Coloris<\/th>\n<th>Densit\u00e9<br \/>\n(soies)<\/th>\n<th>Profil<br \/>\n(soies)<\/th>\n<th>N\u00b0 Soie<br \/>\n(AFTMA)<\/th>\n<th>Longueur<br \/>\n(en m)<\/th>\n<\/tr>\n<\/thead>\n<tbody>\n<tr>\n<td>Soie Naturelle Parall\u00e8le SP 3 &#8211; Ambre &#8211; 15m<\/td>\n<td>SE00412<\/td>\n<td>69.9\u00a0\u20ac<\/td>\n<td>Ambre<\/td>\n<td>Flottante<\/td>\n<td>Parall\u00e8le<\/td>\n<td>#3<\/td>\n<td>15<\/td>\n<\/tr>\n<tr>\n<td>Soie Naturelle Parall\u00e8le SP 4 &#8211; Ambre &#8211; 15m<\/td>\n<td>SE00419<\/td>\n<td>69.9\u00a0\u20ac<\/td>\n<td>Ambre<\/td>\n<td>Flottante<\/td>\n<td>Parall\u00e8le<\/td>\n<td>#4<\/td>\n<td>15<\/td>\n<\/tr>\n<tr>\n<td>Soie Naturelle Parall\u00e8le SP 5 &#8211; Ambre &#8211; 15m<\/td>\n<td>SE00420<\/td>\n<td>69.9\u00a0\u20ac<\/td>\n<td>Ambre<\/td>\n<td>Flottante<\/td>\n<td>Parall\u00e8le<\/td>\n<td>#5<\/td>\n<td>15<\/td>\n<\/tr>\n<tr>\n<td>Soie Naturelle DT 2 &#8211; Ambre &#8211; 30m<\/td>\n<td>SE00431<\/td>\n<td>179\u00a0\u20ac<\/td>\n<td>Ambre<\/td>\n<td>Flottante<\/td>\n<td>DT<\/td>\n<td>#2<\/td>\n<td>30<\/td>\n<\/tr>\n<tr>\n<td>Soie Naturelle DT 3 &#8211; Ambre &#8211; 30m<\/td>\n<td>SE00430<\/td>\n<td>179\u00a0\u20ac<\/td>\n<td>Ambre<\/td>\n<td>Flottante<\/td>\n<td>DT<\/td>\n<td>#3<\/td>\n<td>30<\/td>\n<\/tr>\n<tr>\n<td>Soie Naturelle DT 4 &#8211; Ambre &#8211; 30m<\/td>\n<td>SE00406<\/td>\n<td>179\u00a0\u20ac<\/td>\n<td>Ambre<\/td>\n<td>Flottante<\/td>\n<td>DT<\/td>\n<td>#4<\/td>\n<td>30<\/td>\n<\/tr>\n<tr>\n<td>Soie Naturelle DT 5 &#8211; Ambre &#8211; 30m<\/td>\n<td>SE00405<\/td>\n<td>179\u00a0\u20ac<\/td>\n<td>Ambre<\/td>\n<td>Flottante<\/td>\n<td>DT<\/td>\n<td>#5<\/td>\n<td>30<\/td>\n<\/tr>\n<tr>\n<td><\/td>\n<td><\/td>\n<td><\/td>\n<td><\/td>\n<td><\/td>\n<td><\/td>\n<td><\/td>\n<td><\/td>\n<\/tr>\n<tr>\n<td><\/td>\n<td><\/td>\n<td><\/td>\n<td><\/td>\n<td><\/td>\n<td><\/td>\n<td><\/td>\n<td><\/td>\n<\/tr>\n<tr>\n<td><\/td>\n<td><\/td>\n<td><\/td>\n<td><\/td>\n<td><\/td>\n<td><\/td>\n<td><\/td>\n<td><\/td>\n<\/tr>\n<\/tbody>\n<\/table>\n","protected":false},"excerpt":{"rendered":"<div id=\"text_content\" class=\"content my-3\">\n<p>Ces soies naturelles fran\u00e7aises ont r\u00e9alis\u00e9es selon un proc\u00e9d\u00e9 de tissage traditionnel. L\u2019injection et la polym\u00e9risation permet d\u2019obtenir des lignes r\u00e9guli\u00e8res \u00e0 la flottaison parfaite. Le pr\u00e9rodage m\u00e9canique effectu\u00e9 sur chacune de ces soies autorise une utilisation intensive d\u00e8s les premi\u00e8res parties de p\u00eache. Leur finesse et leur flottaison haute minimise les dragages. Leur densit\u00e9 les rend faciles \u00e0 lancer y compris dans des conditions difficiles.<br \/>\nLe profil PP triangle d\u00e9cal\u00e9 vers l\u2019avant charge la canne tr\u00e8s rapidement et permet de lancer vite et loin tout en conservant un pos\u00e9 d\u00e9licat.<br \/>\nLe profil de soie DTR comporte une pointe extra fine qui permet de faire des pos\u00e9s extr\u00e8mement discrets.<\/p>\n<\/div>\n<div id=\"text_presentation\" class=\"content my-3\">\n<p>Soies naturelles fabriqu\u00e9es en France<br \/>\n\u2022 proc\u00e9d\u00e9 de tissage traditionnel<br \/>\n\u2022 Lignes r\u00e9guli\u00e8res \u00e0 la flottaison parfaite<br \/>\n\u2022 Pr\u00e9rodage m\u00e9canique permettant une utilisation intensive d\u00e8s les premi\u00e8res parties de p\u00eache<br \/>\n\u2022 Finesse et flottaison haute<br \/>\n\u2022 Facilit\u00e9 de lancer.<\/p>\n<\/div>\n","protected":false},"featured_media":3729,"comment_status":"closed","ping_status":"closed","template":"","meta":{"_monsterinsights_skip_tracking":false,"_monsterinsights_sitenote_active":false,"_monsterinsights_sitenote_note":"","_monsterinsights_sitenote_category":0,"site-sidebar-layout":"default","site-content-layout":"content-boxed-container","ast-global-header-display":"","ast-banner-title-visibility":"","ast-main-header-display":"","ast-hfb-above-header-display":"","ast-hfb-below-header-display":"","ast-hfb-mobile-header-display":"","site-post-title":"","ast-breadcrumbs-content":"","ast-featured-img":"","footer-sml-layout":"","theme-transparent-header-meta":"default","adv-header-id-meta":"","stick-header-meta":"","header-above-stick-meta":"","header-main-stick-meta":"","header-below-stick-meta":""},"product_cat":[63],"product_tag":[],"aioseo_notices":[],"_links":{"self":[{"href":"https:\/\/latelier-mouche.fr\/index.php?rest_route=\/wp\/v2\/product\/3728"}],"collection":[{"href":"https:\/\/latelier-mouche.fr\/index.php?rest_route=\/wp\/v2\/product"}],"about":[{"href":"https:\/\/latelier-mouche.fr\/index.php?rest_route=\/wp\/v2\/types\/product"}],"replies":[{"embeddable":true,"href":"https:\/\/latelier-mouche.fr\/index.php?rest_route=%2Fwp%2Fv2%2Fcomments&post=3728"}],"version-history":[{"count":1,"href":"https:\/\/latelier-mouche.fr\/index.php?rest_route=\/wp\/v2\/product\/3728\/revisions"}],"predecessor-version":[{"id":3742,"href":"https:\/\/latelier-mouche.fr\/index.php?rest_route=\/wp\/v2\/product\/3728\/revisions\/3742"}],"wp:featuredmedia":[{"embeddable":true,"href":"https:\/\/latelier-mouche.fr\/index.php?rest_route=\/wp\/v2\/media\/3729"}],"wp:attachment":[{"href":"https:\/\/latelier-mouche.fr\/index.php?rest_route=%2Fwp%2Fv2%2Fmedia&parent=3728"}],"wp:term":[{"taxonomy":"product_cat","embeddable":true,"href":"https:\/\/latelier-mouche.fr\/index.php?rest_route=%2Fwp%2Fv2%2Fproduct_cat&post=3728"},{"taxonomy":"product_tag","embeddable":true,"href":"https:\/\/latelier-mouche.fr\/index.php?rest_route=%2Fwp%2Fv2%2Fproduct_tag&post=3728"}],"curies":[{"name":"wp","href":"https:\/\/api.w.org\/{rel}","templated":true}]}}