{"id":3722,"date":"2024-08-02T23:27:24","date_gmt":"2024-08-02T21:27:24","guid":{"rendered":"https:\/\/latelier-mouche.fr\/?post_type=product&#038;p=3722"},"modified":"2025-02-04T19:45:29","modified_gmt":"2025-02-04T18:45:29","slug":"ozone","status":"publish","type":"product","link":"https:\/\/latelier-mouche.fr\/?product=ozone","title":{"rendered":"Ozone"},"content":{"rendered":"<div id=\"variations\" class=\"row my-6\">\n<table>\n<thead>\n<tr>\n<th>Libell\u00e9<\/th>\n<th>R\u00e9f\u00e9rence<\/th>\n<th>Tarif<\/th>\n<th>Taille<\/th>\n<th>Contenance<\/th>\n<th>Diam\u00e8tre<br \/>\n(en mm)<\/th>\n<th>Mati\u00e8re<\/th>\n<\/tr>\n<\/thead>\n<tbody>\n<tr>\n<td>Ozone Racing Green 36 Racing Green<\/td>\n<td>JMGRN7850<\/td>\n<td>449.00 \u20ac\u00a0\u20ac<\/td>\n<td>36<\/td>\n<td>WF5 + 50m de 20 lbs<\/td>\n<td>80<\/td>\n<td>Aluminium<\/td>\n<\/tr>\n<tr>\n<td><\/td>\n<td><\/td>\n<td><\/td>\n<td><\/td>\n<td><\/td>\n<td><\/td>\n<td><\/td>\n<\/tr>\n<tr>\n<td>Ozone Racing Green 36 Black Edition<\/td>\n<td>JMGRN7900<\/td>\n<td>449\u00a0\u20ac<\/td>\n<td>36<\/td>\n<td>WF5 + 50m de 20 lbs<\/td>\n<td>80<\/td>\n<td>Aluminium<\/td>\n<\/tr>\n<tr>\n<td><\/td>\n<td><\/td>\n<td><\/td>\n<td><\/td>\n<td><\/td>\n<td><\/td>\n<td><\/td>\n<\/tr>\n<\/tbody>\n<\/table>\n<\/div>\n<div class=\"row\">\n<div class=\"col-12\">\n<div class=\"embed-container mb-3\" data-placeholder_class_index=\"1\" data-placeholder-image=\"https:\/\/www.jmcflyfishing.com\/wp-content\/uploads\/complianz\/placeholders\/youtubeR87bNJdHhPA-maxresdefault.webp\"><\/div>\n<\/div>\n<\/div>\n","protected":false},"excerpt":{"rendered":"<p>D\u00e9couvrez la nouvelle version BLACK du mythique semi-automatique O3. R\u00e9alis\u00e9 en aluminium anodis\u00e9 taill\u00e9 dans la masse, ce moulinet offre des qualit\u00e9s techniques remarquables et vient se positionner comme une r\u00e9f\u00e9rence dans le monde des moulinets semi-automatiques. Le syst\u00e8me de freinage \u00e0 disques carbone \u00e0 r\u00e9glage microm\u00e9trique, autorise l\u2019utilisation de pointes particuli\u00e8rement fines sans risque de casse lors des combats. La position du pied sur la cage du moulinet offre un maximum de confort de p\u00eache. Le syst\u00e8me de g\u00e2chette permet une r\u00e9cup\u00e9ration rapide et soign\u00e9e de la soie.<\/p>\n<p>Aluminium<br \/>\n\u2022 anodis\u00e9 noir mat et rouge<br \/>\n\u2022 frein microm\u00e9trique carbone<br \/>\n\u2022 bobine large arbor<br \/>\n\u2022 \u00e9tui n\u00e9opr\u00e8ne<\/p>\n","protected":false},"featured_media":4601,"comment_status":"closed","ping_status":"closed","template":"","meta":{"_monsterinsights_skip_tracking":false,"_monsterinsights_sitenote_active":false,"_monsterinsights_sitenote_note":"","_monsterinsights_sitenote_category":0,"site-sidebar-layout":"default","site-content-layout":"content-boxed-container","ast-global-header-display":"","ast-banner-title-visibility":"","ast-main-header-display":"","ast-hfb-above-header-display":"","ast-hfb-below-header-display":"","ast-hfb-mobile-header-display":"","site-post-title":"","ast-breadcrumbs-content":"","ast-featured-img":"","footer-sml-layout":"","theme-transparent-header-meta":"default","adv-header-id-meta":"","stick-header-meta":"","header-above-stick-meta":"","header-main-stick-meta":"","header-below-stick-meta":""},"product_cat":[62],"product_tag":[],"aioseo_notices":[],"_links":{"self":[{"href":"https:\/\/latelier-mouche.fr\/index.php?rest_route=\/wp\/v2\/product\/3722"}],"collection":[{"href":"https:\/\/latelier-mouche.fr\/index.php?rest_route=\/wp\/v2\/product"}],"about":[{"href":"https:\/\/latelier-mouche.fr\/index.php?rest_route=\/wp\/v2\/types\/product"}],"replies":[{"embeddable":true,"href":"https:\/\/latelier-mouche.fr\/index.php?rest_route=%2Fwp%2Fv2%2Fcomments&post=3722"}],"version-history":[{"count":3,"href":"https:\/\/latelier-mouche.fr\/index.php?rest_route=\/wp\/v2\/product\/3722\/revisions"}],"predecessor-version":[{"id":4606,"href":"https:\/\/latelier-mouche.fr\/index.php?rest_route=\/wp\/v2\/product\/3722\/revisions\/4606"}],"wp:featuredmedia":[{"embeddable":true,"href":"https:\/\/latelier-mouche.fr\/index.php?rest_route=\/wp\/v2\/media\/4601"}],"wp:attachment":[{"href":"https:\/\/latelier-mouche.fr\/index.php?rest_route=%2Fwp%2Fv2%2Fmedia&parent=3722"}],"wp:term":[{"taxonomy":"product_cat","embeddable":true,"href":"https:\/\/latelier-mouche.fr\/index.php?rest_route=%2Fwp%2Fv2%2Fproduct_cat&post=3722"},{"taxonomy":"product_tag","embeddable":true,"href":"https:\/\/latelier-mouche.fr\/index.php?rest_route=%2Fwp%2Fv2%2Fproduct_tag&post=3722"}],"curies":[{"name":"wp","href":"https:\/\/api.w.org\/{rel}","templated":true}]}}