{"id":3684,"date":"2024-08-02T23:06:37","date_gmt":"2024-08-02T21:06:37","guid":{"rendered":"https:\/\/latelier-mouche.fr\/?post_type=product&#038;p=3684"},"modified":"2024-08-02T23:12:15","modified_gmt":"2024-08-02T21:12:15","slug":"yoto-nymph","status":"publish","type":"product","link":"https:\/\/latelier-mouche.fr\/?product=yoto-nymph","title":{"rendered":"Yoto nymph"},"content":{"rendered":"<table>\n<thead>\n<tr>\n<th>Libell\u00e9<\/th>\n<th>R\u00e9f\u00e9rence<\/th>\n<th>Tarif<\/th>\n<th>Coloris<\/th>\n<th>Capacit\u00e9<\/th>\n<th>N\u00b0 Soie<br \/>\n(AFTMA)<\/th>\n<th>Diam\u00e8tre<br \/>\n(en mm)<\/th>\n<th>Mati\u00e8re<\/th>\n<th>Poids<br \/>\n(en gr)<\/th>\n<\/tr>\n<\/thead>\n<tbody>\n<tr>\n<td>Moulinet JMC Yoto Nymph &#8211; WF3 + 20M de 20lbs<\/td>\n<td>JMGRL7500<\/td>\n<td>249\u00a0\u20ac<\/td>\n<td>anodis\u00e9 anthracite<\/td>\n<td>WF3 + 20 m de 20 lbs<\/td>\n<td>#0\/3<\/td>\n<td>75<\/td>\n<td>Aluminium<\/td>\n<td>148<\/td>\n<\/tr>\n<\/tbody>\n<\/table>\n","protected":false},"excerpt":{"rendered":"<p>&nbsp;<\/p>\n<div id=\"text_content\" class=\"content my-3\">\n<div id=\"text_content\" class=\"content my-3\"><\/div>\n<div id=\"text_presentation\" class=\"content my-3\">\n<div id=\"text_content\" class=\"content my-3\">\n<p>La famille des l\u00e9gendaires moulinets semi-automatiques YOTO s\u2019agrandit en 2023 avec cette nouvelle version d\u00e9velopp\u00e9e sp\u00e9cifiquement pour r\u00e9pondre aux exigences des techniques modernes de p\u00eache en nymphe au fil utilisant notamment du nylon en corps de ligne. La sortie en c\u00e9ramique directement int\u00e9gr\u00e9e au b\u00e2ti, facilite la glisse du fil tout en limitant son abrason. Le frein microm\u00e9trique ultra pr\u00e9cis se distingue par son ergonomie gr\u00e2ce \u00e0 sa grande taille. La manivelle de combat est un confort supl\u00e9mentaire venant satisfaire les attentes des p\u00eacheurs en nymphe amateurs de gros poissons.<\/p>\n<\/div>\n<div id=\"text_presentation\" class=\"content my-3\">\n<p>Aluminium usin\u00e9 6061<br \/>\n\u2022 semi automatique<br \/>\n\u2022 anodis\u00e9 anthracite<br \/>\n\u2022 large bouton de frein microm\u00e9trique<br \/>\n\u2022 sortie de fil c\u00e9ramique sp\u00e9cial nymphe au fil<br \/>\n\u2022 manivelle \u00e0 gauche<br \/>\n\u2022 bobine large arbor<br \/>\n\u2022 changement de bobine rapide<br \/>\n\u2022 \u00e9tui n\u00e9opr\u00e8ne<\/p>\n<\/div>\n<\/div>\n<\/div>\n","protected":false},"featured_media":3685,"comment_status":"closed","ping_status":"closed","template":"","meta":{"_monsterinsights_skip_tracking":false,"_monsterinsights_sitenote_active":false,"_monsterinsights_sitenote_note":"","_monsterinsights_sitenote_category":0,"site-sidebar-layout":"default","site-content-layout":"content-boxed-container","ast-global-header-display":"","ast-banner-title-visibility":"","ast-main-header-display":"","ast-hfb-above-header-display":"","ast-hfb-below-header-display":"","ast-hfb-mobile-header-display":"","site-post-title":"","ast-breadcrumbs-content":"","ast-featured-img":"","footer-sml-layout":"","theme-transparent-header-meta":"default","adv-header-id-meta":"","stick-header-meta":"","header-above-stick-meta":"","header-main-stick-meta":"","header-below-stick-meta":""},"product_cat":[62],"product_tag":[],"aioseo_notices":[],"_links":{"self":[{"href":"https:\/\/latelier-mouche.fr\/index.php?rest_route=\/wp\/v2\/product\/3684"}],"collection":[{"href":"https:\/\/latelier-mouche.fr\/index.php?rest_route=\/wp\/v2\/product"}],"about":[{"href":"https:\/\/latelier-mouche.fr\/index.php?rest_route=\/wp\/v2\/types\/product"}],"replies":[{"embeddable":true,"href":"https:\/\/latelier-mouche.fr\/index.php?rest_route=%2Fwp%2Fv2%2Fcomments&post=3684"}],"version-history":[{"count":1,"href":"https:\/\/latelier-mouche.fr\/index.php?rest_route=\/wp\/v2\/product\/3684\/revisions"}],"predecessor-version":[{"id":3689,"href":"https:\/\/latelier-mouche.fr\/index.php?rest_route=\/wp\/v2\/product\/3684\/revisions\/3689"}],"wp:featuredmedia":[{"embeddable":true,"href":"https:\/\/latelier-mouche.fr\/index.php?rest_route=\/wp\/v2\/media\/3685"}],"wp:attachment":[{"href":"https:\/\/latelier-mouche.fr\/index.php?rest_route=%2Fwp%2Fv2%2Fmedia&parent=3684"}],"wp:term":[{"taxonomy":"product_cat","embeddable":true,"href":"https:\/\/latelier-mouche.fr\/index.php?rest_route=%2Fwp%2Fv2%2Fproduct_cat&post=3684"},{"taxonomy":"product_tag","embeddable":true,"href":"https:\/\/latelier-mouche.fr\/index.php?rest_route=%2Fwp%2Fv2%2Fproduct_tag&post=3684"}],"curies":[{"name":"wp","href":"https:\/\/api.w.org\/{rel}","templated":true}]}}