{"id":3671,"date":"2024-08-02T22:52:20","date_gmt":"2024-08-02T20:52:20","guid":{"rendered":"https:\/\/latelier-mouche.fr\/?post_type=product&#038;p=3671"},"modified":"2024-08-02T22:55:06","modified_gmt":"2024-08-02T20:55:06","slug":"vivarelli","status":"publish","type":"product","link":"https:\/\/latelier-mouche.fr\/?product=vivarelli","title":{"rendered":"Vivarelli"},"content":{"rendered":"<table>\n<thead>\n<tr>\n<th>Libell\u00e9<\/th>\n<th>R\u00e9f\u00e9rence<\/th>\n<th>Tarif<\/th>\n<th>Coloris<\/th>\n<th>Capacit\u00e9<\/th>\n<th>N\u00b0 Soie<br \/>\n(AFTMA)<\/th>\n<th>Mati\u00e8re<\/th>\n<\/tr>\n<\/thead>\n<tbody>\n<tr>\n<td>Moulinet Vivarelli<\/td>\n<td>VIGRL7100<\/td>\n<td>229\u00a0\u20ac<\/td>\n<td>Noir<\/td>\n<td>WF5 + 50m de 20 lbs<\/td>\n<td>#3\/5<\/td>\n<td>Graphite<\/td>\n<\/tr>\n<tr>\n<td><\/td>\n<td><\/td>\n<td><\/td>\n<td><\/td>\n<td><\/td>\n<td><\/td>\n<td><\/td>\n<\/tr>\n<\/tbody>\n<\/table>\n","protected":false},"excerpt":{"rendered":"<p>&nbsp;<\/p>\n<div id=\"text_content\" class=\"content my-3\">\n<div id=\"text_content\" class=\"content my-3\">\n<p>Le moulinet Italien Franco Vivarelli fait, depuis des d\u00e9cennies, figure de r\u00e9f\u00e9rence dans le monde du semi-automatique. Sa m\u00e9canique simple et son b\u00e2ti en graphite font de ce moulinet, un produit l\u00e9ger, tr\u00e8s fiable et facile d\u2019utilisation. Si gr\u00e2ce \u00e0 ses capacit\u00e9s, il s\u2019adapte \u00e0 toutes les techniques de p\u00eache \u00e0 la mouche, son utilisation est particuli\u00e8rement appr\u00e9ci\u00e9e par les p\u00eacheurs en nymphe au fil.<\/p>\n<\/div>\n<div id=\"text_presentation\" class=\"content my-3\">\n<p>Moulinet semi-automatique<br \/>\n\u2022 B\u00e2ti en graphite<br \/>\n\u2022 Ultra l\u00e9ger<br \/>\n\u2022 R\u00e9cup\u00e9ration rapide<br \/>\n\u2022 M\u00e9canisme inox<br \/>\n\u2022 housse de rangement<\/p>\n<\/div>\n<\/div>\n","protected":false},"featured_media":3682,"comment_status":"closed","ping_status":"closed","template":"","meta":{"_monsterinsights_skip_tracking":false,"_monsterinsights_sitenote_active":false,"_monsterinsights_sitenote_note":"","_monsterinsights_sitenote_category":0,"site-sidebar-layout":"default","site-content-layout":"content-boxed-container","ast-global-header-display":"","ast-banner-title-visibility":"","ast-main-header-display":"","ast-hfb-above-header-display":"","ast-hfb-below-header-display":"","ast-hfb-mobile-header-display":"","site-post-title":"","ast-breadcrumbs-content":"","ast-featured-img":"","footer-sml-layout":"","theme-transparent-header-meta":"default","adv-header-id-meta":"","stick-header-meta":"","header-above-stick-meta":"","header-main-stick-meta":"","header-below-stick-meta":""},"product_cat":[62],"product_tag":[],"aioseo_notices":[],"_links":{"self":[{"href":"https:\/\/latelier-mouche.fr\/index.php?rest_route=\/wp\/v2\/product\/3671"}],"collection":[{"href":"https:\/\/latelier-mouche.fr\/index.php?rest_route=\/wp\/v2\/product"}],"about":[{"href":"https:\/\/latelier-mouche.fr\/index.php?rest_route=\/wp\/v2\/types\/product"}],"replies":[{"embeddable":true,"href":"https:\/\/latelier-mouche.fr\/index.php?rest_route=%2Fwp%2Fv2%2Fcomments&post=3671"}],"version-history":[{"count":1,"href":"https:\/\/latelier-mouche.fr\/index.php?rest_route=\/wp\/v2\/product\/3671\/revisions"}],"predecessor-version":[{"id":3683,"href":"https:\/\/latelier-mouche.fr\/index.php?rest_route=\/wp\/v2\/product\/3671\/revisions\/3683"}],"wp:featuredmedia":[{"embeddable":true,"href":"https:\/\/latelier-mouche.fr\/index.php?rest_route=\/wp\/v2\/media\/3682"}],"wp:attachment":[{"href":"https:\/\/latelier-mouche.fr\/index.php?rest_route=%2Fwp%2Fv2%2Fmedia&parent=3671"}],"wp:term":[{"taxonomy":"product_cat","embeddable":true,"href":"https:\/\/latelier-mouche.fr\/index.php?rest_route=%2Fwp%2Fv2%2Fproduct_cat&post=3671"},{"taxonomy":"product_tag","embeddable":true,"href":"https:\/\/latelier-mouche.fr\/index.php?rest_route=%2Fwp%2Fv2%2Fproduct_tag&post=3671"}],"curies":[{"name":"wp","href":"https:\/\/api.w.org\/{rel}","templated":true}]}}