{"id":3621,"date":"2024-08-02T17:33:14","date_gmt":"2024-08-02T15:33:14","guid":{"rendered":"https:\/\/latelier-mouche.fr\/?post_type=product&#038;p=3621"},"modified":"2026-02-04T18:48:51","modified_gmt":"2026-02-04T17:48:51","slug":"arcane","status":"publish","type":"product","link":"https:\/\/latelier-mouche.fr\/?product=arcane","title":{"rendered":"Arcane"},"content":{"rendered":"<table>\n<thead>\n<tr>\n<th>Libell\u00e9<\/th>\n<th>R\u00e9f\u00e9rence<\/th>\n<th>Tarif<\/th>\n<th>Action<\/th>\n<th>Encombrement<br \/>\n(en cm)<\/th>\n<th>Longueur<br \/>\n(en cm)<\/th>\n<th>Poign\u00e9e<\/th>\n<th>Nombre d&rsquo;anneaux<\/th>\n<th>Coloris<\/th>\n<th>N\u00b0 Soie<br \/>\n(AFTMA)<\/th>\n<th>Mati\u00e8re<\/th>\n<th>Poids<br \/>\n(en gr)<\/th>\n<\/tr>\n<\/thead>\n<tbody>\n<tr>\n<td>Canne JMC Arcane 7&rsquo;6 Soie de 3 &#8211; 3 Brins<\/td>\n<td>JMGRK840076-3S3<\/td>\n<td>449\u00a0\u20ac<\/td>\n<td>Medium Fast<\/td>\n<td>80<\/td>\n<td>228<\/td>\n<td>Demi cigare<\/td>\n<td>9<\/td>\n<td>Gris fonc\u00e9<\/td>\n<td>#3<\/td>\n<td>Carbone<\/td>\n<td>73<\/td>\n<\/tr>\n<tr>\n<td>Canne JMC Arcane 8&rsquo;6 Soie de 4 &#8211; 4 Brins<\/td>\n<td>JMGRK840086-4S4<\/td>\n<td>449\u00a0\u20ac<\/td>\n<td>Medium Fast<\/td>\n<td>69<\/td>\n<td>258<\/td>\n<td>Cigare<\/td>\n<td>10<\/td>\n<td>Gris fonc\u00e9<\/td>\n<td>#4<\/td>\n<td>Carbone<\/td>\n<td>86<\/td>\n<\/tr>\n<tr>\n<td>Canne JMC Arcane 9&prime; Soie de 5 Medium Fast &#8211; 4 Brins<\/td>\n<td>JMGRK840090-4S5<\/td>\n<td>449\u00a0\u20ac<\/td>\n<td>Fast<\/td>\n<td>80<\/td>\n<td>274<\/td>\n<td>Tulipe Fine<\/td>\n<td>11<\/td>\n<td>Gris fonc\u00e9<\/td>\n<td>#5<\/td>\n<td>Carbone<\/td>\n<td>89<\/td>\n<\/tr>\n<tr>\n<td>Canne JMC Arcane 9&prime; Soie de 5 Fast &#8211; 4 Brins<\/td>\n<td>JMGRK840190-4S5<\/td>\n<td>449\u00a0\u20ac<\/td>\n<td>Medium Fast<\/td>\n<td>80<\/td>\n<td>274<\/td>\n<td>Tulipe Fine<\/td>\n<td>11<\/td>\n<td>Gris fonc\u00e9<\/td>\n<td>#5<\/td>\n<td>Carbone<\/td>\n<td>89<\/td>\n<\/tr>\n<tr>\n<td>Canne JMC Arcane 9&prime; Soie de 6 &#8211; 4 Brins<\/td>\n<td>JMGRK840090-4S6<\/td>\n<td>449\u00a0\u20ac<\/td>\n<td>Medium Fast<\/td>\n<td>80<\/td>\n<td>274<\/td>\n<td>Tulipe Fine<\/td>\n<td>11<\/td>\n<td>Gris fonc\u00e9<\/td>\n<td>#6<\/td>\n<td>Carbone<\/td>\n<td>95<\/td>\n<\/tr>\n<tr>\n<td>Canne JMC Arcane 10&prime; Soie de 4 &#8211; 4 Brins<\/td>\n<td>JMGRK840010-4S4<\/td>\n<td>449\u00a0\u20ac<\/td>\n<td>Medium Fast<\/td>\n<td>88<\/td>\n<td>305<\/td>\n<td>Tulipe Fine<\/td>\n<td>11<\/td>\n<td>Gris fonc\u00e9<\/td>\n<td>#4<\/td>\n<td>Carbone<\/td>\n<td>92<\/td>\n<\/tr>\n<tr>\n<td>Canne JMC Arcane 10&prime; Soie de 5 &#8211; 4 Brins<\/td>\n<td>JMGRK840010-4S5<\/td>\n<td>449\u00a0\u20ac<\/td>\n<td>Medium Fast<\/td>\n<td>88<\/td>\n<td>305<\/td>\n<td>Tulipe Fine<\/td>\n<td>11<\/td>\n<td>Gris fonc\u00e9<\/td>\n<td>#5<\/td>\n<td>Carbone<\/td>\n<td>94<\/td>\n<\/tr>\n<\/tbody>\n<\/table>\n","protected":false},"excerpt":{"rendered":"<p>&nbsp;<\/p>\n<div id=\"text_content\" class=\"content my-3\">\n<div id=\"text_content\" class=\"content my-3\"><\/div>\n<div id=\"text_presentation\" class=\"content my-3\">\n<div id=\"text_content\" class=\"content my-3\">\n<p>La s\u00e9rie de cannes Arcane est compos\u00e9e de 7 mod\u00e8les sp\u00e9cialement d\u00e9velopp\u00e9s pour la p\u00eache en rivi\u00e8re. Le design sobre et \u00e9l\u00e9gant ainsi que les actions sp\u00e9 \u2013 cifiques s\u00e9duiront sans aucun doute les sp\u00e9cialistes de p\u00eache en s\u00e8che ou nymphe \u00e0 vue. La combinaison de carbone 40\/46T renforc\u00e9e par une nano r\u00e9sine produit des blanks l\u00e9gers, \u00e9quili \u2013 br\u00e9s et extr\u00eamement r\u00e9actifs. Des composants de tr\u00e8s haute facture compl\u00e8tent un niveau de finition remarquable pour ce niveau de prix. Cette s\u00e9rie Arcane s\u2019adresse \u00e0 tous les profils de p\u00eacheurs et vient compl\u00e9ter \u00e0 merveille la s\u00e9rie Performer dans des longueurs et puissances conventionnelles.<\/p>\n<\/div>\n<div id=\"text_presentation\" class=\"content my-3\">\n<p>Action semi-rapide<br \/>\n\u2022 PoIgn\u00e9e li\u00e8ge 4A\/rubber cork<br \/>\n\u2022 carbone 40T\/R2<br \/>\n\u2022 Blank verni bleu nuit<br \/>\n\u2022 Anneaux de d\u00e9part SIC puis monopattes titane<br \/>\n\u2022 porte-moulinet alu usin\u00e9 insert carbone<br \/>\n\u2022 \u00e9tui cordura compartiment\u00e9<\/p>\n<\/div>\n<\/div>\n<\/div>\n","protected":false},"featured_media":3632,"comment_status":"closed","ping_status":"closed","template":"","meta":{"_monsterinsights_skip_tracking":false,"_monsterinsights_sitenote_active":false,"_monsterinsights_sitenote_note":"","_monsterinsights_sitenote_category":0,"site-sidebar-layout":"default","site-content-layout":"content-boxed-container","ast-global-header-display":"","ast-banner-title-visibility":"","ast-main-header-display":"","ast-hfb-above-header-display":"","ast-hfb-below-header-display":"","ast-hfb-mobile-header-display":"","site-post-title":"","ast-breadcrumbs-content":"","ast-featured-img":"","footer-sml-layout":"","theme-transparent-header-meta":"default","adv-header-id-meta":"","stick-header-meta":"","header-above-stick-meta":"","header-main-stick-meta":"","header-below-stick-meta":""},"product_cat":[60],"product_tag":[],"aioseo_notices":[],"_links":{"self":[{"href":"https:\/\/latelier-mouche.fr\/index.php?rest_route=\/wp\/v2\/product\/3621"}],"collection":[{"href":"https:\/\/latelier-mouche.fr\/index.php?rest_route=\/wp\/v2\/product"}],"about":[{"href":"https:\/\/latelier-mouche.fr\/index.php?rest_route=\/wp\/v2\/types\/product"}],"replies":[{"embeddable":true,"href":"https:\/\/latelier-mouche.fr\/index.php?rest_route=%2Fwp%2Fv2%2Fcomments&post=3621"}],"version-history":[{"count":2,"href":"https:\/\/latelier-mouche.fr\/index.php?rest_route=\/wp\/v2\/product\/3621\/revisions"}],"predecessor-version":[{"id":3640,"href":"https:\/\/latelier-mouche.fr\/index.php?rest_route=\/wp\/v2\/product\/3621\/revisions\/3640"}],"wp:featuredmedia":[{"embeddable":true,"href":"https:\/\/latelier-mouche.fr\/index.php?rest_route=\/wp\/v2\/media\/3632"}],"wp:attachment":[{"href":"https:\/\/latelier-mouche.fr\/index.php?rest_route=%2Fwp%2Fv2%2Fmedia&parent=3621"}],"wp:term":[{"taxonomy":"product_cat","embeddable":true,"href":"https:\/\/latelier-mouche.fr\/index.php?rest_route=%2Fwp%2Fv2%2Fproduct_cat&post=3621"},{"taxonomy":"product_tag","embeddable":true,"href":"https:\/\/latelier-mouche.fr\/index.php?rest_route=%2Fwp%2Fv2%2Fproduct_tag&post=3621"}],"curies":[{"name":"wp","href":"https:\/\/api.w.org\/{rel}","templated":true}]}}