{"id":3575,"date":"2024-08-02T14:46:25","date_gmt":"2024-08-02T12:46:25","guid":{"rendered":"https:\/\/latelier-mouche.fr\/?post_type=product&#038;p=3575"},"modified":"2025-10-29T11:23:59","modified_gmt":"2025-10-29T10:23:59","slug":"passion-g2","status":"publish","type":"product","link":"https:\/\/latelier-mouche.fr\/?product=passion-g2","title":{"rendered":"Passion G2"},"content":{"rendered":"<div id=\"variations\" class=\"row my-6\">\n<table>\n<thead>\n<tr>\n<th>Libell\u00e9<\/th>\n<th>R\u00e9f\u00e9rence<\/th>\n<th>Tarif<\/th>\n<th>Action<\/th>\n<th>Longueur<br \/>\n(en cm)<\/th>\n<th>Poign\u00e9e<\/th>\n<th>Nombre d&rsquo;anneaux<\/th>\n<th>Coloris<\/th>\n<th>N\u00b0 Soie<br \/>\n(AFTMA)<\/th>\n<th>Mati\u00e8re<\/th>\n<th>Poids<br \/>\n(en gr)<\/th>\n<\/tr>\n<\/thead>\n<tbody>\n<tr>\n<td>Canne JMC Passion G2 6&prime; #3\/4 -2 brins<\/td>\n<td>JMGRM8200060-2S4<\/td>\n<td>219\u00a0\u20ac<\/td>\n<td>Medium Fast<\/td>\n<td>183<\/td>\n<td>Cigare<\/td>\n<td>7<\/td>\n<td>Vert mat<\/td>\n<td>#3\/4<\/td>\n<td>Carbone<\/td>\n<td>56<\/td>\n<\/tr>\n<tr>\n<td>Canne JMC Passion G2 7&rsquo;6 #3\/4 &#8211; 3 brins<\/td>\n<td>JMGRM8200076-3S4<\/td>\n<td>219\u00a0\u20ac<\/td>\n<td>Medium Fast<\/td>\n<td>228<\/td>\n<td>Cigare<\/td>\n<td>8<\/td>\n<td>Vert mat<\/td>\n<td>#3\/4<\/td>\n<td>Carbone<\/td>\n<td>62<\/td>\n<\/tr>\n<tr>\n<td>Canne JMC Passion G2 9&prime; #4\/5 &#8211; 4 brins<\/td>\n<td>JMGRM8200090-4S5<\/td>\n<td>219\u00a0\u20ac<\/td>\n<td>Medium Fast<\/td>\n<td>274<\/td>\n<td>Cigare<\/td>\n<td>10<\/td>\n<td>Vert mat<\/td>\n<td>#4\/5<\/td>\n<td>Carbone<\/td>\n<td>83<\/td>\n<\/tr>\n<tr>\n<td>Canne JMC Passion G2 10&rsquo;6 #2\/3 &#8211; 4 brins<\/td>\n<td>JMGRM8200106-4S3<\/td>\n<td>219\u00a0\u20ac<\/td>\n<td>Medium Fast<\/td>\n<td>320<\/td>\n<td>Demi cigare + talon<\/td>\n<td>13<\/td>\n<td>Vert mat<\/td>\n<td>#2\/3<\/td>\n<td>Carbone<\/td>\n<td><\/td>\n<\/tr>\n<tr>\n<td>Canne JMC Passion G2 10&prime; #4\/5 &#8211; 4 brins<\/td>\n<td>JMGRM8200100-4S5<\/td>\n<td>219\u00a0\u20ac<\/td>\n<td>Medium Fast<\/td>\n<td>305<\/td>\n<td>Cigare<\/td>\n<td>11<\/td>\n<td>Vert mat<\/td>\n<td>#4\/5<\/td>\n<td>Carbone<\/td>\n<td>94<\/td>\n<\/tr>\n<tr>\n<td>Canne JMC Passion G2 11&prime; #3\/4 &#8211; 4 brins<\/td>\n<td>JMGRM8200110-4S4<\/td>\n<td>219\u00a0\u20ac<\/td>\n<td>Medium Fast<\/td>\n<td>335<\/td>\n<td>Demi cigare + talon<\/td>\n<td>13<\/td>\n<td>Vert mat<\/td>\n<td>#3\/4<\/td>\n<td>Carbone<\/td>\n<td><\/td>\n<\/tr>\n<\/tbody>\n<\/table>\n<\/div>\n<div class=\"row bg-gris_light mb-5\"><\/div>\n","protected":false},"excerpt":{"rendered":"<p>&nbsp;<\/p>\n<div id=\"text_content\" class=\"content my-3\"><\/div>\n<div id=\"text_presentation\" class=\"content my-3\">\n<div id=\"text_content\" class=\"content my-3\">\n<p>La canne JMC Passion G2 est la digne h\u00e9riti\u00e8re de la Passion qui, a \u00e9quip\u00e9 des milliers de p\u00eacheurs \u00e0 la mouche durant ces 5 belles ann\u00e9es d\u2019existence. Cette nouvelle version se veut plus moderne, tout en conservant l\u2019ADN des cannes Passion, qui se sont toujours d\u00e9marqu\u00e9es par un rapport qualit\u00e9\/prix exceptionnel. Cette gamme se compose de 4 mod\u00e8les \u00ab\u00a0s\u00e8che\u00a0\u00bb et 2 mod\u00e8les \u00ab\u00a0nymphe\u00a0\u00bb. Elle permet de balayer toutes les techniques de p\u00eache en rivi\u00e8re et d\u2019accompagner les p\u00eacheurs d\u00e9butants comme les p\u00eacheurs exp\u00e9riment\u00e9s.<\/p>\n<\/div>\n<div id=\"text_presentation\" class=\"content my-3\">\n<p>Action Medium \/fast<br \/>\n\u2022 Poign\u00e9e li\u00e8ge AAA<br \/>\n\u2022 blank carbone 36T Graphite II<br \/>\n\u2022 Blank vert mat<br \/>\n\u2022 ligatures ton sur ton<br \/>\n\u2022 Porte-moulinet alu skeleton Titanium<br \/>\n\u2022 Anneau de d\u00e9part micro guide puis monopates titanium<br \/>\n\u2022 Etui cordura et housse compartiment\u00e9e<\/p>\n<\/div>\n<\/div>\n","protected":false},"featured_media":3585,"comment_status":"closed","ping_status":"closed","template":"","meta":{"_monsterinsights_skip_tracking":false,"_monsterinsights_sitenote_active":false,"_monsterinsights_sitenote_note":"","_monsterinsights_sitenote_category":0,"site-sidebar-layout":"default","site-content-layout":"content-boxed-container","ast-global-header-display":"","ast-banner-title-visibility":"","ast-main-header-display":"","ast-hfb-above-header-display":"","ast-hfb-below-header-display":"","ast-hfb-mobile-header-display":"","site-post-title":"","ast-breadcrumbs-content":"","ast-featured-img":"","footer-sml-layout":"","theme-transparent-header-meta":"default","adv-header-id-meta":"","stick-header-meta":"","header-above-stick-meta":"","header-main-stick-meta":"","header-below-stick-meta":""},"product_cat":[60],"product_tag":[],"aioseo_notices":[],"_links":{"self":[{"href":"https:\/\/latelier-mouche.fr\/index.php?rest_route=\/wp\/v2\/product\/3575"}],"collection":[{"href":"https:\/\/latelier-mouche.fr\/index.php?rest_route=\/wp\/v2\/product"}],"about":[{"href":"https:\/\/latelier-mouche.fr\/index.php?rest_route=\/wp\/v2\/types\/product"}],"replies":[{"embeddable":true,"href":"https:\/\/latelier-mouche.fr\/index.php?rest_route=%2Fwp%2Fv2%2Fcomments&post=3575"}],"version-history":[{"count":2,"href":"https:\/\/latelier-mouche.fr\/index.php?rest_route=\/wp\/v2\/product\/3575\/revisions"}],"predecessor-version":[{"id":3589,"href":"https:\/\/latelier-mouche.fr\/index.php?rest_route=\/wp\/v2\/product\/3575\/revisions\/3589"}],"wp:featuredmedia":[{"embeddable":true,"href":"https:\/\/latelier-mouche.fr\/index.php?rest_route=\/wp\/v2\/media\/3585"}],"wp:attachment":[{"href":"https:\/\/latelier-mouche.fr\/index.php?rest_route=%2Fwp%2Fv2%2Fmedia&parent=3575"}],"wp:term":[{"taxonomy":"product_cat","embeddable":true,"href":"https:\/\/latelier-mouche.fr\/index.php?rest_route=%2Fwp%2Fv2%2Fproduct_cat&post=3575"},{"taxonomy":"product_tag","embeddable":true,"href":"https:\/\/latelier-mouche.fr\/index.php?rest_route=%2Fwp%2Fv2%2Fproduct_tag&post=3575"}],"curies":[{"name":"wp","href":"https:\/\/api.w.org\/{rel}","templated":true}]}}