{"id":3552,"date":"2024-08-02T14:16:17","date_gmt":"2024-08-02T12:16:17","guid":{"rendered":"https:\/\/latelier-mouche.fr\/?post_type=product&#038;p=3552"},"modified":"2024-08-02T14:19:04","modified_gmt":"2024-08-02T12:19:04","slug":"gilet-matix","status":"publish","type":"product","link":"https:\/\/latelier-mouche.fr\/?product=gilet-matix","title":{"rendered":"Gilet Matix"},"content":{"rendered":"","protected":false},"excerpt":{"rendered":"<p>&nbsp;<\/p>\n<div class=\"wpb_text_column wpb_content_element \">\n<div class=\"wpb_wrapper\">\n<p>Con\u00e7u en toile synth\u00e9tique d\u00e9perlante et respirante, le gilet\u00a0<strong>OVIV<\/strong>\u00a0est tr\u00e8s l\u00e9ger, tr\u00e8s confortable, et saura se faire oublier en action de p\u00eache. Il est muni de poches verticales facilitant grandement le rangement et l\u2019acc\u00e8s aux boites. Ce gilet se r\u00e9v\u00e8le d\u2019une fonctionnalit\u00e9 et d\u2019une fiabilit\u00e9 \u00e9tonnante.\u00a0<strong>Tr\u00e8s bon rapport qualit\u00e9 prix.<\/strong><\/p>\n<ul>\n<li><strong>Col et \u00e9paules renforc\u00e9s<\/strong><\/li>\n<li><strong>Doublure int\u00e9rieure en mesh<\/strong><\/li>\n<li><strong>2 anneaux frontaux porte-accessoires<\/strong><\/li>\n<li><strong>2 r\u00e9tractors porte-accessoires int\u00e9gr\u00e9s<\/strong><\/li>\n<li><strong>1 anneau dorsal porte-\u00e9puisette<\/strong><\/li>\n<li><strong>1 fly patch velcro KOWA DVX<\/strong><\/li>\n<li><strong>Fermeture frontale zipp\u00e9e<\/strong><\/li>\n<li><strong>2 poches verticales zipp\u00e9es : 13cm x 21cm x 3.50cm<\/strong><\/li>\n<li><strong>2 poches verticales zipp\u00e9es : 14.5cm x 11cm x 3.50<\/strong><\/li>\n<li><strong>2 poches int\u00e9rieures zipp\u00e9es : 16cm x 20cm<\/strong><\/li>\n<li><strong>1 grande poche dorsale zipp\u00e9e : 34cm x 23cm x 4.50cm<\/strong><\/li>\n<\/ul>\n<\/div>\n<\/div>\n","protected":false},"featured_media":3559,"comment_status":"closed","ping_status":"closed","template":"","meta":{"_monsterinsights_skip_tracking":false,"_monsterinsights_sitenote_active":false,"_monsterinsights_sitenote_note":"","_monsterinsights_sitenote_category":0,"site-sidebar-layout":"default","site-content-layout":"content-boxed-container","ast-global-header-display":"","ast-banner-title-visibility":"","ast-main-header-display":"","ast-hfb-above-header-display":"","ast-hfb-below-header-display":"","ast-hfb-mobile-header-display":"","site-post-title":"","ast-breadcrumbs-content":"","ast-featured-img":"","footer-sml-layout":"","theme-transparent-header-meta":"default","adv-header-id-meta":"","stick-header-meta":"","header-above-stick-meta":"","header-main-stick-meta":"","header-below-stick-meta":""},"product_cat":[57],"product_tag":[],"aioseo_notices":[],"_links":{"self":[{"href":"https:\/\/latelier-mouche.fr\/index.php?rest_route=\/wp\/v2\/product\/3552"}],"collection":[{"href":"https:\/\/latelier-mouche.fr\/index.php?rest_route=\/wp\/v2\/product"}],"about":[{"href":"https:\/\/latelier-mouche.fr\/index.php?rest_route=\/wp\/v2\/types\/product"}],"replies":[{"embeddable":true,"href":"https:\/\/latelier-mouche.fr\/index.php?rest_route=%2Fwp%2Fv2%2Fcomments&post=3552"}],"version-history":[{"count":1,"href":"https:\/\/latelier-mouche.fr\/index.php?rest_route=\/wp\/v2\/product\/3552\/revisions"}],"predecessor-version":[{"id":3561,"href":"https:\/\/latelier-mouche.fr\/index.php?rest_route=\/wp\/v2\/product\/3552\/revisions\/3561"}],"wp:featuredmedia":[{"embeddable":true,"href":"https:\/\/latelier-mouche.fr\/index.php?rest_route=\/wp\/v2\/media\/3559"}],"wp:attachment":[{"href":"https:\/\/latelier-mouche.fr\/index.php?rest_route=%2Fwp%2Fv2%2Fmedia&parent=3552"}],"wp:term":[{"taxonomy":"product_cat","embeddable":true,"href":"https:\/\/latelier-mouche.fr\/index.php?rest_route=%2Fwp%2Fv2%2Fproduct_cat&post=3552"},{"taxonomy":"product_tag","embeddable":true,"href":"https:\/\/latelier-mouche.fr\/index.php?rest_route=%2Fwp%2Fv2%2Fproduct_tag&post=3552"}],"curies":[{"name":"wp","href":"https:\/\/api.w.org\/{rel}","templated":true}]}}