{"id":3539,"date":"2024-08-02T14:03:49","date_gmt":"2024-08-02T12:03:49","guid":{"rendered":"https:\/\/latelier-mouche.fr\/?post_type=product&#038;p=3539"},"modified":"2024-08-02T14:07:48","modified_gmt":"2024-08-02T12:07:48","slug":"chest-pack-kowa-escapad","status":"publish","type":"product","link":"https:\/\/latelier-mouche.fr\/?product=chest-pack-kowa-escapad","title":{"rendered":"Chest Pack Kowa Escapad"},"content":{"rendered":"","protected":false},"excerpt":{"rendered":"<p>&nbsp;<\/p>\n<div class=\"wpb_text_column wpb_content_element \">\n<div class=\"wpb_wrapper\">\n<p>Le<strong>\u00a0CHEST PACK KOWA ESCAPAD<\/strong>\u00a0allie l\u00e9g\u00e8ret\u00e9, condens\u00e9 et efficacit\u00e9. Il a \u00e9t\u00e9 d\u00e9velopp\u00e9 pour apporter aux p\u00eacheurs un concentr\u00e9 technologique du\u00a0<strong>CHEST PACK KOWA<\/strong>. Acc\u00e8s rapide aux mat\u00e9riels, confortable il se fait oublier en action de p\u00eache. Les diff\u00e9rents points de fixation permettent de le porter soit \u00e0 la ceinture, soit sur les bretelles des waders. Un vrai atout pour les p\u00eacheurs qui souhaitent un faible encombrement et disposer de l\u2019essentiel pour une partie de p\u00eache.<\/p>\n<ul>\n<li><strong>1 poche zipp\u00e9e 22cm x 15cm x 5.5cm<\/strong><\/li>\n<li><strong>1 poche zipp\u00e9e 16cm x 12cm x 3.5cm<\/strong><\/li>\n<li><strong>2 poche int\u00e9rieures fi let 8cm x 10cm<\/strong><\/li>\n<li><strong>Deux boucles de fi xation waders<\/strong><\/li>\n<li><strong>Passant ceinture<\/strong><\/li>\n<li><strong>Un support velcro<\/strong><\/li>\n<li><strong>Un fly patch<\/strong><\/li>\n<li><strong>Deux supports accessoires aimant\u00e9s<\/strong><\/li>\n<li><strong>4 accroches accessoires<\/strong><\/li>\n<\/ul>\n<\/div>\n<\/div>\n","protected":false},"featured_media":3540,"comment_status":"closed","ping_status":"closed","template":"","meta":{"_monsterinsights_skip_tracking":false,"_monsterinsights_sitenote_active":false,"_monsterinsights_sitenote_note":"","_monsterinsights_sitenote_category":0,"site-sidebar-layout":"default","site-content-layout":"content-boxed-container","ast-global-header-display":"","ast-banner-title-visibility":"","ast-main-header-display":"","ast-hfb-above-header-display":"","ast-hfb-below-header-display":"","ast-hfb-mobile-header-display":"","site-post-title":"","ast-breadcrumbs-content":"","ast-featured-img":"","footer-sml-layout":"","theme-transparent-header-meta":"default","adv-header-id-meta":"","stick-header-meta":"","header-above-stick-meta":"","header-main-stick-meta":"","header-below-stick-meta":""},"product_cat":[57],"product_tag":[],"aioseo_notices":[],"_links":{"self":[{"href":"https:\/\/latelier-mouche.fr\/index.php?rest_route=\/wp\/v2\/product\/3539"}],"collection":[{"href":"https:\/\/latelier-mouche.fr\/index.php?rest_route=\/wp\/v2\/product"}],"about":[{"href":"https:\/\/latelier-mouche.fr\/index.php?rest_route=\/wp\/v2\/types\/product"}],"replies":[{"embeddable":true,"href":"https:\/\/latelier-mouche.fr\/index.php?rest_route=%2Fwp%2Fv2%2Fcomments&post=3539"}],"version-history":[{"count":1,"href":"https:\/\/latelier-mouche.fr\/index.php?rest_route=\/wp\/v2\/product\/3539\/revisions"}],"predecessor-version":[{"id":3541,"href":"https:\/\/latelier-mouche.fr\/index.php?rest_route=\/wp\/v2\/product\/3539\/revisions\/3541"}],"wp:featuredmedia":[{"embeddable":true,"href":"https:\/\/latelier-mouche.fr\/index.php?rest_route=\/wp\/v2\/media\/3540"}],"wp:attachment":[{"href":"https:\/\/latelier-mouche.fr\/index.php?rest_route=%2Fwp%2Fv2%2Fmedia&parent=3539"}],"wp:term":[{"taxonomy":"product_cat","embeddable":true,"href":"https:\/\/latelier-mouche.fr\/index.php?rest_route=%2Fwp%2Fv2%2Fproduct_cat&post=3539"},{"taxonomy":"product_tag","embeddable":true,"href":"https:\/\/latelier-mouche.fr\/index.php?rest_route=%2Fwp%2Fv2%2Fproduct_tag&post=3539"}],"curies":[{"name":"wp","href":"https:\/\/api.w.org\/{rel}","templated":true}]}}