{"id":3528,"date":"2024-08-02T00:07:57","date_gmt":"2024-08-01T22:07:57","guid":{"rendered":"https:\/\/latelier-mouche.fr\/?post_type=product&#038;p=3528"},"modified":"2024-08-02T00:10:32","modified_gmt":"2024-08-01T22:10:32","slug":"chaussures-rivland","status":"publish","type":"product","link":"https:\/\/latelier-mouche.fr\/?product=chaussures-rivland","title":{"rendered":"Chaussures Rivland"},"content":{"rendered":"","protected":false},"excerpt":{"rendered":"<p>&nbsp;<\/p>\n<div class=\"wpb_text_column wpb_content_element \">\n<div class=\"wpb_wrapper\">\n<p class=\"p1\">Cette chaussure a \u00e9t\u00e9 d\u00e9velopp\u00e9e pour pallier \u00e0 toutes les situations et \u00e9galement pour pouvoir voyager dans les sites qui interdisent les semelles feutres.Cette nouvelle semelle crant\u00e9e antid\u00e9rapante est enti\u00e8rement moul\u00e9e en RUBBER, elle assure un confort de marche et une tr\u00e8s bonne stabilit\u00e9. La tige de la chaussure est \u00e9quip\u00e9e de renfort et de coutures doubl\u00e9es. Le syst\u00e8me de la\u00e7age est tr\u00e8s confortable gr\u00e2ce aux crochets qui sont arrondis.<\/p>\n<p class=\"p1\"><em><strong>Le poids est de 590 et 660 gr en fonction de la taille.<\/strong><\/em><\/p>\n<\/div>\n<\/div>\n","protected":false},"featured_media":3537,"comment_status":"closed","ping_status":"closed","template":"","meta":{"_monsterinsights_skip_tracking":false,"_monsterinsights_sitenote_active":false,"_monsterinsights_sitenote_note":"","_monsterinsights_sitenote_category":0,"site-sidebar-layout":"default","site-content-layout":"content-boxed-container","ast-global-header-display":"","ast-banner-title-visibility":"","ast-main-header-display":"","ast-hfb-above-header-display":"","ast-hfb-below-header-display":"","ast-hfb-mobile-header-display":"","site-post-title":"","ast-breadcrumbs-content":"","ast-featured-img":"","footer-sml-layout":"","theme-transparent-header-meta":"default","adv-header-id-meta":"","stick-header-meta":"","header-above-stick-meta":"","header-main-stick-meta":"","header-below-stick-meta":""},"product_cat":[61],"product_tag":[],"aioseo_notices":[],"_links":{"self":[{"href":"https:\/\/latelier-mouche.fr\/index.php?rest_route=\/wp\/v2\/product\/3528"}],"collection":[{"href":"https:\/\/latelier-mouche.fr\/index.php?rest_route=\/wp\/v2\/product"}],"about":[{"href":"https:\/\/latelier-mouche.fr\/index.php?rest_route=\/wp\/v2\/types\/product"}],"replies":[{"embeddable":true,"href":"https:\/\/latelier-mouche.fr\/index.php?rest_route=%2Fwp%2Fv2%2Fcomments&post=3528"}],"version-history":[{"count":1,"href":"https:\/\/latelier-mouche.fr\/index.php?rest_route=\/wp\/v2\/product\/3528\/revisions"}],"predecessor-version":[{"id":3538,"href":"https:\/\/latelier-mouche.fr\/index.php?rest_route=\/wp\/v2\/product\/3528\/revisions\/3538"}],"wp:featuredmedia":[{"embeddable":true,"href":"https:\/\/latelier-mouche.fr\/index.php?rest_route=\/wp\/v2\/media\/3537"}],"wp:attachment":[{"href":"https:\/\/latelier-mouche.fr\/index.php?rest_route=%2Fwp%2Fv2%2Fmedia&parent=3528"}],"wp:term":[{"taxonomy":"product_cat","embeddable":true,"href":"https:\/\/latelier-mouche.fr\/index.php?rest_route=%2Fwp%2Fv2%2Fproduct_cat&post=3528"},{"taxonomy":"product_tag","embeddable":true,"href":"https:\/\/latelier-mouche.fr\/index.php?rest_route=%2Fwp%2Fv2%2Fproduct_tag&post=3528"}],"curies":[{"name":"wp","href":"https:\/\/api.w.org\/{rel}","templated":true}]}}