{"id":3517,"date":"2024-08-02T00:01:09","date_gmt":"2024-08-01T22:01:09","guid":{"rendered":"https:\/\/latelier-mouche.fr\/?post_type=product&#038;p=3517"},"modified":"2026-01-30T18:14:15","modified_gmt":"2026-01-30T17:14:15","slug":"chaussures-olriv-100","status":"publish","type":"product","link":"https:\/\/latelier-mouche.fr\/?product=chaussures-olriv-100","title":{"rendered":"Chaussures Olriv &lsquo;pro"},"content":{"rendered":"","protected":false},"excerpt":{"rendered":"<h3 data-start=\"184\" data-end=\"252\"><strong data-start=\"187\" data-end=\"252\">Chaussures de Wading OLRIV\u2019PRO Mouches Devaux<\/strong><\/h3>\n<div class=\"separator normal center \"><\/div>\n<p>Les\u00a0<strong data-start=\"258\" data-end=\"292\">Chaussures de wading OLRIV\u2019PRO<\/strong>\u00a0ont \u00e9t\u00e9 con\u00e7ues pour offrir performance, s\u00e9curit\u00e9 et confort dans tous les milieux aquatiques. Elles sont \u00e9quip\u00e9es des\u00a0<strong data-start=\"412\" data-end=\"450\">semelles mixtes OLRIV tout terrain<\/strong>, qui combinent \u00e0 la fois\u00a0<strong data-start=\"476\" data-end=\"488\">crampons<\/strong>\u00a0et\u00a0<strong data-start=\"492\" data-end=\"502\">feutre<\/strong>\u00a0afin d\u2019assurer une adh\u00e9rence optimale, quelle que soit la nature du fond ou des conditions rencontr\u00e9es.<\/p>\n<div class=\"separator normal center \"><\/div>\n<p>Ces chaussures techniques sont r\u00e9alis\u00e9es avec des\u00a0<strong data-start=\"658\" data-end=\"681\">mat\u00e9riaux innovants<\/strong>, dont le\u00a0<strong data-start=\"691\" data-end=\"698\">KPU<\/strong>, la mati\u00e8re principale de leur structure. Reconnu pour son exceptionnelle r\u00e9sistance aux frottements et aux chocs, il garantit une grande durabilit\u00e9 m\u00eame lors d\u2019usages intensifs.<br data-start=\"877\" data-end=\"880\" \/>Elles int\u00e8grent \u00e9galement de l\u2019<strong data-start=\"911\" data-end=\"922\">Hypalon<\/strong>, plac\u00e9 sur le cou-de-pied et la cheville, associ\u00e9 \u00e0 une\u00a0<strong data-start=\"979\" data-end=\"998\">tige tr\u00e8s haute<\/strong>\u00a0qui assure un maintien parfait, une stabilit\u00e9 renforc\u00e9e et une protection accrue contre les \u00e9l\u00e9ments.<\/p>\n<div class=\"separator normal center \"><\/div>\n<p>Pens\u00e9es pour les p\u00eacheurs exigeants, les OLRIV\u2019PRO apportent\u00a0<strong data-start=\"1163\" data-end=\"1209\">s\u00e9curit\u00e9, robustesse et un confort optimal<\/strong>, m\u00eame lors de longues sessions de wading. Leur poids varie de\u00a0<strong data-start=\"1272\" data-end=\"1307\">610 g \u00e0 890 g selon les tailles<\/strong>, offrant un excellent \u00e9quilibre entre l\u00e9g\u00e8ret\u00e9 et r\u00e9sistance.<\/p>\n","protected":false},"featured_media":5616,"comment_status":"closed","ping_status":"closed","template":"","meta":{"_monsterinsights_skip_tracking":false,"_monsterinsights_sitenote_active":false,"_monsterinsights_sitenote_note":"","_monsterinsights_sitenote_category":0,"site-sidebar-layout":"default","site-content-layout":"content-boxed-container","ast-global-header-display":"","ast-banner-title-visibility":"","ast-main-header-display":"","ast-hfb-above-header-display":"","ast-hfb-below-header-display":"","ast-hfb-mobile-header-display":"","site-post-title":"","ast-breadcrumbs-content":"","ast-featured-img":"","footer-sml-layout":"","theme-transparent-header-meta":"default","adv-header-id-meta":"","stick-header-meta":"","header-above-stick-meta":"","header-main-stick-meta":"","header-below-stick-meta":""},"product_cat":[61],"product_tag":[],"aioseo_notices":[],"_links":{"self":[{"href":"https:\/\/latelier-mouche.fr\/index.php?rest_route=\/wp\/v2\/product\/3517"}],"collection":[{"href":"https:\/\/latelier-mouche.fr\/index.php?rest_route=\/wp\/v2\/product"}],"about":[{"href":"https:\/\/latelier-mouche.fr\/index.php?rest_route=\/wp\/v2\/types\/product"}],"replies":[{"embeddable":true,"href":"https:\/\/latelier-mouche.fr\/index.php?rest_route=%2Fwp%2Fv2%2Fcomments&post=3517"}],"version-history":[{"count":4,"href":"https:\/\/latelier-mouche.fr\/index.php?rest_route=\/wp\/v2\/product\/3517\/revisions"}],"predecessor-version":[{"id":5631,"href":"https:\/\/latelier-mouche.fr\/index.php?rest_route=\/wp\/v2\/product\/3517\/revisions\/5631"}],"wp:featuredmedia":[{"embeddable":true,"href":"https:\/\/latelier-mouche.fr\/index.php?rest_route=\/wp\/v2\/media\/5616"}],"wp:attachment":[{"href":"https:\/\/latelier-mouche.fr\/index.php?rest_route=%2Fwp%2Fv2%2Fmedia&parent=3517"}],"wp:term":[{"taxonomy":"product_cat","embeddable":true,"href":"https:\/\/latelier-mouche.fr\/index.php?rest_route=%2Fwp%2Fv2%2Fproduct_cat&post=3517"},{"taxonomy":"product_tag","embeddable":true,"href":"https:\/\/latelier-mouche.fr\/index.php?rest_route=%2Fwp%2Fv2%2Fproduct_tag&post=3517"}],"curies":[{"name":"wp","href":"https:\/\/api.w.org\/{rel}","templated":true}]}}