{"id":3507,"date":"2024-08-01T23:57:02","date_gmt":"2024-08-01T21:57:02","guid":{"rendered":"https:\/\/latelier-mouche.fr\/?post_type=product&#038;p=3507"},"modified":"2024-08-01T23:59:48","modified_gmt":"2024-08-01T21:59:48","slug":"randofly-system","status":"publish","type":"product","link":"https:\/\/latelier-mouche.fr\/?product=randofly-system","title":{"rendered":"Rando&rsquo;Fly System"},"content":{"rendered":"","protected":false},"excerpt":{"rendered":"<p>&nbsp;<\/p>\n<div class=\"wpb_text_column wpb_content_element \">\n<div class=\"wpb_wrapper\"><\/div>\n<\/div>\n<div class=\"wpb_text_column wpb_content_element \">\n<div class=\"wpb_wrapper\">\n<p><strong>Rando\u2019Fly<\/strong>\u00a0<strong>une r\u00e9volution dans la chaussure de wading<\/strong>, con\u00e7ue pour tous les baroudeurs.<br \/>\nConfort, S\u00e9curit\u00e9, Maintien, Souplesse et L\u00e9g\u00e8ret\u00e9, on les oublierait presque.<br \/>\nUne nouvelle technologie pour la conception des\u00a0<strong>Rando\u2019Fly<\/strong>, nous les avons dot\u00e9es d\u2019une coque englobante issue d\u2019un moule par taille, pour offrir un maintien optimal tout en restant incroyablement l\u00e9g\u00e8res.\u00a0<strong>La conception de cette nouvelle coque, avec injection en KPU<\/strong>\u00a0nous a permis de\u00a0<strong>supprimer toutes les coutures sur 100% des surfaces<\/strong>\u00a0les plus expos\u00e9es au frottement. Le KPU est un polyur\u00e9thane thermoplastique qui offre plusieurs avantages, la l\u00e9g\u00e8ret\u00e9, la durabilit\u00e9, la flexibilit\u00e9 et la r\u00e9sistance \u00e0 l\u2019abrasion.\u00a0<strong>La tige renforc\u00e9e est en cuire synth\u00e9tique et Cordura 1200 D<\/strong>, parfaitement assembl\u00e9 pour un maintien complet de la cheville.\u00a0<strong>Chaque couture est doubl\u00e9e ou tripl\u00e9e avec encastrement dans un rainurage.<\/strong><br \/>\nLa semelle en caoutchouc est dot\u00e9e de crampons pour s\u2019adapter \u00e0 tous les types de terrains. Nous avons privil\u00e9gi\u00e9 confort, s\u00e9curit\u00e9, maintien et long\u00e9vit\u00e9, une vraie baroudeuse pour garantir des d\u00e9placements<br \/>\ndans toutes les situations, limitant ainsi la fatigue. Un but unique vous\u00a0<strong>permettre d\u2019explorer confortablement tous types de terrains,<\/strong>\u00a0m\u00eame les plus abrasifs. Nos tests nous ont pouss\u00e9s hors des sentiers battus pour \u00e9prouver sans compromis leur robustesse. Nos axes de d\u00e9veloppements ont \u00e9t\u00e9 confort et performance, pour que vous puissiez adopter ces chaussures de p\u00eache dans diff\u00e9rentes configurations, et repousser les limites de vos exp\u00e9riences.<\/p>\n<\/div>\n<\/div>\n","protected":false},"featured_media":3515,"comment_status":"closed","ping_status":"closed","template":"","meta":{"_monsterinsights_skip_tracking":false,"_monsterinsights_sitenote_active":false,"_monsterinsights_sitenote_note":"","_monsterinsights_sitenote_category":0,"site-sidebar-layout":"default","site-content-layout":"content-boxed-container","ast-global-header-display":"","ast-banner-title-visibility":"","ast-main-header-display":"","ast-hfb-above-header-display":"","ast-hfb-below-header-display":"","ast-hfb-mobile-header-display":"","site-post-title":"","ast-breadcrumbs-content":"","ast-featured-img":"","footer-sml-layout":"","theme-transparent-header-meta":"default","adv-header-id-meta":"","stick-header-meta":"","header-above-stick-meta":"","header-main-stick-meta":"","header-below-stick-meta":""},"product_cat":[61],"product_tag":[],"aioseo_notices":[],"_links":{"self":[{"href":"https:\/\/latelier-mouche.fr\/index.php?rest_route=\/wp\/v2\/product\/3507"}],"collection":[{"href":"https:\/\/latelier-mouche.fr\/index.php?rest_route=\/wp\/v2\/product"}],"about":[{"href":"https:\/\/latelier-mouche.fr\/index.php?rest_route=\/wp\/v2\/types\/product"}],"replies":[{"embeddable":true,"href":"https:\/\/latelier-mouche.fr\/index.php?rest_route=%2Fwp%2Fv2%2Fcomments&post=3507"}],"version-history":[{"count":1,"href":"https:\/\/latelier-mouche.fr\/index.php?rest_route=\/wp\/v2\/product\/3507\/revisions"}],"predecessor-version":[{"id":3516,"href":"https:\/\/latelier-mouche.fr\/index.php?rest_route=\/wp\/v2\/product\/3507\/revisions\/3516"}],"wp:featuredmedia":[{"embeddable":true,"href":"https:\/\/latelier-mouche.fr\/index.php?rest_route=\/wp\/v2\/media\/3515"}],"wp:attachment":[{"href":"https:\/\/latelier-mouche.fr\/index.php?rest_route=%2Fwp%2Fv2%2Fmedia&parent=3507"}],"wp:term":[{"taxonomy":"product_cat","embeddable":true,"href":"https:\/\/latelier-mouche.fr\/index.php?rest_route=%2Fwp%2Fv2%2Fproduct_cat&post=3507"},{"taxonomy":"product_tag","embeddable":true,"href":"https:\/\/latelier-mouche.fr\/index.php?rest_route=%2Fwp%2Fv2%2Fproduct_tag&post=3507"}],"curies":[{"name":"wp","href":"https:\/\/api.w.org\/{rel}","templated":true}]}}