{"id":3484,"date":"2024-08-01T23:15:30","date_gmt":"2024-08-01T21:15:30","guid":{"rendered":"https:\/\/latelier-mouche.fr\/?post_type=product&#038;p=3484"},"modified":"2024-11-18T21:35:05","modified_gmt":"2024-11-18T20:35:05","slug":"waders-800-zip","status":"publish","type":"product","link":"https:\/\/latelier-mouche.fr\/?product=waders-800-zip","title":{"rendered":"Waders 800 Zip"},"content":{"rendered":"","protected":false},"excerpt":{"rendered":"<p>&nbsp;<\/p>\n<div class=\"wpb_text_column wpb_content_element \">\n<div class=\"wpb_wrapper\">\n<h5>NOUVEAUT\u00c9 2024<\/h5>\n<\/div>\n<\/div>\n<div class=\"vc_empty_space\"><\/div>\n<div class=\"wpb_text_column wpb_content_element \">\n<div class=\"wpb_wrapper\">\n<p class=\"p1\">LLe waders 800 ZIP est issu de haute technologie en 3 et 4 couches avec une toile en nid d\u2019abeille, des coutures soud\u00e9es et renforc\u00e9es. Une membrane qui a une capacit\u00e9 d\u2019\u00e9vacuation d\u2019humidit\u00e9 pour augmenter le confort. (Imperm\u00e9abilit\u00e9 de 19500 mm et respirabilit\u00e9 de 6500 g\/m2 \/ 24h). La toile avec l\u2019aspect de nid d\u2019abeille est pour renforcer l\u2019usure au frottement, tout un offrant un look tr\u00e8s original.<\/p>\n<p class=\"p1\"><strong>Le WADERS 800ZIP est \u00e9quip\u00e9e :<\/strong><\/p>\n<ul>\n<li class=\"p1\"><strong>Fermeture centrale \u00e9tanche par un TIZIP 46 cm<\/strong><\/li>\n<li class=\"p1\"><strong>2 poches de 22 cm de haut et 16 cm de large<\/strong><\/li>\n<li class=\"p1\"><strong>2 anneaux pour fixer des accessoires ou le CHEST PACK ESCAPAD<\/strong><\/li>\n<li class=\"p1\"><strong>2 HYPALONS poitrine pour fixer les petits outils coupe fil<\/strong><\/li>\n<li class=\"p1\"><strong>1 HYPALON de chaque c\u00f4t\u00e9 du ZIP sur la poitrine, pour fixer les nouvelles poches POCK\u2019SYSTEM 100 et 200 qui sont en option (Page 20)<\/strong><\/li>\n<li class=\"p1\"><strong>1 ceinture 5 cm de large en mati\u00e8re semi \u00e9lastic<\/strong><\/li>\n<li class=\"p1\"><strong>Un syst\u00e8me de bretelle r\u00e9glable avec un support n\u00e9opr\u00e8ne tr\u00e8s confortable<\/strong><\/li>\n<li class=\"p1\"><strong>1 anneau sur les bretelles pour fixer une \u00e9puisette<\/strong><\/li>\n<li class=\"p1\"><strong>Gu\u00eatres en n\u00e9opr\u00e8ne tr\u00e8s dense<\/strong><\/li>\n<li class=\"p1\"><strong>Chausson n\u00e9opr\u00e8ne haute densit\u00e9<\/strong><\/li>\n<\/ul>\n<p>&nbsp;<\/p>\n<p><strong>COLORIS :\u00a0OLIVE CLAIRE<\/strong><\/p>\n<\/div>\n<\/div>\n","protected":false},"featured_media":3492,"comment_status":"closed","ping_status":"closed","template":"","meta":{"_monsterinsights_skip_tracking":false,"_monsterinsights_sitenote_active":false,"_monsterinsights_sitenote_note":"","_monsterinsights_sitenote_category":0,"site-sidebar-layout":"default","site-content-layout":"content-boxed-container","ast-global-header-display":"","ast-banner-title-visibility":"","ast-main-header-display":"","ast-hfb-above-header-display":"","ast-hfb-below-header-display":"","ast-hfb-mobile-header-display":"","site-post-title":"","ast-breadcrumbs-content":"","ast-featured-img":"","footer-sml-layout":"","theme-transparent-header-meta":"default","adv-header-id-meta":"","stick-header-meta":"","header-above-stick-meta":"","header-main-stick-meta":"","header-below-stick-meta":""},"product_cat":[61],"product_tag":[],"aioseo_notices":[],"_links":{"self":[{"href":"https:\/\/latelier-mouche.fr\/index.php?rest_route=\/wp\/v2\/product\/3484"}],"collection":[{"href":"https:\/\/latelier-mouche.fr\/index.php?rest_route=\/wp\/v2\/product"}],"about":[{"href":"https:\/\/latelier-mouche.fr\/index.php?rest_route=\/wp\/v2\/types\/product"}],"replies":[{"embeddable":true,"href":"https:\/\/latelier-mouche.fr\/index.php?rest_route=%2Fwp%2Fv2%2Fcomments&post=3484"}],"version-history":[{"count":1,"href":"https:\/\/latelier-mouche.fr\/index.php?rest_route=\/wp\/v2\/product\/3484\/revisions"}],"predecessor-version":[{"id":3496,"href":"https:\/\/latelier-mouche.fr\/index.php?rest_route=\/wp\/v2\/product\/3484\/revisions\/3496"}],"wp:featuredmedia":[{"embeddable":true,"href":"https:\/\/latelier-mouche.fr\/index.php?rest_route=\/wp\/v2\/media\/3492"}],"wp:attachment":[{"href":"https:\/\/latelier-mouche.fr\/index.php?rest_route=%2Fwp%2Fv2%2Fmedia&parent=3484"}],"wp:term":[{"taxonomy":"product_cat","embeddable":true,"href":"https:\/\/latelier-mouche.fr\/index.php?rest_route=%2Fwp%2Fv2%2Fproduct_cat&post=3484"},{"taxonomy":"product_tag","embeddable":true,"href":"https:\/\/latelier-mouche.fr\/index.php?rest_route=%2Fwp%2Fv2%2Fproduct_tag&post=3484"}],"curies":[{"name":"wp","href":"https:\/\/api.w.org\/{rel}","templated":true}]}}