{"id":3448,"date":"2024-08-01T22:47:45","date_gmt":"2024-08-01T20:47:45","guid":{"rendered":"https:\/\/latelier-mouche.fr\/?post_type=product&#038;p=3448"},"modified":"2024-11-18T21:31:02","modified_gmt":"2024-11-18T20:31:02","slug":"waders-zip-400","status":"publish","type":"product","link":"https:\/\/latelier-mouche.fr\/?product=waders-zip-400","title":{"rendered":"Waders Zip 400"},"content":{"rendered":"","protected":false},"excerpt":{"rendered":"<p>&nbsp;<\/p>\n<p class=\"p1\">La S\u00e9rie 400 est tr\u00e8s confortable de par sa confection et la mati\u00e8re. Elle est enti\u00e8rement r\u00e9alis\u00e9e en tissu respirant 3 et 4 couches de haute qualit\u00e9 de notre gamme HUMMIX (imperm\u00e9abilit\u00e9 de 16500mm et respirabilit\u00e9 de 4300g\/m2\/24h). Les coutures sont renforc\u00e9es sur la face int\u00e9rieure.<\/p>\n<p class=\"p1\">Les tailles sont ajust\u00e9es ainsi que sa coupe pour augmenter la mobilit\u00e9 et le plaisir de se d\u00e9placer.<\/p>\n<p class=\"p1\"><em><strong>Les chaussons sont en n\u00e9opr\u00e8ne renforc\u00e9.<\/strong><\/em><\/p>\n<p class=\"p1\"><em><strong>Les waders sont \u00e9quip\u00e9s de bretelles r\u00e9glables et \u00e9lastiques avec un syst\u00e8me de X dans le dos et d\u2019une poche ventrale de 30cm x 22cm avec ZIP verticale.<\/strong><\/em><\/p>\n<p class=\"p1\"><em><strong>Livr\u00e9 dans un sac de transport en filet.<\/strong><\/em><\/p>\n<p>&nbsp;<\/p>\n<p><strong>COLORIS :\u00a0OLIVE<\/strong><\/p>\n","protected":false},"featured_media":3456,"comment_status":"closed","ping_status":"closed","template":"","meta":{"_monsterinsights_skip_tracking":false,"_monsterinsights_sitenote_active":false,"_monsterinsights_sitenote_note":"","_monsterinsights_sitenote_category":0,"site-sidebar-layout":"default","site-content-layout":"content-boxed-container","ast-global-header-display":"","ast-banner-title-visibility":"","ast-main-header-display":"","ast-hfb-above-header-display":"","ast-hfb-below-header-display":"","ast-hfb-mobile-header-display":"","site-post-title":"","ast-breadcrumbs-content":"","ast-featured-img":"","footer-sml-layout":"","theme-transparent-header-meta":"default","adv-header-id-meta":"","stick-header-meta":"","header-above-stick-meta":"","header-main-stick-meta":"","header-below-stick-meta":""},"product_cat":[61],"product_tag":[],"aioseo_notices":[],"_links":{"self":[{"href":"https:\/\/latelier-mouche.fr\/index.php?rest_route=\/wp\/v2\/product\/3448"}],"collection":[{"href":"https:\/\/latelier-mouche.fr\/index.php?rest_route=\/wp\/v2\/product"}],"about":[{"href":"https:\/\/latelier-mouche.fr\/index.php?rest_route=\/wp\/v2\/types\/product"}],"replies":[{"embeddable":true,"href":"https:\/\/latelier-mouche.fr\/index.php?rest_route=%2Fwp%2Fv2%2Fcomments&post=3448"}],"version-history":[{"count":1,"href":"https:\/\/latelier-mouche.fr\/index.php?rest_route=\/wp\/v2\/product\/3448\/revisions"}],"predecessor-version":[{"id":3459,"href":"https:\/\/latelier-mouche.fr\/index.php?rest_route=\/wp\/v2\/product\/3448\/revisions\/3459"}],"wp:featuredmedia":[{"embeddable":true,"href":"https:\/\/latelier-mouche.fr\/index.php?rest_route=\/wp\/v2\/media\/3456"}],"wp:attachment":[{"href":"https:\/\/latelier-mouche.fr\/index.php?rest_route=%2Fwp%2Fv2%2Fmedia&parent=3448"}],"wp:term":[{"taxonomy":"product_cat","embeddable":true,"href":"https:\/\/latelier-mouche.fr\/index.php?rest_route=%2Fwp%2Fv2%2Fproduct_cat&post=3448"},{"taxonomy":"product_tag","embeddable":true,"href":"https:\/\/latelier-mouche.fr\/index.php?rest_route=%2Fwp%2Fv2%2Fproduct_tag&post=3448"}],"curies":[{"name":"wp","href":"https:\/\/api.w.org\/{rel}","templated":true}]}}