{"id":3427,"date":"2024-08-01T22:30:23","date_gmt":"2024-08-01T20:30:23","guid":{"rendered":"https:\/\/latelier-mouche.fr\/?post_type=product&#038;p=3427"},"modified":"2024-08-01T22:33:06","modified_gmt":"2024-08-01T20:33:06","slug":"pantalon-100","status":"publish","type":"product","link":"https:\/\/latelier-mouche.fr\/?product=pantalon-100","title":{"rendered":"Pantalon 100"},"content":{"rendered":"","protected":false},"excerpt":{"rendered":"<p>&nbsp;<\/p>\n<p>Enti\u00e8rement fabriqu\u00e9e en mati\u00e8re respirante HUMMIX (imperm\u00e9abilit\u00e9 de 12000 mm et respirabilit\u00e9 de 4000g\/m2\/24h), la s\u00e9rie DVX100 est l\u00e9g\u00e8re, fiable, confortable et d\u2019un rapport qualit\u00e9 incroyable. Les coutures sont plac\u00e9es sur l\u2019ext\u00e9rieur des jambes pour en augmenter la r\u00e9sistance et lui garantir une \u00e9tanch\u00e9it\u00e9 parfaite dans le temps. Leur coupe est droite et moderne pour vous offrir un confort optimal. Gu\u00eatres avec \u00e9lastique int\u00e9gr\u00e9. Chaussons<br \/>\nen n\u00e9opr\u00e8ne renforc\u00e9.\u00a0<strong>Livr\u00e9 dans un sac de transport en maille.<\/strong><\/p>\n<p>La ceinture fournie vous permettra d\u2019ajuster parfaitement le\u00a0<strong>pantalon DVX100<\/strong>\u00a0\u00e0 votre tour de taille. Tr\u00e8s confortable pour p\u00eacher en petites et moyennes rivi\u00e8res , ainsi que par forte chaleur.<br \/>\n<strong>COLORIS :\u00a0OLIVE<\/strong><\/p>\n","protected":false},"featured_media":3435,"comment_status":"closed","ping_status":"closed","template":"","meta":{"_monsterinsights_skip_tracking":false,"_monsterinsights_sitenote_active":false,"_monsterinsights_sitenote_note":"","_monsterinsights_sitenote_category":0,"site-sidebar-layout":"default","site-content-layout":"content-boxed-container","ast-global-header-display":"","ast-banner-title-visibility":"","ast-main-header-display":"","ast-hfb-above-header-display":"","ast-hfb-below-header-display":"","ast-hfb-mobile-header-display":"","site-post-title":"","ast-breadcrumbs-content":"","ast-featured-img":"","footer-sml-layout":"","theme-transparent-header-meta":"default","adv-header-id-meta":"","stick-header-meta":"","header-above-stick-meta":"","header-main-stick-meta":"","header-below-stick-meta":""},"product_cat":[61],"product_tag":[],"aioseo_notices":[],"_links":{"self":[{"href":"https:\/\/latelier-mouche.fr\/index.php?rest_route=\/wp\/v2\/product\/3427"}],"collection":[{"href":"https:\/\/latelier-mouche.fr\/index.php?rest_route=\/wp\/v2\/product"}],"about":[{"href":"https:\/\/latelier-mouche.fr\/index.php?rest_route=\/wp\/v2\/types\/product"}],"replies":[{"embeddable":true,"href":"https:\/\/latelier-mouche.fr\/index.php?rest_route=%2Fwp%2Fv2%2Fcomments&post=3427"}],"version-history":[{"count":1,"href":"https:\/\/latelier-mouche.fr\/index.php?rest_route=\/wp\/v2\/product\/3427\/revisions"}],"predecessor-version":[{"id":3436,"href":"https:\/\/latelier-mouche.fr\/index.php?rest_route=\/wp\/v2\/product\/3427\/revisions\/3436"}],"wp:featuredmedia":[{"embeddable":true,"href":"https:\/\/latelier-mouche.fr\/index.php?rest_route=\/wp\/v2\/media\/3435"}],"wp:attachment":[{"href":"https:\/\/latelier-mouche.fr\/index.php?rest_route=%2Fwp%2Fv2%2Fmedia&parent=3427"}],"wp:term":[{"taxonomy":"product_cat","embeddable":true,"href":"https:\/\/latelier-mouche.fr\/index.php?rest_route=%2Fwp%2Fv2%2Fproduct_cat&post=3427"},{"taxonomy":"product_tag","embeddable":true,"href":"https:\/\/latelier-mouche.fr\/index.php?rest_route=%2Fwp%2Fv2%2Fproduct_tag&post=3427"}],"curies":[{"name":"wp","href":"https:\/\/api.w.org\/{rel}","templated":true}]}}