{"id":3395,"date":"2024-08-01T21:59:49","date_gmt":"2024-08-01T19:59:49","guid":{"rendered":"https:\/\/latelier-mouche.fr\/?post_type=product&#038;p=3395"},"modified":"2024-08-01T22:01:36","modified_gmt":"2024-08-01T20:01:36","slug":"chest-pack-kowa-olfish","status":"publish","type":"product","link":"https:\/\/latelier-mouche.fr\/?product=chest-pack-kowa-olfish","title":{"rendered":"Chest Pack Kowa Olfish"},"content":{"rendered":"","protected":false},"excerpt":{"rendered":"<p>&nbsp;<\/p>\n<p>Le CHEST PACK KOWA OLFISH allie confort, l\u00e9g\u00e8ret\u00e9 et efficacit\u00e9.Il a \u00e9t\u00e9 d\u00e9velopp\u00e9 pour l\u2019ensemble des p\u00eacheurs baroudeurs, d\u2019une grande contenance, il peut accueillir tout le mat\u00e9riel dont vous avez besoin pour une journ\u00e9e de p\u00eache. Sa poche principale est modulable et peut contenir de grande bo\u00eete \u00e0 mouches, streamers et leurres. Son sac \u00e0 dos, amovible, peut loger une veste de pluie ou tout autres n\u00e9cessaires de p\u00eache. La qualit\u00e9 du\u00a0<strong>CHEST PACK KOWA OLFISH<\/strong>\u00a0est, comme l\u2019ensemble de la gamme\u00a0<strong>KOWA<\/strong>, in\u00e9galable.<\/p>\n<p><em><strong>Taille unique gr\u00e2ce \u00e0 son syst\u00e8me de sangles \u00e9lastiques et r\u00e9glables, il s\u2019adapte sur toutes les morphologies.<\/strong><\/em><\/p>\n<ul>\n<li><strong>Sangles matelass\u00e9es<\/strong><\/li>\n<li><strong>Un support velcro<\/strong><\/li>\n<li><strong>Un accroche mouche KOWA qui dispose de 2 fly patch<\/strong><\/li>\n<li><strong>6 boucles accessoires<\/strong><\/li>\n<li><strong>Deux supports accessoires aimant\u00e9s<\/strong><\/li>\n<li><strong>Une grande poche dorsale amovible l\u00e9g\u00e8re, matelass\u00e9e, a\u00e9r\u00e9e, zipp\u00e9e.<\/strong><\/li>\n<li><strong>Une boucle porte-manteau<\/strong><\/li>\n<li><strong>Une boucle porte-\u00e9puisette<\/strong><\/li>\n<li><strong>2 Syst\u00e8mes rapides par velcro pour fixer la canne ou une deuxi\u00e8me canne. 1 \u00e0 droite et 1 \u00e0 gauche.<\/strong><\/li>\n<li><strong>1 grande poche zipp\u00e9e 30cm x 22cm x 6cm<\/strong><\/li>\n<li><strong>1 poche zipp\u00e9e 30cm x 20cm x 4cm<\/strong><\/li>\n<li><strong>1 poche zipp\u00e9e 21cm x 14cm<\/strong><\/li>\n<li><strong>1 poche zipp\u00e9e int\u00e9rieur 18cm x 9.5cm<\/strong><\/li>\n<li><strong>2 poches filets int\u00e9rieur 14cm x 13cm<\/strong><\/li>\n<li><strong>1 s\u00e9paration int\u00e9rieur amovible par velcro<\/strong><\/li>\n<li><strong>1 poche dorsale extensible 43cm x 21cm<\/strong><\/li>\n<\/ul>\n","protected":false},"featured_media":3398,"comment_status":"closed","ping_status":"closed","template":"","meta":{"_monsterinsights_skip_tracking":false,"_monsterinsights_sitenote_active":false,"_monsterinsights_sitenote_note":"","_monsterinsights_sitenote_category":0,"site-sidebar-layout":"default","site-content-layout":"content-boxed-container","ast-global-header-display":"","ast-banner-title-visibility":"","ast-main-header-display":"","ast-hfb-above-header-display":"","ast-hfb-below-header-display":"","ast-hfb-mobile-header-display":"","site-post-title":"","ast-breadcrumbs-content":"","ast-featured-img":"","footer-sml-layout":"","theme-transparent-header-meta":"default","adv-header-id-meta":"","stick-header-meta":"","header-above-stick-meta":"","header-main-stick-meta":"","header-below-stick-meta":""},"product_cat":[57],"product_tag":[],"aioseo_notices":[],"_links":{"self":[{"href":"https:\/\/latelier-mouche.fr\/index.php?rest_route=\/wp\/v2\/product\/3395"}],"collection":[{"href":"https:\/\/latelier-mouche.fr\/index.php?rest_route=\/wp\/v2\/product"}],"about":[{"href":"https:\/\/latelier-mouche.fr\/index.php?rest_route=\/wp\/v2\/types\/product"}],"replies":[{"embeddable":true,"href":"https:\/\/latelier-mouche.fr\/index.php?rest_route=%2Fwp%2Fv2%2Fcomments&post=3395"}],"version-history":[{"count":1,"href":"https:\/\/latelier-mouche.fr\/index.php?rest_route=\/wp\/v2\/product\/3395\/revisions"}],"predecessor-version":[{"id":3401,"href":"https:\/\/latelier-mouche.fr\/index.php?rest_route=\/wp\/v2\/product\/3395\/revisions\/3401"}],"wp:featuredmedia":[{"embeddable":true,"href":"https:\/\/latelier-mouche.fr\/index.php?rest_route=\/wp\/v2\/media\/3398"}],"wp:attachment":[{"href":"https:\/\/latelier-mouche.fr\/index.php?rest_route=%2Fwp%2Fv2%2Fmedia&parent=3395"}],"wp:term":[{"taxonomy":"product_cat","embeddable":true,"href":"https:\/\/latelier-mouche.fr\/index.php?rest_route=%2Fwp%2Fv2%2Fproduct_cat&post=3395"},{"taxonomy":"product_tag","embeddable":true,"href":"https:\/\/latelier-mouche.fr\/index.php?rest_route=%2Fwp%2Fv2%2Fproduct_tag&post=3395"}],"curies":[{"name":"wp","href":"https:\/\/api.w.org\/{rel}","templated":true}]}}