{"id":3382,"date":"2024-08-01T19:49:33","date_gmt":"2024-08-01T17:49:33","guid":{"rendered":"https:\/\/latelier-mouche.fr\/?post_type=product&#038;p=3382"},"modified":"2026-02-04T18:47:26","modified_gmt":"2026-02-04T17:47:26","slug":"imersion","status":"publish","type":"product","link":"https:\/\/latelier-mouche.fr\/?product=imersion","title":{"rendered":"Imersion"},"content":{"rendered":"","protected":false},"excerpt":{"rendered":"<p>&nbsp;<\/p>\n<div id=\"text_content\" class=\"content my-3\">\n<p>La gamme JMC Imersion va tr\u00e8s certainement conqu\u00e9rir le c\u0153ur de nombreux p\u00eacheurs \u00e0 la mouche. Derri\u00e8re cette canne au design moderne, avec son blank anthracite mat et ses marquages cuivre et argent se cache un produit au rapport qualit\u00e9\/prix exceptionel qui n\u2019a aujourd\u2019hui pas d\u2019\u00e9gal sur le march\u00e9. En main, la poign\u00e9e li\u00e8ge Grade AA rubber cork et son action semi-rapide offrent des sensations de p\u00eache tr\u00e8s agr\u00e9ables pour une adaptation facilit\u00e9. La JMC Immersion accompagnera aussi bien les d\u00e9butants et p\u00eacheurs occasionnels que les pratiquants les plus assidus. La gamme compl\u00e8te est compos\u00e9e de cinq mod\u00e8les incontournables adapt\u00e9s aux principaux usages techniques de p\u00eache en eaux douces: rivi\u00e8re, s\u00e8che, nymphe, r\u00e9servoir, carnassier mais aussi Tenkara\u2026<\/p>\n<\/div>\n<div id=\"text_presentation\" class=\"content my-3\">\n<p>Action semi-rapide<br \/>\n\u2022 Poign\u00e9e li\u00e8ge Grade AA et rubber cork<br \/>\n\u2022 Carbone 30T<br \/>\n\u2022 Blank anthracite mat<br \/>\n\u2022 marquages cuivre et argent<br \/>\n\u2022 Porte Moulinet alu usin\u00e9 et insert carbone<br \/>\n\u2022 Anneaux de d\u00e9part SIC noir<br \/>\n\u2022 Anneaux monopattes noir<br \/>\n\u2022 Livr\u00e9 en tube cordura avec emplacement moulinet et housse tissu<\/p>\n<\/div>\n","protected":false},"featured_media":3385,"comment_status":"closed","ping_status":"closed","template":"","meta":{"_monsterinsights_skip_tracking":false,"_monsterinsights_sitenote_active":false,"_monsterinsights_sitenote_note":"","_monsterinsights_sitenote_category":0,"site-sidebar-layout":"default","site-content-layout":"content-boxed-container","ast-global-header-display":"","ast-banner-title-visibility":"","ast-main-header-display":"","ast-hfb-above-header-display":"","ast-hfb-below-header-display":"","ast-hfb-mobile-header-display":"","site-post-title":"","ast-breadcrumbs-content":"","ast-featured-img":"","footer-sml-layout":"","theme-transparent-header-meta":"default","adv-header-id-meta":"","stick-header-meta":"","header-above-stick-meta":"","header-main-stick-meta":"","header-below-stick-meta":""},"product_cat":[60],"product_tag":[],"aioseo_notices":[],"_links":{"self":[{"href":"https:\/\/latelier-mouche.fr\/index.php?rest_route=\/wp\/v2\/product\/3382"}],"collection":[{"href":"https:\/\/latelier-mouche.fr\/index.php?rest_route=\/wp\/v2\/product"}],"about":[{"href":"https:\/\/latelier-mouche.fr\/index.php?rest_route=\/wp\/v2\/types\/product"}],"replies":[{"embeddable":true,"href":"https:\/\/latelier-mouche.fr\/index.php?rest_route=%2Fwp%2Fv2%2Fcomments&post=3382"}],"version-history":[{"count":1,"href":"https:\/\/latelier-mouche.fr\/index.php?rest_route=\/wp\/v2\/product\/3382\/revisions"}],"predecessor-version":[{"id":3394,"href":"https:\/\/latelier-mouche.fr\/index.php?rest_route=\/wp\/v2\/product\/3382\/revisions\/3394"}],"wp:featuredmedia":[{"embeddable":true,"href":"https:\/\/latelier-mouche.fr\/index.php?rest_route=\/wp\/v2\/media\/3385"}],"wp:attachment":[{"href":"https:\/\/latelier-mouche.fr\/index.php?rest_route=%2Fwp%2Fv2%2Fmedia&parent=3382"}],"wp:term":[{"taxonomy":"product_cat","embeddable":true,"href":"https:\/\/latelier-mouche.fr\/index.php?rest_route=%2Fwp%2Fv2%2Fproduct_cat&post=3382"},{"taxonomy":"product_tag","embeddable":true,"href":"https:\/\/latelier-mouche.fr\/index.php?rest_route=%2Fwp%2Fv2%2Fproduct_tag&post=3382"}],"curies":[{"name":"wp","href":"https:\/\/api.w.org\/{rel}","templated":true}]}}