{"id":3348,"date":"2024-07-30T23:05:14","date_gmt":"2024-07-30T21:05:14","guid":{"rendered":"https:\/\/latelier-mouche.fr\/?post_type=product&#038;p=3348"},"modified":"2024-07-30T23:12:10","modified_gmt":"2024-07-30T21:12:10","slug":"chest-pack-kowa","status":"publish","type":"product","link":"https:\/\/latelier-mouche.fr\/?product=chest-pack-kowa","title":{"rendered":"Chest Pack Kowa"},"content":{"rendered":"","protected":false},"excerpt":{"rendered":"<p>&nbsp;<\/p>\n<div class=\"wpb_text_column wpb_content_element \">\n<div class=\"wpb_wrapper\">\n<p><strong>Le nouveau chest pack KOWA allie \u00e9quilibre, l\u00e9g\u00e8ret\u00e9 et efficacit\u00e9.<\/strong>\u00a0Ce Chest Pack a \u00e9t\u00e9 d\u00e9velopp\u00e9 pour apporter au p\u00eacheur, un confort surprenant et un acc\u00e8s tr\u00e8s rapide \u00e0 l\u2019ensemble de notre mat\u00e9riel. R\u00e9alis\u00e9 dans des mat\u00e9riaux qui allient l\u00e9g\u00e8ret\u00e9 et robustesse.<br \/>\nSa confection est d\u2019une qualit\u00e9 in\u00e9galable.\u00a0<strong>Taille unique gr\u00e2ce \u00e0 son syst\u00e8me de sangles \u00e9lastiques et r\u00e9glables, il s\u2019adapte sur toutes les morphologies.<\/strong><\/p>\n<ul>\n<li><strong>2 grandes poches zipp\u00e9es 21cm x 15cm x 5cm<\/strong><\/li>\n<li><strong>2 poches zipp\u00e9es 19cm x 12cm x 4cm<\/strong><\/li>\n<li><strong>2 poches zipp\u00e9es 10cm x 9cm<\/strong><\/li>\n<li><strong>2 poches fi let 14.5cm x 13.5cm<\/strong><\/li>\n<li><strong>1 poche dorsale extensible 43cm x 21cm<\/strong><\/li>\n<li><strong>Sangles matelass\u00e9es<\/strong><\/li>\n<li><strong>Deux supports velcro<\/strong><\/li>\n<li><strong>2 Syst\u00e8mes rapides par velcro pour fixer la canne ou une deuxi\u00e8me canne. 1 \u00e0 droite et 1 \u00e0 gauche.<\/strong><\/li>\n<li><strong>Un accroche mouches KOWA en portefeuille qui dispose de deux fly patch. Un pour les nymphes et un pour les s\u00e8ches et \u00e9mergentes.<\/strong><\/li>\n<li><strong>Deux supports accessoires aimant\u00e9s<\/strong><\/li>\n<li><strong>Cinq boucles pour fixer des outils<\/strong><\/li>\n<li><strong>Une boucle porte-\u00e9puisette<\/strong><\/li>\n<li><strong>Une boucle porte-manteau<\/strong><\/li>\n<\/ul>\n<p><strong>Le CHEST PACK KOWA, votre nouveau partenaire de p\u00eache<\/strong><\/p>\n<\/div>\n<\/div>\n<div class=\"vc_empty_space\"><\/div>\n<div class=\"wpb_text_column wpb_content_element \">\n<div class=\"wpb_wrapper\">\n<p class=\"p1\"><strong><span class=\"s1\">COLORIS :\u00a0<\/span>GRIS OU BRUN<\/strong><\/p>\n<\/div>\n<\/div>\n","protected":false},"featured_media":3349,"comment_status":"closed","ping_status":"closed","template":"","meta":{"_monsterinsights_skip_tracking":false,"_monsterinsights_sitenote_active":false,"_monsterinsights_sitenote_note":"","_monsterinsights_sitenote_category":0,"site-sidebar-layout":"default","site-content-layout":"content-boxed-container","ast-global-header-display":"","ast-banner-title-visibility":"","ast-main-header-display":"","ast-hfb-above-header-display":"","ast-hfb-below-header-display":"","ast-hfb-mobile-header-display":"","site-post-title":"","ast-breadcrumbs-content":"","ast-featured-img":"","footer-sml-layout":"","theme-transparent-header-meta":"default","adv-header-id-meta":"","stick-header-meta":"","header-above-stick-meta":"","header-main-stick-meta":"","header-below-stick-meta":""},"product_cat":[57],"product_tag":[],"aioseo_notices":[],"_links":{"self":[{"href":"https:\/\/latelier-mouche.fr\/index.php?rest_route=\/wp\/v2\/product\/3348"}],"collection":[{"href":"https:\/\/latelier-mouche.fr\/index.php?rest_route=\/wp\/v2\/product"}],"about":[{"href":"https:\/\/latelier-mouche.fr\/index.php?rest_route=\/wp\/v2\/types\/product"}],"replies":[{"embeddable":true,"href":"https:\/\/latelier-mouche.fr\/index.php?rest_route=%2Fwp%2Fv2%2Fcomments&post=3348"}],"version-history":[{"count":2,"href":"https:\/\/latelier-mouche.fr\/index.php?rest_route=\/wp\/v2\/product\/3348\/revisions"}],"predecessor-version":[{"id":3358,"href":"https:\/\/latelier-mouche.fr\/index.php?rest_route=\/wp\/v2\/product\/3348\/revisions\/3358"}],"wp:featuredmedia":[{"embeddable":true,"href":"https:\/\/latelier-mouche.fr\/index.php?rest_route=\/wp\/v2\/media\/3349"}],"wp:attachment":[{"href":"https:\/\/latelier-mouche.fr\/index.php?rest_route=%2Fwp%2Fv2%2Fmedia&parent=3348"}],"wp:term":[{"taxonomy":"product_cat","embeddable":true,"href":"https:\/\/latelier-mouche.fr\/index.php?rest_route=%2Fwp%2Fv2%2Fproduct_cat&post=3348"},{"taxonomy":"product_tag","embeddable":true,"href":"https:\/\/latelier-mouche.fr\/index.php?rest_route=%2Fwp%2Fv2%2Fproduct_tag&post=3348"}],"curies":[{"name":"wp","href":"https:\/\/api.w.org\/{rel}","templated":true}]}}