{"id":3277,"date":"2024-07-29T21:28:37","date_gmt":"2024-07-29T19:28:37","guid":{"rendered":"https:\/\/latelier-mouche.fr\/?post_type=product&#038;p=3277"},"modified":"2024-07-29T21:32:34","modified_gmt":"2024-07-29T19:32:34","slug":"soie-artcast","status":"publish","type":"product","link":"https:\/\/latelier-mouche.fr\/?product=soie-artcast","title":{"rendered":"Soie Artcast"},"content":{"rendered":"","protected":false},"excerpt":{"rendered":"<p>&nbsp;<\/p>\n<p>La ARTCAST + b\u00e9n\u00e9ficie des derni\u00e8res innovations mondiales dans le domaine de la fabrication des soies pour la p\u00eache \u00e0 la mouche. Cette nouvelle technologie incorpore des nanoparticules de t\u00e9flon dans son rev\u00eatement ce qui la rend totalement hydrophobe et lui conf\u00e8re une flottaison incroyable. Le nouveau proc\u00e9d\u00e9 d\u2019impr\u00e9gnation du rev\u00eatement lui conf\u00e8re une grande r\u00e9sistance \u00e0 l\u2019abrasion tout en limitant le c\u00f4t\u00e9 extensible, ce qui est id\u00e9al pour garder un contact permanent avec la soie dans toutes les conditions et par n\u2019importe quelle temp\u00e9rature. Cette soie est tr\u00e8s douce et fluide ce qui lui donne une tr\u00e8s bonne progressivit\u00e9 dans son d\u00e9ploiement. Le pro\ufb01 l WFT progressif se r\u00e9v\u00e8le tr\u00e8s agr\u00e9able \u00e0 courte comme \u00e0 longue distance tout en favorisant des pos\u00e9s d\u2019une grande discr\u00e9tion. Elle est d\u2019une grande polyvalence pour la p\u00eache en s\u00e8che et nymphe.<\/p>\n","protected":false},"featured_media":3287,"comment_status":"closed","ping_status":"closed","template":"","meta":{"_monsterinsights_skip_tracking":false,"_monsterinsights_sitenote_active":false,"_monsterinsights_sitenote_note":"","_monsterinsights_sitenote_category":0,"site-sidebar-layout":"default","site-content-layout":"content-boxed-container","ast-global-header-display":"","ast-banner-title-visibility":"","ast-main-header-display":"","ast-hfb-above-header-display":"","ast-hfb-below-header-display":"","ast-hfb-mobile-header-display":"","site-post-title":"","ast-breadcrumbs-content":"","ast-featured-img":"","footer-sml-layout":"","theme-transparent-header-meta":"default","adv-header-id-meta":"","stick-header-meta":"","header-above-stick-meta":"","header-main-stick-meta":"","header-below-stick-meta":""},"product_cat":[56],"product_tag":[],"aioseo_notices":[],"_links":{"self":[{"href":"https:\/\/latelier-mouche.fr\/index.php?rest_route=\/wp\/v2\/product\/3277"}],"collection":[{"href":"https:\/\/latelier-mouche.fr\/index.php?rest_route=\/wp\/v2\/product"}],"about":[{"href":"https:\/\/latelier-mouche.fr\/index.php?rest_route=\/wp\/v2\/types\/product"}],"replies":[{"embeddable":true,"href":"https:\/\/latelier-mouche.fr\/index.php?rest_route=%2Fwp%2Fv2%2Fcomments&post=3277"}],"version-history":[{"count":1,"href":"https:\/\/latelier-mouche.fr\/index.php?rest_route=\/wp\/v2\/product\/3277\/revisions"}],"predecessor-version":[{"id":3288,"href":"https:\/\/latelier-mouche.fr\/index.php?rest_route=\/wp\/v2\/product\/3277\/revisions\/3288"}],"wp:featuredmedia":[{"embeddable":true,"href":"https:\/\/latelier-mouche.fr\/index.php?rest_route=\/wp\/v2\/media\/3287"}],"wp:attachment":[{"href":"https:\/\/latelier-mouche.fr\/index.php?rest_route=%2Fwp%2Fv2%2Fmedia&parent=3277"}],"wp:term":[{"taxonomy":"product_cat","embeddable":true,"href":"https:\/\/latelier-mouche.fr\/index.php?rest_route=%2Fwp%2Fv2%2Fproduct_cat&post=3277"},{"taxonomy":"product_tag","embeddable":true,"href":"https:\/\/latelier-mouche.fr\/index.php?rest_route=%2Fwp%2Fv2%2Fproduct_tag&post=3277"}],"curies":[{"name":"wp","href":"https:\/\/api.w.org\/{rel}","templated":true}]}}