{"id":3264,"date":"2024-07-29T21:24:48","date_gmt":"2024-07-29T19:24:48","guid":{"rendered":"https:\/\/latelier-mouche.fr\/?post_type=product&#038;p=3264"},"modified":"2024-07-29T21:28:19","modified_gmt":"2024-07-29T19:28:19","slug":"soie-flyriv","status":"publish","type":"product","link":"https:\/\/latelier-mouche.fr\/?product=soie-flyriv","title":{"rendered":"Soie Flyriv TTP"},"content":{"rendered":"","protected":false},"excerpt":{"rendered":"<p>&nbsp;<\/p>\n<p>La soie ROYAL b\u00e9n\u00e9ficie de la nouvelle technologie incorporant des nanoparticules de t\u00e9flon dans son rev\u00eatement ce qui la rend totalement hydrophobe et lui donne une flottaison incroyable. Ce rev\u00eatement lui attribue \u00e9galement une tr\u00e8s bonne glisse ainsi qu\u2019une absence de m\u00e9moire. Le profil DTX propose une pointe plus longue et fine pour plus de discr\u00e9tion. Le profil WFT tr\u00e8s progressif se r\u00e9v\u00e8le tr\u00e8s agr\u00e9able \u00e0 courte comme \u00e0 longue distance tout en favorisant des pos\u00e9s d\u2019une grande discr\u00e9tion.<\/p>\n","protected":false},"featured_media":3274,"comment_status":"closed","ping_status":"closed","template":"","meta":{"_monsterinsights_skip_tracking":false,"_monsterinsights_sitenote_active":false,"_monsterinsights_sitenote_note":"","_monsterinsights_sitenote_category":0,"site-sidebar-layout":"default","site-content-layout":"content-boxed-container","ast-global-header-display":"","ast-banner-title-visibility":"","ast-main-header-display":"","ast-hfb-above-header-display":"","ast-hfb-below-header-display":"","ast-hfb-mobile-header-display":"","site-post-title":"","ast-breadcrumbs-content":"","ast-featured-img":"","footer-sml-layout":"","theme-transparent-header-meta":"default","adv-header-id-meta":"","stick-header-meta":"","header-above-stick-meta":"","header-main-stick-meta":"","header-below-stick-meta":""},"product_cat":[56],"product_tag":[],"aioseo_notices":[],"_links":{"self":[{"href":"https:\/\/latelier-mouche.fr\/index.php?rest_route=\/wp\/v2\/product\/3264"}],"collection":[{"href":"https:\/\/latelier-mouche.fr\/index.php?rest_route=\/wp\/v2\/product"}],"about":[{"href":"https:\/\/latelier-mouche.fr\/index.php?rest_route=\/wp\/v2\/types\/product"}],"replies":[{"embeddable":true,"href":"https:\/\/latelier-mouche.fr\/index.php?rest_route=%2Fwp%2Fv2%2Fcomments&post=3264"}],"version-history":[{"count":2,"href":"https:\/\/latelier-mouche.fr\/index.php?rest_route=\/wp\/v2\/product\/3264\/revisions"}],"predecessor-version":[{"id":3276,"href":"https:\/\/latelier-mouche.fr\/index.php?rest_route=\/wp\/v2\/product\/3264\/revisions\/3276"}],"wp:featuredmedia":[{"embeddable":true,"href":"https:\/\/latelier-mouche.fr\/index.php?rest_route=\/wp\/v2\/media\/3274"}],"wp:attachment":[{"href":"https:\/\/latelier-mouche.fr\/index.php?rest_route=%2Fwp%2Fv2%2Fmedia&parent=3264"}],"wp:term":[{"taxonomy":"product_cat","embeddable":true,"href":"https:\/\/latelier-mouche.fr\/index.php?rest_route=%2Fwp%2Fv2%2Fproduct_cat&post=3264"},{"taxonomy":"product_tag","embeddable":true,"href":"https:\/\/latelier-mouche.fr\/index.php?rest_route=%2Fwp%2Fv2%2Fproduct_tag&post=3264"}],"curies":[{"name":"wp","href":"https:\/\/api.w.org\/{rel}","templated":true}]}}