{"id":3207,"date":"2024-07-29T17:30:12","date_gmt":"2024-07-29T15:30:12","guid":{"rendered":"https:\/\/latelier-mouche.fr\/?post_type=product&#038;p=3207"},"modified":"2024-07-29T17:39:48","modified_gmt":"2024-07-29T15:39:48","slug":"d131","status":"publish","type":"product","link":"https:\/\/latelier-mouche.fr\/?product=d131","title":{"rendered":"D131"},"content":{"rendered":"","protected":false},"excerpt":{"rendered":"<p>&nbsp;<\/p>\n<p>R\u00e9alis\u00e9 en aluminium inject\u00e9, le moulinet large arbor\u00a0<strong>D131<\/strong>\u00a0est tr\u00e8s robuste et \u00e9quilibr\u00e9. C\u2019est un moulinet fiable et tr\u00e8s agr\u00e9able \u00e0 utiliser en action de p\u00eache de part son frein progressif crant\u00e9, pr\u00e9cis et puissant. Il conviendra parfaitement \u00e0 toutes vos p\u00eaches en rivi\u00e8re et en r\u00e9servoir.<\/p>\n<p><strong>R\u00e9versible droitier\/gaucher. COLORIS : NOIR MAT<\/strong><\/p>\n","protected":false},"featured_media":3217,"comment_status":"closed","ping_status":"closed","template":"","meta":{"_monsterinsights_skip_tracking":false,"_monsterinsights_sitenote_active":false,"_monsterinsights_sitenote_note":"","_monsterinsights_sitenote_category":0,"site-sidebar-layout":"default","site-content-layout":"content-boxed-container","ast-global-header-display":"","ast-banner-title-visibility":"","ast-main-header-display":"","ast-hfb-above-header-display":"","ast-hfb-below-header-display":"","ast-hfb-mobile-header-display":"","site-post-title":"","ast-breadcrumbs-content":"","ast-featured-img":"","footer-sml-layout":"","theme-transparent-header-meta":"default","adv-header-id-meta":"","stick-header-meta":"","header-above-stick-meta":"","header-main-stick-meta":"","header-below-stick-meta":""},"product_cat":[53],"product_tag":[],"aioseo_notices":[],"_links":{"self":[{"href":"https:\/\/latelier-mouche.fr\/index.php?rest_route=\/wp\/v2\/product\/3207"}],"collection":[{"href":"https:\/\/latelier-mouche.fr\/index.php?rest_route=\/wp\/v2\/product"}],"about":[{"href":"https:\/\/latelier-mouche.fr\/index.php?rest_route=\/wp\/v2\/types\/product"}],"replies":[{"embeddable":true,"href":"https:\/\/latelier-mouche.fr\/index.php?rest_route=%2Fwp%2Fv2%2Fcomments&post=3207"}],"version-history":[{"count":1,"href":"https:\/\/latelier-mouche.fr\/index.php?rest_route=\/wp\/v2\/product\/3207\/revisions"}],"predecessor-version":[{"id":3220,"href":"https:\/\/latelier-mouche.fr\/index.php?rest_route=\/wp\/v2\/product\/3207\/revisions\/3220"}],"wp:featuredmedia":[{"embeddable":true,"href":"https:\/\/latelier-mouche.fr\/index.php?rest_route=\/wp\/v2\/media\/3217"}],"wp:attachment":[{"href":"https:\/\/latelier-mouche.fr\/index.php?rest_route=%2Fwp%2Fv2%2Fmedia&parent=3207"}],"wp:term":[{"taxonomy":"product_cat","embeddable":true,"href":"https:\/\/latelier-mouche.fr\/index.php?rest_route=%2Fwp%2Fv2%2Fproduct_cat&post=3207"},{"taxonomy":"product_tag","embeddable":true,"href":"https:\/\/latelier-mouche.fr\/index.php?rest_route=%2Fwp%2Fv2%2Fproduct_tag&post=3207"}],"curies":[{"name":"wp","href":"https:\/\/api.w.org\/{rel}","templated":true}]}}