{"id":3179,"date":"2024-07-29T17:05:14","date_gmt":"2024-07-29T15:05:14","guid":{"rendered":"https:\/\/latelier-mouche.fr\/?post_type=product&#038;p=3179"},"modified":"2024-07-29T17:09:42","modified_gmt":"2024-07-29T15:09:42","slug":"serie-t80-signature","status":"publish","type":"product","link":"https:\/\/latelier-mouche.fr\/?product=serie-t80-signature","title":{"rendered":"S\u00e9rie T80 SIGNATURE"},"content":{"rendered":"","protected":false},"excerpt":{"rendered":"<p class=\"p1\">Chaque produit que nous d\u00e9veloppons est le fruit de nos recherches. L\u2019alliance parfaite de notre exp\u00e9rience, de vos besoins et des meilleures technologies disponibles sur le march\u00e9. Nous avons r\u00e9uni tous ces savoirs dans une nouvelle gamme de cannes de tr\u00e8s haute technologie baptis\u00e9e\u00a0<strong>T80 Signature<\/strong>.<\/p>\n<div class=\"separator normal center \"><\/div>\n<p class=\"p1\">Nous n\u2019avons recul\u00e9 devant aucun sacrifice pour cette nouvelle gamme\u00a0<strong>T80 Signature<\/strong>\u00a0en s\u00e9lectionnant pour vous ce qui se fait de mieux dans la technologie des carbones, le Graph\u00e8ne ! Qualifi\u00e9 de \u00ab mat\u00e9riau miracle \u00bb, il fait parti des plus l\u00e9gers d\u00e9couverts \u00e0 ce jour. Compos\u00e9 de carbone, ce mat\u00e9riau poss\u00e8de des propri\u00e9t\u00e9s physiques uniques, qui en font un \u00ab\u00a0<strong>des plus prometteurs pour les technologies du futur<\/strong>\u00a0\u00bb. Sa parfaite structure en nid d\u2019abeille compos\u00e9e d\u2019atomes de carbone fait de lui un mat\u00e9riau performant. Il est exploit\u00e9 pour sa faible densit\u00e9 et sa grande r\u00e9sistance permettant d\u2019obtenir des composants plus l\u00e9gers et plus solides.<\/p>\n<div class=\"separator normal center \"><\/div>\n<p class=\"p1\">Une seule prise en mains suffit pour appr\u00e9hender la l\u00e9g\u00e8ret\u00e9 et la tr\u00e8s haute performance de la s\u00e9rie\u00a0<strong>T80 Signature<\/strong>. L\u2019utilisation de cette nouvelle g\u00e9n\u00e9ration de carbone Graph\u00e8ne nous a contraint \u00e0 cr\u00e9er cette gamme de A \u00e0 Z, n\u00e9cessitant plusieurs centaines d\u2019heures de d\u00e9veloppements. Les tests r\u00e9alis\u00e9s par les meilleurs sp\u00e9cialistes qui nous entourent, ont permis de caract\u00e9riser et d\u2019affiner chacun des \u00e9l\u00e9ments qui composent la gamme, pour vous offrir une sensation in\u00e9dite. Une action progressive offrant un confort d\u2019utilisation remarquable que ce soit en s\u00e8che ou en nymphe surprendra chacun de ses nouveaux utilisateurs. Les caract\u00e9ristiques m\u00e9cano-physique du Graph\u00e8ne permettent d\u2019obtenir une transmission d\u2019\u00e9nergie alliant plaisir et confort d\u2019utilisation.<\/p>\n<div class=\"separator normal center \"><\/div>\n<p class=\"p1\"><strong>A son efficacit\u00e9, son extr\u00eame l\u00e9g\u00e8ret\u00e9 et son \u00e9quilibre, nous avons ajout\u00e9 l\u2019\u00e9l\u00e9gance.<\/strong><\/p>\n<ul>\n<li class=\"p1\"><strong>Porte moulinet en aluminium et bois pr\u00e9cieux, avec double bagues de serrage vers le bas pour la 9\u20199 et 10\u20198, et vissage vers le haut pour la 8\u20198<\/strong><\/li>\n<li class=\"p1\"><strong>Poign\u00e9e fine en li\u00e8ge grade AAA<\/strong><\/li>\n<li class=\"p1\"><strong>Talon en li\u00e8ge et mousse tr\u00e8s haute densit\u00e9 noire pour les mod\u00e8les 9\u20199 et 10\u20198.<\/strong><\/li>\n<li class=\"p1\"><strong>Mont\u00e9e avec un anneau de d\u00e9part sic et des anneaux monopattes RECOIL, qui sont d\u2019une technologie incroyable<\/strong><\/li>\n<li class=\"p1\"><strong>Les anneaux monopattes RECOIL sont tr\u00e8s l\u00e9gers, souples et \u00e0 m\u00e9moire de forme, ce qui signifie qu\u2019ils peuvent se coucher sur le blank<\/strong><\/li>\n<li class=\"p1\"><strong>et revenir en place instantan\u00e9ment sans endommager la canne<\/strong><\/li>\n<li class=\"p1\"><strong>Blank noir avec un vernis fin. Il est finement stri\u00e9 pour que le nylon ne colle pas sur la canne lors de la p\u00eache en nymphe au fil<\/strong><\/li>\n<li class=\"p1\"><strong>Un magnifique tube aluminium noir mat et sa housse de protection.<\/strong><\/li>\n<li class=\"p1\"><strong>Une housse compartiment\u00e9e pour ranger la canne \u00e0 l\u2019int\u00e9rieur<\/strong><\/li>\n<\/ul>\n","protected":false},"featured_media":3189,"comment_status":"closed","ping_status":"closed","template":"","meta":{"_monsterinsights_skip_tracking":false,"_monsterinsights_sitenote_active":false,"_monsterinsights_sitenote_note":"","_monsterinsights_sitenote_category":0,"site-sidebar-layout":"default","site-content-layout":"content-boxed-container","ast-global-header-display":"","ast-banner-title-visibility":"","ast-main-header-display":"","ast-hfb-above-header-display":"","ast-hfb-below-header-display":"","ast-hfb-mobile-header-display":"","site-post-title":"","ast-breadcrumbs-content":"","ast-featured-img":"","footer-sml-layout":"","theme-transparent-header-meta":"default","adv-header-id-meta":"","stick-header-meta":"","header-above-stick-meta":"","header-main-stick-meta":"","header-below-stick-meta":""},"product_cat":[51],"product_tag":[],"aioseo_notices":[],"_links":{"self":[{"href":"https:\/\/latelier-mouche.fr\/index.php?rest_route=\/wp\/v2\/product\/3179"}],"collection":[{"href":"https:\/\/latelier-mouche.fr\/index.php?rest_route=\/wp\/v2\/product"}],"about":[{"href":"https:\/\/latelier-mouche.fr\/index.php?rest_route=\/wp\/v2\/types\/product"}],"replies":[{"embeddable":true,"href":"https:\/\/latelier-mouche.fr\/index.php?rest_route=%2Fwp%2Fv2%2Fcomments&post=3179"}],"version-history":[{"count":3,"href":"https:\/\/latelier-mouche.fr\/index.php?rest_route=\/wp\/v2\/product\/3179\/revisions"}],"predecessor-version":[{"id":3192,"href":"https:\/\/latelier-mouche.fr\/index.php?rest_route=\/wp\/v2\/product\/3179\/revisions\/3192"}],"wp:featuredmedia":[{"embeddable":true,"href":"https:\/\/latelier-mouche.fr\/index.php?rest_route=\/wp\/v2\/media\/3189"}],"wp:attachment":[{"href":"https:\/\/latelier-mouche.fr\/index.php?rest_route=%2Fwp%2Fv2%2Fmedia&parent=3179"}],"wp:term":[{"taxonomy":"product_cat","embeddable":true,"href":"https:\/\/latelier-mouche.fr\/index.php?rest_route=%2Fwp%2Fv2%2Fproduct_cat&post=3179"},{"taxonomy":"product_tag","embeddable":true,"href":"https:\/\/latelier-mouche.fr\/index.php?rest_route=%2Fwp%2Fv2%2Fproduct_tag&post=3179"}],"curies":[{"name":"wp","href":"https:\/\/api.w.org\/{rel}","templated":true}]}}